{"id":1094,"date":"2019-08-26T15:29:38","date_gmt":"2019-08-26T15:29:38","guid":{"rendered":"http:\/\/new.fraserhickson.ca\/?page_id=1094"},"modified":"2025-07-16T11:10:25","modified_gmt":"2025-07-16T15:10:25","slug":"stephanie-lopraino-2","status":"publish","type":"page","link":"https:\/\/www.minibiblioplus.org\/index.php\/stephanie-lopraino-2\/","title":{"rendered":"Stephanie Lopraino"},"content":{"rendered":"\t\t<div data-elementor-type=\"wp-page\" data-elementor-id=\"1094\" class=\"elementor elementor-1094\" data-elementor-settings=\"[]\">\n\t\t\t\t\t\t<div class=\"elementor-inner\">\n\t\t\t\t\t\t\t<div class=\"elementor-section-wrap\">\n\t\t\t\t\t\t\t<section class=\"elementor-section elementor-top-section elementor-element elementor-element-91b900a elementor-section-boxed elementor-section-height-default elementor-section-height-default\" data-id=\"91b900a\" data-element_type=\"section\">\n\t\t\t\t\t\t<div class=\"elementor-container elementor-column-gap-default\">\n\t\t\t\t\t\t\t<div class=\"elementor-row\">\n\t\t\t\t\t<div class=\"elementor-column elementor-col-100 elementor-top-column elementor-element elementor-element-75cee46\" data-id=\"75cee46\" data-element_type=\"column\">\n\t\t\t<div class=\"elementor-column-wrap elementor-element-populated\">\n\t\t\t\t\t\t\t<div class=\"elementor-widget-wrap\">\n\t\t\t\t\t\t<div class=\"elementor-element elementor-element-5d9f9b7 elementor-widget elementor-widget-spacer\" data-id=\"5d9f9b7\" data-element_type=\"widget\" data-widget_type=\"spacer.default\">\n\t\t\t\t<div class=\"elementor-widget-container\">\n\t\t\t\t\t<div class=\"elementor-spacer\">\n\t\t\t<div class=\"elementor-spacer-inner\"><\/div>\n\t\t<\/div>\n\t\t\t\t<\/div>\n\t\t\t\t<\/div>\n\t\t\t\t\t\t<\/div>\n\t\t\t\t\t<\/div>\n\t\t<\/div>\n\t\t\t\t\t\t\t\t<\/div>\n\t\t\t\t\t<\/div>\n\t\t<\/section>\n\t\t\t\t<section class=\"elementor-section elementor-top-section elementor-element elementor-element-f279758 elementor-section-boxed elementor-section-height-default elementor-section-height-default\" data-id=\"f279758\" data-element_type=\"section\">\n\t\t\t\t\t\t<div class=\"elementor-container elementor-column-gap-wide\">\n\t\t\t\t\t\t\t<div class=\"elementor-row\">\n\t\t\t\t\t<div class=\"elementor-column elementor-col-50 elementor-top-column elementor-element elementor-element-4df1bf9\" data-id=\"4df1bf9\" data-element_type=\"column\">\n\t\t\t<div class=\"elementor-column-wrap elementor-element-populated\">\n\t\t\t\t\t\t\t<div class=\"elementor-widget-wrap\">\n\t\t\t\t\t\t<div class=\"elementor-element elementor-element-1a45234 elementor-widget elementor-widget-image\" data-id=\"1a45234\" data-element_type=\"widget\" data-widget_type=\"image.default\">\n\t\t\t\t<div class=\"elementor-widget-container\">\n\t\t\t\t\t\t\t\t<div class=\"elementor-image\">\n\t\t\t\t\t\t\t\t\t\t\t\t<img src=\"https:\/\/www.minibiblioplus.org\/wp-content\/uploads\/elementor\/thumbs\/Stephanie_OurTeam_website-ocntjs5n6jl4c0gukvjepe3d2eyje8y7oz7dq0e3q0.jpg\" title=\"Stephanie_OurTeam_website\" alt=\"Stephanie_OurTeam_website\" \/>\t\t\t\t\t\t\t\t\t\t\t\t\t\t<\/div>\n\t\t\t\t\t\t<\/div>\n\t\t\t\t<\/div>\n\t\t\t\t\t\t<\/div>\n\t\t\t\t\t<\/div>\n\t\t<\/div>\n\t\t\t\t<div class=\"elementor-column elementor-col-50 elementor-top-column elementor-element elementor-element-7972e45\" data-id=\"7972e45\" data-element_type=\"column\">\n\t\t\t<div class=\"elementor-column-wrap elementor-element-populated\">\n\t\t\t\t\t\t\t<div class=\"elementor-widget-wrap\">\n\t\t\t\t\t\t<div class=\"elementor-element elementor-element-b6174b6 elementor-widget elementor-widget-text-editor\" data-id=\"b6174b6\" data-element_type=\"widget\" data-widget_type=\"text-editor.default\">\n\t\t\t\t<div class=\"elementor-widget-container\">\n\t\t\t\t\t\t\t\t<div class=\"elementor-text-editor elementor-clearfix\">\n\t\t\t\t<p>Stephanie est titulaire d\u2019un baccalaur\u00e9at en \u00e9ducation de l\u2019Universit\u00e9 de Concordia. Elle est passionn\u00e9e par l&#8217;alphab\u00e9tisation depuis son enfance ce qui a jou\u00e9 un r\u00f4le cl\u00e9 dans ses m\u00e9thodes d&#8217;enseignement.\u00a0<\/p><p>Elle travaille avec enthousiasme \u00e0 cr\u00e9er de nouvelles relations avec des partenaires et collaborateurs pour notre cause. Son objectif est de promouvoir et de communiquer la mission et les valeurs du projet minibiblioPLUS. En faveur de l&#8217;alphab\u00e9tisation pr\u00e9coce, Stephanie dit : \u00ab Lisez \u00e0 vos tout-petits ! C\u2019est la chose la plus pr\u00e9cieuse que nous puissions faire pour nos enfants.<\/p><p style=\"text-align: justify;\"><a href=\"communications@minibiblioplus.org\">programmes@minibiblioplus.org<\/a>\u00a0\/ (514) 872-0517tout<\/p>\t\t\t\t\t<\/div>\n\t\t\t\t\t\t<\/div>\n\t\t\t\t<\/div>\n\t\t\t\t\t\t<\/div>\n\t\t\t\t\t<\/div>\n\t\t<\/div>\n\t\t\t\t\t\t\t\t<\/div>\n\t\t\t\t\t<\/div>\n\t\t<\/section>\n\t\t\t\t<section class=\"elementor-section elementor-top-section elementor-element elementor-element-3f85c3a elementor-section-boxed elementor-section-height-default elementor-section-height-default\" data-id=\"3f85c3a\" data-element_type=\"section\">\n\t\t\t\t\t\t<div class=\"elementor-container elementor-column-gap-default\">\n\t\t\t\t\t\t\t<div class=\"elementor-row\">\n\t\t\t\t\t<div class=\"elementor-column elementor-col-100 elementor-top-column elementor-element elementor-element-fa975e4\" data-id=\"fa975e4\" data-element_type=\"column\">\n\t\t\t<div class=\"elementor-column-wrap elementor-element-populated\">\n\t\t\t\t\t\t\t<div class=\"elementor-widget-wrap\">\n\t\t\t\t\t\t<div class=\"elementor-element elementor-element-e3c4e24 elementor-widget elementor-widget-spacer\" data-id=\"e3c4e24\" data-element_type=\"widget\" data-widget_type=\"spacer.default\">\n\t\t\t\t<div class=\"elementor-widget-container\">\n\t\t\t\t\t<div class=\"elementor-spacer\">\n\t\t\t<div class=\"elementor-spacer-inner\"><\/div>\n\t\t<\/div>\n\t\t\t\t<\/div>\n\t\t\t\t<\/div>\n\t\t\t\t\t\t<\/div>\n\t\t\t\t\t<\/div>\n\t\t<\/div>\n\t\t\t\t\t\t\t\t<\/div>\n\t\t\t\t\t<\/div>\n\t\t<\/section>\n\t\t\t\t\t\t<\/div>\n\t\t\t\t\t\t<\/div>\n\t\t\t\t\t<\/div>\n\t\t","protected":false},"excerpt":{"rendered":"<p>Stephanie est titulaire d\u2019un baccalaur\u00e9at en \u00e9ducation de l\u2019Universit\u00e9 de Concordia. Elle est passionn\u00e9e par l&#8217;alphab\u00e9tisation depuis son enfance ce qui a jou\u00e9 un r\u00f4le cl\u00e9 dans ses m\u00e9thodes d&#8217;enseignement.\u00a0 Elle travaille avec enthousiasme \u00e0 cr\u00e9er de nouvelles relations avec des partenaires et collaborateurs pour notre cause. Son objectif est de promouvoir et de communiquer la mission et les valeurs du projet minibiblioPLUS. En faveur de l&#8217;alphab\u00e9tisation pr\u00e9coce, Stephanie dit : \u00ab Lisez \u00e0 vos tout-petits ! C\u2019est la chose&hellip;<\/p>\n","protected":false},"author":1,"featured_media":0,"parent":0,"menu_order":0,"comment_status":"closed","ping_status":"closed","template":"","meta":{"om_disable_all_campaigns":false,"_monsterinsights_skip_tracking":false,"_monsterinsights_sitenote_active":false,"_monsterinsights_sitenote_note":"","_monsterinsights_sitenote_category":0},"aioseo_notices":[],"_links":{"self":[{"href":"https:\/\/www.minibiblioplus.org\/index.php\/wp-json\/wp\/v2\/pages\/1094"}],"collection":[{"href":"https:\/\/www.minibiblioplus.org\/index.php\/wp-json\/wp\/v2\/pages"}],"about":[{"href":"https:\/\/www.minibiblioplus.org\/index.php\/wp-json\/wp\/v2\/types\/page"}],"author":[{"embeddable":true,"href":"https:\/\/www.minibiblioplus.org\/index.php\/wp-json\/wp\/v2\/users\/1"}],"replies":[{"embeddable":true,"href":"https:\/\/www.minibiblioplus.org\/index.php\/wp-json\/wp\/v2\/comments?post=1094"}],"version-history":[{"count":21,"href":"https:\/\/www.minibiblioplus.org\/index.php\/wp-json\/wp\/v2\/pages\/1094\/revisions"}],"predecessor-version":[{"id":6905,"href":"https:\/\/www.minibiblioplus.org\/index.php\/wp-json\/wp\/v2\/pages\/1094\/revisions\/6905"}],"wp:attachment":[{"href":"https:\/\/www.minibiblioplus.org\/index.php\/wp-json\/wp\/v2\/media?parent=1094"}],"curies":[{"name":"wp","href":"https:\/\/api.w.org\/{rel}","templated":true}]}}