{"id":1113,"date":"2019-08-26T15:40:35","date_gmt":"2019-08-26T15:40:35","guid":{"rendered":"http:\/\/new.fraserhickson.ca\/?page_id=1113"},"modified":"2025-07-16T11:09:29","modified_gmt":"2025-07-16T15:09:29","slug":"marco-de-petrillo-2","status":"publish","type":"page","link":"https:\/\/www.minibiblioplus.org\/index.php\/marco-de-petrillo-2\/","title":{"rendered":"Marco De Petrillo"},"content":{"rendered":"\t\t<div data-elementor-type=\"wp-post\" data-elementor-id=\"1113\" class=\"elementor elementor-1113\" data-elementor-settings=\"[]\">\n\t\t\t\t\t\t<div class=\"elementor-inner\">\n\t\t\t\t\t\t\t<div class=\"elementor-section-wrap\">\n\t\t\t\t\t\t\t<section class=\"elementor-section elementor-top-section elementor-element elementor-element-fc4c1e8 elementor-section-boxed elementor-section-height-default elementor-section-height-default\" data-id=\"fc4c1e8\" data-element_type=\"section\">\n\t\t\t\t\t\t<div class=\"elementor-container elementor-column-gap-default\">\n\t\t\t\t\t\t\t<div class=\"elementor-row\">\n\t\t\t\t\t<div class=\"elementor-column elementor-col-100 elementor-top-column elementor-element elementor-element-913903c\" data-id=\"913903c\" data-element_type=\"column\">\n\t\t\t<div class=\"elementor-column-wrap elementor-element-populated\">\n\t\t\t\t\t\t\t<div class=\"elementor-widget-wrap\">\n\t\t\t\t\t\t<div class=\"elementor-element elementor-element-bf6231a elementor-widget elementor-widget-spacer\" data-id=\"bf6231a\" data-element_type=\"widget\" data-widget_type=\"spacer.default\">\n\t\t\t\t<div class=\"elementor-widget-container\">\n\t\t\t\t\t<div class=\"elementor-spacer\">\n\t\t\t<div class=\"elementor-spacer-inner\"><\/div>\n\t\t<\/div>\n\t\t\t\t<\/div>\n\t\t\t\t<\/div>\n\t\t\t\t\t\t<\/div>\n\t\t\t\t\t<\/div>\n\t\t<\/div>\n\t\t\t\t\t\t\t\t<\/div>\n\t\t\t\t\t<\/div>\n\t\t<\/section>\n\t\t\t\t<section class=\"elementor-section elementor-top-section elementor-element elementor-element-5a95100 elementor-section-boxed elementor-section-height-default elementor-section-height-default\" data-id=\"5a95100\" data-element_type=\"section\">\n\t\t\t\t\t\t<div class=\"elementor-container elementor-column-gap-wide\">\n\t\t\t\t\t\t\t<div class=\"elementor-row\">\n\t\t\t\t\t<div class=\"elementor-column elementor-col-50 elementor-top-column elementor-element elementor-element-d434725\" data-id=\"d434725\" data-element_type=\"column\">\n\t\t\t<div class=\"elementor-column-wrap elementor-element-populated\">\n\t\t\t\t\t\t\t<div class=\"elementor-widget-wrap\">\n\t\t\t\t\t\t<div class=\"elementor-element elementor-element-5c4a03a elementor-widget elementor-widget-image\" data-id=\"5c4a03a\" data-element_type=\"widget\" data-widget_type=\"image.default\">\n\t\t\t\t<div class=\"elementor-widget-container\">\n\t\t\t\t\t\t\t\t<div class=\"elementor-image\">\n\t\t\t\t\t\t\t\t\t\t\t\t<img width=\"2560\" height=\"1920\" src=\"https:\/\/www.minibiblioplus.org\/wp-content\/uploads\/2021\/04\/MARCO-PXL_20210406_202316818-002-1-scaled.jpg\" class=\"attachment-full size-full\" alt=\"\" loading=\"lazy\" srcset=\"https:\/\/www.minibiblioplus.org\/wp-content\/uploads\/2021\/04\/MARCO-PXL_20210406_202316818-002-1-scaled.jpg 2560w, https:\/\/www.minibiblioplus.org\/wp-content\/uploads\/2021\/04\/MARCO-PXL_20210406_202316818-002-1-300x225.jpg 300w, https:\/\/www.minibiblioplus.org\/wp-content\/uploads\/2021\/04\/MARCO-PXL_20210406_202316818-002-1-1024x768.jpg 1024w, https:\/\/www.minibiblioplus.org\/wp-content\/uploads\/2021\/04\/MARCO-PXL_20210406_202316818-002-1-768x576.jpg 768w, https:\/\/www.minibiblioplus.org\/wp-content\/uploads\/2021\/04\/MARCO-PXL_20210406_202316818-002-1-1536x1152.jpg 1536w, https:\/\/www.minibiblioplus.org\/wp-content\/uploads\/2021\/04\/MARCO-PXL_20210406_202316818-002-1-2048x1536.jpg 2048w\" sizes=\"(max-width: 2560px) 100vw, 2560px\" \/>\t\t\t\t\t\t\t\t\t\t\t\t\t\t<\/div>\n\t\t\t\t\t\t<\/div>\n\t\t\t\t<\/div>\n\t\t\t\t\t\t<\/div>\n\t\t\t\t\t<\/div>\n\t\t<\/div>\n\t\t\t\t<div class=\"elementor-column elementor-col-50 elementor-top-column elementor-element elementor-element-2b66d34\" data-id=\"2b66d34\" data-element_type=\"column\">\n\t\t\t<div class=\"elementor-column-wrap elementor-element-populated\">\n\t\t\t\t\t\t\t<div class=\"elementor-widget-wrap\">\n\t\t\t\t\t\t<div class=\"elementor-element elementor-element-2817bcc elementor-widget elementor-widget-text-editor\" data-id=\"2817bcc\" data-element_type=\"widget\" data-widget_type=\"text-editor.default\">\n\t\t\t\t<div class=\"elementor-widget-container\">\n\t\t\t\t\t\t\t\t<div class=\"elementor-text-editor elementor-clearfix\">\n\t\t\t\t<p class=\"MsoNoSpacing\"><span style=\"font-size: 12pt;\">Marco a r\u00e9cemment obtenu sa ma\u00eetrise en biblioth\u00e9conomie et sciences de l&#8217;information \u00e0 l&#8217;Universit\u00e9 McGill. Il apporte sa passion pour les livres comme outils d&#8217;apprentissage \u00e0 notre \u00e9quipe et se consacre \u00e0 rendre les meilleurs livres attrayants et accessibles aux enfants et aux jeunes de la communaut\u00e9 en servant nos partenaires.<\/span>\u00a0<\/p><p class=\"MsoNoSpacing\"><span style=\"font-size: 12pt;\">Son objectif est de s\u2019assurer que nos partenaires re\u00e7oivent les livres les plus appropri\u00e9s et int\u00e9ressants pour leur public.<\/span><\/p><p style=\"text-align: justify;\"><a href=\"mailto:biblio@minibiblioplus.org\">biblio@minibiblioplus.org<\/a><\/p>\t\t\t\t\t<\/div>\n\t\t\t\t\t\t<\/div>\n\t\t\t\t<\/div>\n\t\t\t\t\t\t<\/div>\n\t\t\t\t\t<\/div>\n\t\t<\/div>\n\t\t\t\t\t\t\t\t<\/div>\n\t\t\t\t\t<\/div>\n\t\t<\/section>\n\t\t\t\t<section class=\"elementor-section elementor-top-section elementor-element elementor-element-3025cbe elementor-section-boxed elementor-section-height-default elementor-section-height-default\" data-id=\"3025cbe\" data-element_type=\"section\">\n\t\t\t\t\t\t<div class=\"elementor-container elementor-column-gap-default\">\n\t\t\t\t\t\t\t<div class=\"elementor-row\">\n\t\t\t\t\t<div class=\"elementor-column elementor-col-100 elementor-top-column elementor-element elementor-element-78980a7\" data-id=\"78980a7\" data-element_type=\"column\">\n\t\t\t<div class=\"elementor-column-wrap elementor-element-populated\">\n\t\t\t\t\t\t\t<div class=\"elementor-widget-wrap\">\n\t\t\t\t\t\t<div class=\"elementor-element elementor-element-c912f90 elementor-widget elementor-widget-spacer\" data-id=\"c912f90\" data-element_type=\"widget\" data-widget_type=\"spacer.default\">\n\t\t\t\t<div class=\"elementor-widget-container\">\n\t\t\t\t\t<div class=\"elementor-spacer\">\n\t\t\t<div class=\"elementor-spacer-inner\"><\/div>\n\t\t<\/div>\n\t\t\t\t<\/div>\n\t\t\t\t<\/div>\n\t\t\t\t\t\t<\/div>\n\t\t\t\t\t<\/div>\n\t\t<\/div>\n\t\t\t\t\t\t\t\t<\/div>\n\t\t\t\t\t<\/div>\n\t\t<\/section>\n\t\t\t\t\t\t<\/div>\n\t\t\t\t\t\t<\/div>\n\t\t\t\t\t<\/div>\n\t\t","protected":false},"excerpt":{"rendered":"<p>Marco a r\u00e9cemment obtenu sa ma\u00eetrise en biblioth\u00e9conomie et sciences de l&#8217;information \u00e0 l&#8217;Universit\u00e9 McGill. Il apporte sa passion pour les livres comme outils d&#8217;apprentissage \u00e0 notre \u00e9quipe et se consacre \u00e0 rendre les meilleurs livres attrayants et accessibles aux enfants et aux jeunes de la communaut\u00e9 en servant nos partenaires.\u00a0 Son objectif est de s\u2019assurer que nos partenaires re\u00e7oivent les livres les plus appropri\u00e9s et int\u00e9ressants pour leur public. biblio@minibiblioplus.org<\/p>\n","protected":false},"author":1,"featured_media":0,"parent":0,"menu_order":0,"comment_status":"closed","ping_status":"closed","template":"","meta":{"om_disable_all_campaigns":false,"_monsterinsights_skip_tracking":false,"_monsterinsights_sitenote_active":false,"_monsterinsights_sitenote_note":"","_monsterinsights_sitenote_category":0},"aioseo_notices":[],"_links":{"self":[{"href":"https:\/\/www.minibiblioplus.org\/index.php\/wp-json\/wp\/v2\/pages\/1113"}],"collection":[{"href":"https:\/\/www.minibiblioplus.org\/index.php\/wp-json\/wp\/v2\/pages"}],"about":[{"href":"https:\/\/www.minibiblioplus.org\/index.php\/wp-json\/wp\/v2\/types\/page"}],"author":[{"embeddable":true,"href":"https:\/\/www.minibiblioplus.org\/index.php\/wp-json\/wp\/v2\/users\/1"}],"replies":[{"embeddable":true,"href":"https:\/\/www.minibiblioplus.org\/index.php\/wp-json\/wp\/v2\/comments?post=1113"}],"version-history":[{"count":6,"href":"https:\/\/www.minibiblioplus.org\/index.php\/wp-json\/wp\/v2\/pages\/1113\/revisions"}],"predecessor-version":[{"id":6902,"href":"https:\/\/www.minibiblioplus.org\/index.php\/wp-json\/wp\/v2\/pages\/1113\/revisions\/6902"}],"wp:attachment":[{"href":"https:\/\/www.minibiblioplus.org\/index.php\/wp-json\/wp\/v2\/media?parent=1113"}],"curies":[{"name":"wp","href":"https:\/\/api.w.org\/{rel}","templated":true}]}}