{"id":1689,"date":"2019-10-22T18:37:48","date_gmt":"2019-10-22T18:37:48","guid":{"rendered":"http:\/\/minibiblioplus.org\/?page_id=1689"},"modified":"2025-07-16T11:07:17","modified_gmt":"2025-07-16T15:07:17","slug":"asha-dixit","status":"publish","type":"page","link":"https:\/\/www.minibiblioplus.org\/index.php\/asha-dixit\/","title":{"rendered":"Asha Dixit"},"content":{"rendered":"\t\t<div data-elementor-type=\"wp-page\" data-elementor-id=\"1689\" class=\"elementor elementor-1689\" data-elementor-settings=\"[]\">\n\t\t\t\t\t\t<div class=\"elementor-inner\">\n\t\t\t\t\t\t\t<div class=\"elementor-section-wrap\">\n\t\t\t\t\t\t\t<section class=\"elementor-section elementor-top-section elementor-element elementor-element-c35c582 elementor-section-boxed elementor-section-height-default elementor-section-height-default\" data-id=\"c35c582\" data-element_type=\"section\">\n\t\t\t\t\t\t<div class=\"elementor-container elementor-column-gap-default\">\n\t\t\t\t\t\t\t<div class=\"elementor-row\">\n\t\t\t\t\t<div class=\"elementor-column elementor-col-33 elementor-top-column elementor-element elementor-element-ce59930\" data-id=\"ce59930\" data-element_type=\"column\">\n\t\t\t<div class=\"elementor-column-wrap\">\n\t\t\t\t\t\t\t<div class=\"elementor-widget-wrap\">\n\t\t\t\t\t\t\t\t<\/div>\n\t\t\t\t\t<\/div>\n\t\t<\/div>\n\t\t\t\t<div class=\"elementor-column elementor-col-66 elementor-top-column elementor-element elementor-element-1ae80d4\" data-id=\"1ae80d4\" data-element_type=\"column\">\n\t\t\t<div class=\"elementor-column-wrap\">\n\t\t\t\t\t\t\t<div class=\"elementor-widget-wrap\">\n\t\t\t\t\t\t\t\t<\/div>\n\t\t\t\t\t<\/div>\n\t\t<\/div>\n\t\t\t\t\t\t\t\t<\/div>\n\t\t\t\t\t<\/div>\n\t\t<\/section>\n\t\t\t\t<section class=\"elementor-section elementor-top-section elementor-element elementor-element-2a8e89b1 elementor-section-boxed elementor-section-height-default elementor-section-height-default\" data-id=\"2a8e89b1\" data-element_type=\"section\">\n\t\t\t\t\t\t<div class=\"elementor-container elementor-column-gap-default\">\n\t\t\t\t\t\t\t<div class=\"elementor-row\">\n\t\t\t\t\t<div class=\"elementor-column elementor-col-100 elementor-top-column elementor-element elementor-element-112c6a6\" data-id=\"112c6a6\" data-element_type=\"column\">\n\t\t\t<div class=\"elementor-column-wrap elementor-element-populated\">\n\t\t\t\t\t\t\t<div class=\"elementor-widget-wrap\">\n\t\t\t\t\t\t<div class=\"elementor-element elementor-element-41971e70 elementor-widget elementor-widget-spacer\" data-id=\"41971e70\" data-element_type=\"widget\" data-widget_type=\"spacer.default\">\n\t\t\t\t<div class=\"elementor-widget-container\">\n\t\t\t\t\t<div class=\"elementor-spacer\">\n\t\t\t<div class=\"elementor-spacer-inner\"><\/div>\n\t\t<\/div>\n\t\t\t\t<\/div>\n\t\t\t\t<\/div>\n\t\t\t\t\t\t<\/div>\n\t\t\t\t\t<\/div>\n\t\t<\/div>\n\t\t\t\t\t\t\t\t<\/div>\n\t\t\t\t\t<\/div>\n\t\t<\/section>\n\t\t\t\t<section class=\"elementor-section elementor-top-section elementor-element elementor-element-2e9f86b4 elementor-section-boxed elementor-section-height-default elementor-section-height-default\" data-id=\"2e9f86b4\" data-element_type=\"section\">\n\t\t\t\t\t\t<div class=\"elementor-container elementor-column-gap-wide\">\n\t\t\t\t\t\t\t<div class=\"elementor-row\">\n\t\t\t\t\t<div class=\"elementor-column elementor-col-50 elementor-top-column elementor-element elementor-element-6d26cc81\" data-id=\"6d26cc81\" data-element_type=\"column\">\n\t\t\t<div class=\"elementor-column-wrap elementor-element-populated\">\n\t\t\t\t\t\t\t<div class=\"elementor-widget-wrap\">\n\t\t\t\t\t\t<div class=\"elementor-element elementor-element-25d231d elementor-widget elementor-widget-image\" data-id=\"25d231d\" data-element_type=\"widget\" data-widget_type=\"image.default\">\n\t\t\t\t<div class=\"elementor-widget-container\">\n\t\t\t\t\t\t\t\t<div class=\"elementor-image\">\n\t\t\t\t\t\t\t\t\t\t\t\t<img src=\"https:\/\/www.minibiblioplus.org\/wp-content\/uploads\/elementor\/thumbs\/Asha-Staff-Photo_web-1-ofloz1tazfgvnhg1579dilt7sm2zng69tp8s17vk2g.jpg\" title=\"Asha Staff Photo_web\" alt=\"Asha Staff Photo_web\" \/>\t\t\t\t\t\t\t\t\t\t\t\t\t\t<\/div>\n\t\t\t\t\t\t<\/div>\n\t\t\t\t<\/div>\n\t\t\t\t\t\t<\/div>\n\t\t\t\t\t<\/div>\n\t\t<\/div>\n\t\t\t\t<div class=\"elementor-column elementor-col-50 elementor-top-column elementor-element elementor-element-68173611\" data-id=\"68173611\" data-element_type=\"column\">\n\t\t\t<div class=\"elementor-column-wrap elementor-element-populated\">\n\t\t\t\t\t\t\t<div class=\"elementor-widget-wrap\">\n\t\t\t\t\t\t<div class=\"elementor-element elementor-element-3f434700 elementor-widget elementor-widget-text-editor\" data-id=\"3f434700\" data-element_type=\"widget\" data-widget_type=\"text-editor.default\">\n\t\t\t\t<div class=\"elementor-widget-container\">\n\t\t\t\t\t\t\t\t<div class=\"elementor-text-editor elementor-clearfix\">\n\t\t\t\t<p style=\"text-align: justify;\">Asha est titulaire d&#8217;un M.A. en \u00e9tudes du d\u00e9veloppement de l&#8217;Universit\u00e9 de Sussex, au Royaume-Uni et poss\u00e8de une exp\u00e9rience combin\u00e9e en technologie de l&#8217;information, en programmation de l&#8217;\u00e9ducation et en d\u00e9veloppement international. Sa passion pour l&#8217;am\u00e9lioration de l&#8217;alphab\u00e9tisation lui a amen\u00e9e \u00e0 travailler comme enseignante et coordinnatrice de la sensibilisation communautaire avec \u2018Teach for India\u2019. Elle a d\u00e9velopp\u00e9 d&#8217;excellentes comp\u00e9tences en coordination de projets, \u00e9tablissant ainsi des relations significatives avec partenaires et collaborateurs. Elle croit fermement que l&#8217;alphab\u00e9tisation pr\u00e9coce est importante pour promouvoir le bien-\u00eatre, la sant\u00e9 et le bonheur des enfants et des familles. Son objectif est de promouvoir les comp\u00e9tences en alphab\u00e9tisation pr\u00e9coce en faisant participer les collectivit\u00e9s aux niveaux local et national au Canada.<\/p><p style=\"text-align: justify;\"><a href=\"mailto:operations@minibiblioplus.org\">direction@minibiblioplus.org<\/a><\/p>\t\t\t\t\t<\/div>\n\t\t\t\t\t\t<\/div>\n\t\t\t\t<\/div>\n\t\t\t\t\t\t<\/div>\n\t\t\t\t\t<\/div>\n\t\t<\/div>\n\t\t\t\t\t\t\t\t<\/div>\n\t\t\t\t\t<\/div>\n\t\t<\/section>\n\t\t\t\t<section class=\"elementor-section elementor-top-section elementor-element elementor-element-167b3c9b elementor-section-boxed elementor-section-height-default elementor-section-height-default\" data-id=\"167b3c9b\" data-element_type=\"section\">\n\t\t\t\t\t\t<div class=\"elementor-container elementor-column-gap-default\">\n\t\t\t\t\t\t\t<div class=\"elementor-row\">\n\t\t\t\t\t<div class=\"elementor-column elementor-col-100 elementor-top-column elementor-element elementor-element-14c44a1f\" data-id=\"14c44a1f\" data-element_type=\"column\">\n\t\t\t<div class=\"elementor-column-wrap elementor-element-populated\">\n\t\t\t\t\t\t\t<div class=\"elementor-widget-wrap\">\n\t\t\t\t\t\t<div class=\"elementor-element elementor-element-62b22add elementor-widget elementor-widget-spacer\" data-id=\"62b22add\" data-element_type=\"widget\" data-widget_type=\"spacer.default\">\n\t\t\t\t<div class=\"elementor-widget-container\">\n\t\t\t\t\t<div class=\"elementor-spacer\">\n\t\t\t<div class=\"elementor-spacer-inner\"><\/div>\n\t\t<\/div>\n\t\t\t\t<\/div>\n\t\t\t\t<\/div>\n\t\t\t\t\t\t<\/div>\n\t\t\t\t\t<\/div>\n\t\t<\/div>\n\t\t\t\t\t\t\t\t<\/div>\n\t\t\t\t\t<\/div>\n\t\t<\/section>\n\t\t\t\t\t\t<\/div>\n\t\t\t\t\t\t<\/div>\n\t\t\t\t\t<\/div>\n\t\t","protected":false},"excerpt":{"rendered":"<p>Asha est titulaire d&#8217;un M.A. en \u00e9tudes du d\u00e9veloppement de l&#8217;Universit\u00e9 de Sussex, au Royaume-Uni et poss\u00e8de une exp\u00e9rience combin\u00e9e en technologie de l&#8217;information, en programmation de l&#8217;\u00e9ducation et en d\u00e9veloppement international. Sa passion pour l&#8217;am\u00e9lioration de l&#8217;alphab\u00e9tisation lui a amen\u00e9e \u00e0 travailler comme enseignante et coordinnatrice de la sensibilisation communautaire avec \u2018Teach for India\u2019. Elle a d\u00e9velopp\u00e9 d&#8217;excellentes comp\u00e9tences en coordination de projets, \u00e9tablissant ainsi des relations significatives avec partenaires et collaborateurs. Elle croit fermement que l&#8217;alphab\u00e9tisation pr\u00e9coce est&hellip;<\/p>\n","protected":false},"author":1,"featured_media":0,"parent":0,"menu_order":0,"comment_status":"closed","ping_status":"closed","template":"","meta":{"om_disable_all_campaigns":false,"_monsterinsights_skip_tracking":false,"_monsterinsights_sitenote_active":false,"_monsterinsights_sitenote_note":"","_monsterinsights_sitenote_category":0},"aioseo_notices":[],"_links":{"self":[{"href":"https:\/\/www.minibiblioplus.org\/index.php\/wp-json\/wp\/v2\/pages\/1689"}],"collection":[{"href":"https:\/\/www.minibiblioplus.org\/index.php\/wp-json\/wp\/v2\/pages"}],"about":[{"href":"https:\/\/www.minibiblioplus.org\/index.php\/wp-json\/wp\/v2\/types\/page"}],"author":[{"embeddable":true,"href":"https:\/\/www.minibiblioplus.org\/index.php\/wp-json\/wp\/v2\/users\/1"}],"replies":[{"embeddable":true,"href":"https:\/\/www.minibiblioplus.org\/index.php\/wp-json\/wp\/v2\/comments?post=1689"}],"version-history":[{"count":8,"href":"https:\/\/www.minibiblioplus.org\/index.php\/wp-json\/wp\/v2\/pages\/1689\/revisions"}],"predecessor-version":[{"id":6890,"href":"https:\/\/www.minibiblioplus.org\/index.php\/wp-json\/wp\/v2\/pages\/1689\/revisions\/6890"}],"wp:attachment":[{"href":"https:\/\/www.minibiblioplus.org\/index.php\/wp-json\/wp\/v2\/media?parent=1689"}],"curies":[{"name":"wp","href":"https:\/\/api.w.org\/{rel}","templated":true}]}}