{"id":388,"date":"2019-08-16T13:23:56","date_gmt":"2019-08-16T13:23:56","guid":{"rendered":"http:\/\/new.fraserhickson.ca\/?page_id=388"},"modified":"2026-04-14T10:26:15","modified_gmt":"2026-04-14T14:26:15","slug":"donner","status":"publish","type":"page","link":"https:\/\/www.minibiblioplus.org\/index.php\/donner\/","title":{"rendered":"Donner"},"content":{"rendered":"\t\t<div data-elementor-type=\"wp-page\" data-elementor-id=\"388\" class=\"elementor elementor-388\" data-elementor-settings=\"[]\">\n\t\t\t\t\t\t<div class=\"elementor-inner\">\n\t\t\t\t\t\t\t<div class=\"elementor-section-wrap\">\n\t\t\t\t\t\t\t<section class=\"elementor-section elementor-top-section elementor-element elementor-element-f3afd65 elementor-section-boxed elementor-section-height-default elementor-section-height-default\" data-id=\"f3afd65\" data-element_type=\"section\">\n\t\t\t\t\t\t<div class=\"elementor-container elementor-column-gap-default\">\n\t\t\t\t\t\t\t<div class=\"elementor-row\">\n\t\t\t\t\t<div class=\"elementor-column elementor-col-50 elementor-top-column elementor-element elementor-element-eadff3f\" data-id=\"eadff3f\" data-element_type=\"column\">\n\t\t\t<div class=\"elementor-column-wrap elementor-element-populated\">\n\t\t\t\t\t\t\t<div class=\"elementor-widget-wrap\">\n\t\t\t\t\t\t<div class=\"elementor-element elementor-element-0e9e923 elementor-widget elementor-widget-image\" data-id=\"0e9e923\" data-element_type=\"widget\" data-widget_type=\"image.default\">\n\t\t\t\t<div class=\"elementor-widget-container\">\n\t\t\t\t\t\t\t\t<div class=\"elementor-image\">\n\t\t\t\t\t\t\t\t\t\t\t\t<img width=\"640\" height=\"541\" src=\"https:\/\/www.minibiblioplus.org\/wp-content\/uploads\/2025\/08\/Screenshot-2025-08-14-154629-1024x865.png\" class=\"attachment-large size-large\" alt=\"\" loading=\"lazy\" srcset=\"https:\/\/www.minibiblioplus.org\/wp-content\/uploads\/2025\/08\/Screenshot-2025-08-14-154629-1024x865.png 1024w, https:\/\/www.minibiblioplus.org\/wp-content\/uploads\/2025\/08\/Screenshot-2025-08-14-154629-300x253.png 300w, https:\/\/www.minibiblioplus.org\/wp-content\/uploads\/2025\/08\/Screenshot-2025-08-14-154629-768x649.png 768w, https:\/\/www.minibiblioplus.org\/wp-content\/uploads\/2025\/08\/Screenshot-2025-08-14-154629.png 1277w\" sizes=\"(max-width: 640px) 100vw, 640px\" \/>\t\t\t\t\t\t\t\t\t\t\t\t\t\t<\/div>\n\t\t\t\t\t\t<\/div>\n\t\t\t\t<\/div>\n\t\t\t\t\t\t<\/div>\n\t\t\t\t\t<\/div>\n\t\t<\/div>\n\t\t\t\t<div class=\"elementor-column elementor-col-50 elementor-top-column elementor-element elementor-element-1b2d680\" data-id=\"1b2d680\" data-element_type=\"column\">\n\t\t\t<div class=\"elementor-column-wrap elementor-element-populated\">\n\t\t\t\t\t\t\t<div class=\"elementor-widget-wrap\">\n\t\t\t\t\t\t<div class=\"elementor-element elementor-element-0d3ec6c elementor-widget elementor-widget-image\" data-id=\"0d3ec6c\" data-element_type=\"widget\" data-widget_type=\"image.default\">\n\t\t\t\t<div class=\"elementor-widget-container\">\n\t\t\t\t\t\t\t\t<div class=\"elementor-image\">\n\t\t\t\t\t\t\t\t\t\t\t\t<img width=\"640\" height=\"540\" src=\"https:\/\/www.minibiblioplus.org\/wp-content\/uploads\/2025\/08\/Screenshot-2025-08-14-154646-1024x864.png\" class=\"attachment-large size-large\" alt=\"\" loading=\"lazy\" srcset=\"https:\/\/www.minibiblioplus.org\/wp-content\/uploads\/2025\/08\/Screenshot-2025-08-14-154646-1024x864.png 1024w, https:\/\/www.minibiblioplus.org\/wp-content\/uploads\/2025\/08\/Screenshot-2025-08-14-154646-300x253.png 300w, https:\/\/www.minibiblioplus.org\/wp-content\/uploads\/2025\/08\/Screenshot-2025-08-14-154646-768x648.png 768w, https:\/\/www.minibiblioplus.org\/wp-content\/uploads\/2025\/08\/Screenshot-2025-08-14-154646.png 1276w\" sizes=\"(max-width: 640px) 100vw, 640px\" \/>\t\t\t\t\t\t\t\t\t\t\t\t\t\t<\/div>\n\t\t\t\t\t\t<\/div>\n\t\t\t\t<\/div>\n\t\t\t\t\t\t<\/div>\n\t\t\t\t\t<\/div>\n\t\t<\/div>\n\t\t\t\t\t\t\t\t<\/div>\n\t\t\t\t\t<\/div>\n\t\t<\/section>\n\t\t\t\t<section class=\"elementor-section elementor-top-section elementor-element elementor-element-ecdabf0 elementor-section-boxed elementor-section-height-default elementor-section-height-default\" data-id=\"ecdabf0\" data-element_type=\"section\">\n\t\t\t\t\t\t<div class=\"elementor-container elementor-column-gap-default\">\n\t\t\t\t\t\t\t<div class=\"elementor-row\">\n\t\t\t\t\t<div class=\"elementor-column elementor-col-100 elementor-top-column elementor-element elementor-element-71a0d01b\" data-id=\"71a0d01b\" data-element_type=\"column\">\n\t\t\t<div class=\"elementor-column-wrap elementor-element-populated\">\n\t\t\t\t\t\t\t<div class=\"elementor-widget-wrap\">\n\t\t\t\t\t\t<div class=\"elementor-element elementor-element-222b11fd elementor-widget elementor-widget-spacer\" data-id=\"222b11fd\" data-element_type=\"widget\" data-widget_type=\"spacer.default\">\n\t\t\t\t<div class=\"elementor-widget-container\">\n\t\t\t\t\t<div class=\"elementor-spacer\">\n\t\t\t<div class=\"elementor-spacer-inner\"><\/div>\n\t\t<\/div>\n\t\t\t\t<\/div>\n\t\t\t\t<\/div>\n\t\t\t\t<div class=\"elementor-element elementor-element-de57d82 elementor-button-info elementor-align-center elementor-widget elementor-widget-button\" data-id=\"de57d82\" data-element_type=\"widget\" data-widget_type=\"button.default\">\n\t\t\t\t<div class=\"elementor-widget-container\">\n\t\t\t\t\t<div class=\"elementor-button-wrapper\">\n\t\t\t<a href=\"https:\/\/www.canadahelps.org\/fr\/dn\/13882\" class=\"elementor-button-link elementor-button elementor-size-sm\" role=\"button\">\n\t\t\t\t\t\t<span class=\"elementor-button-content-wrapper\">\n\t\t\t\t\t\t<span class=\"elementor-button-text\">FAITES UN DON <\/span>\n\t\t<\/span>\n\t\t\t\t\t<\/a>\n\t\t<\/div>\n\t\t\t\t<\/div>\n\t\t\t\t<\/div>\n\t\t\t\t<div class=\"elementor-element elementor-element-6cb65c0a elementor-widget elementor-widget-spacer\" data-id=\"6cb65c0a\" data-element_type=\"widget\" data-widget_type=\"spacer.default\">\n\t\t\t\t<div class=\"elementor-widget-container\">\n\t\t\t\t\t<div class=\"elementor-spacer\">\n\t\t\t<div class=\"elementor-spacer-inner\"><\/div>\n\t\t<\/div>\n\t\t\t\t<\/div>\n\t\t\t\t<\/div>\n\t\t\t\t\t\t<\/div>\n\t\t\t\t\t<\/div>\n\t\t<\/div>\n\t\t\t\t\t\t\t\t<\/div>\n\t\t\t\t\t<\/div>\n\t\t<\/section>\n\t\t\t\t<section class=\"elementor-section elementor-top-section elementor-element elementor-element-9b329e1 elementor-section-boxed elementor-section-height-default elementor-section-height-default\" data-id=\"9b329e1\" data-element_type=\"section\">\n\t\t\t\t\t\t<div class=\"elementor-container elementor-column-gap-default\">\n\t\t\t\t\t\t\t<div class=\"elementor-row\">\n\t\t\t\t\t<div class=\"elementor-column elementor-col-100 elementor-top-column elementor-element elementor-element-6a68c0d\" data-id=\"6a68c0d\" data-element_type=\"column\">\n\t\t\t<div class=\"elementor-column-wrap elementor-element-populated\">\n\t\t\t\t\t\t\t<div class=\"elementor-widget-wrap\">\n\t\t\t\t\t\t<div class=\"elementor-element elementor-element-f54fd34 elementor-widget elementor-widget-text-editor\" data-id=\"f54fd34\" data-element_type=\"widget\" data-widget_type=\"text-editor.default\">\n\t\t\t\t<div class=\"elementor-widget-container\">\n\t\t\t\t\t\t\t\t<div class=\"elementor-text-editor elementor-clearfix\">\n\t\t\t\t<p><span data-teams=\"true\">Vous pouvez aussi effectuer un virement \u00e9lectronique Interac \u00e0 l&#8217;adresse suivante <a id=\"menurhjc\" class=\"fui-Link ___1q1shib f2hkw1w f3rmtva f1ewtqcl fyind8e f1k6fduh f1w7gpdv fk6fouc fjoy568 figsok6 f1s184ao f1mk8lai fnbmjn9 f1o700av f13mvf36 f1cmlufx f9n3di6 f1ids18y f1tx3yz7 f1deo86v f1eh06m1 f1iescvh fhgqx19 f1olyrje f1p93eir f1nev41a f1h8hb77 f1lqvz6u f10aw75t fsle3fq f17ae5zn\" title=\"mailto:accounting@minibiblioplus.org\" href=\"mailto:accounting@minibiblioplus.org\" target=\"_blank\" rel=\"noreferrer noopener\" aria-label=\"Link accounting@minibiblioplus.org\">accounting@minibiblioplus.org<\/a><\/span><\/p>\t\t\t\t\t<\/div>\n\t\t\t\t\t\t<\/div>\n\t\t\t\t<\/div>\n\t\t\t\t\t\t<\/div>\n\t\t\t\t\t<\/div>\n\t\t<\/div>\n\t\t\t\t\t\t\t\t<\/div>\n\t\t\t\t\t<\/div>\n\t\t<\/section>\n\t\t\t\t<section class=\"elementor-section elementor-top-section elementor-element elementor-element-ededcb4 elementor-section-boxed elementor-section-height-default elementor-section-height-default\" data-id=\"ededcb4\" data-element_type=\"section\">\n\t\t\t\t\t\t<div class=\"elementor-container elementor-column-gap-default\">\n\t\t\t\t\t\t\t<div class=\"elementor-row\">\n\t\t\t\t\t<div class=\"elementor-column elementor-col-50 elementor-top-column elementor-element elementor-element-dfb76fc\" data-id=\"dfb76fc\" data-element_type=\"column\">\n\t\t\t<div class=\"elementor-column-wrap elementor-element-populated\">\n\t\t\t\t\t\t\t<div class=\"elementor-widget-wrap\">\n\t\t\t\t\t\t<div class=\"elementor-element elementor-element-a11558d elementor-widget elementor-widget-image\" data-id=\"a11558d\" data-element_type=\"widget\" data-widget_type=\"image.default\">\n\t\t\t\t<div class=\"elementor-widget-container\">\n\t\t\t\t\t\t\t\t<div class=\"elementor-image\">\n\t\t\t\t\t\t\t\t\t\t\t\t<img width=\"640\" height=\"536\" src=\"https:\/\/www.minibiblioplus.org\/wp-content\/uploads\/2025\/08\/Screenshot-2025-08-18-160059-768x643.png\" class=\"attachment-medium_large size-medium_large\" alt=\"\" loading=\"lazy\" srcset=\"https:\/\/www.minibiblioplus.org\/wp-content\/uploads\/2025\/08\/Screenshot-2025-08-18-160059-768x643.png 768w, https:\/\/www.minibiblioplus.org\/wp-content\/uploads\/2025\/08\/Screenshot-2025-08-18-160059-300x251.png 300w, https:\/\/www.minibiblioplus.org\/wp-content\/uploads\/2025\/08\/Screenshot-2025-08-18-160059-1024x857.png 1024w, https:\/\/www.minibiblioplus.org\/wp-content\/uploads\/2025\/08\/Screenshot-2025-08-18-160059.png 1267w\" sizes=\"(max-width: 640px) 100vw, 640px\" \/>\t\t\t\t\t\t\t\t\t\t\t\t\t\t<\/div>\n\t\t\t\t\t\t<\/div>\n\t\t\t\t<\/div>\n\t\t\t\t\t\t<\/div>\n\t\t\t\t\t<\/div>\n\t\t<\/div>\n\t\t\t\t<div class=\"elementor-column elementor-col-50 elementor-top-column elementor-element elementor-element-cca0cbf\" data-id=\"cca0cbf\" data-element_type=\"column\">\n\t\t\t<div class=\"elementor-column-wrap elementor-element-populated\">\n\t\t\t\t\t\t\t<div class=\"elementor-widget-wrap\">\n\t\t\t\t\t\t<div class=\"elementor-element elementor-element-fac8312 elementor-widget elementor-widget-text-editor\" data-id=\"fac8312\" data-element_type=\"widget\" data-widget_type=\"text-editor.default\">\n\t\t\t\t<div class=\"elementor-widget-container\">\n\t\t\t\t\t\t\t\t<div class=\"elementor-text-editor elementor-clearfix\">\n\t\t\t\t\t\t\t\t\t<\/div>\n\t\t\t\t\t\t<\/div>\n\t\t\t\t<\/div>\n\t\t\t\t<div class=\"elementor-element elementor-element-fcd82a1 elementor-widget elementor-widget-text-editor\" data-id=\"fcd82a1\" data-element_type=\"widget\" data-widget_type=\"text-editor.default\">\n\t\t\t\t<div class=\"elementor-widget-container\">\n\t\t\t\t\t\t\t\t<div class=\"elementor-text-editor elementor-clearfix\">\n\t\t\t\t<p><span style=\"color: #333333;\">Il nous ferait plaisir de vous aider ainsi que votre conseiller l\u00e9gal\/financier \u00e0 \u00e9laborer une strat\u00e9gie de don planifi\u00e9 adapt\u00e9e \u00e0 vos besoins.<\/span><\/p><p><span style=\"color: #333333;\">Veuillez vous adresser \u00e0 :\u00a0<\/span><\/p><p><span style=\"color: #333333;\">(514) 872-0517\u00a0<\/span><\/p><p><span style=\"color: #333333;\"><a href=\"mailto:helen@minibiblioplus.org\">direction@minibiblioplus.org<\/a><\/span><\/p>\t\t\t\t\t<\/div>\n\t\t\t\t\t\t<\/div>\n\t\t\t\t<\/div>\n\t\t\t\t\t\t<\/div>\n\t\t\t\t\t<\/div>\n\t\t<\/div>\n\t\t\t\t\t\t\t\t<\/div>\n\t\t\t\t\t<\/div>\n\t\t<\/section>\n\t\t\t\t<section class=\"elementor-section elementor-top-section elementor-element elementor-element-00f47c7 elementor-section-boxed elementor-section-height-default elementor-section-height-default\" data-id=\"00f47c7\" data-element_type=\"section\">\n\t\t\t\t\t\t<div class=\"elementor-container elementor-column-gap-default\">\n\t\t\t\t\t\t\t<div class=\"elementor-row\">\n\t\t\t\t\t<div class=\"elementor-column elementor-col-100 elementor-top-column elementor-element elementor-element-7381a57\" data-id=\"7381a57\" data-element_type=\"column\">\n\t\t\t<div class=\"elementor-column-wrap elementor-element-populated\">\n\t\t\t\t\t\t\t<div class=\"elementor-widget-wrap\">\n\t\t\t\t\t\t<div class=\"elementor-element elementor-element-9bcc6d0 elementor-widget elementor-widget-text-editor\" data-id=\"9bcc6d0\" data-element_type=\"widget\" data-widget_type=\"text-editor.default\">\n\t\t\t\t<div class=\"elementor-widget-container\">\n\t\t\t\t\t\t\t\t<div class=\"elementor-text-editor elementor-clearfix\">\n\t\t\t\t<p>Merci de votre g\u00e9n\u00e9rosit\u00e9 ! Vous contribuez \u00e0 changer la vie des tout-petits, un livre \u00e0 la fois !<\/p>\t\t\t\t\t<\/div>\n\t\t\t\t\t\t<\/div>\n\t\t\t\t<\/div>\n\t\t\t\t\t\t<\/div>\n\t\t\t\t\t<\/div>\n\t\t<\/div>\n\t\t\t\t\t\t\t\t<\/div>\n\t\t\t\t\t<\/div>\n\t\t<\/section>\n\t\t\t\t<section class=\"elementor-section elementor-top-section elementor-element elementor-element-b33e383 elementor-section-boxed elementor-section-height-default elementor-section-height-default\" data-id=\"b33e383\" data-element_type=\"section\">\n\t\t\t\t\t\t<div class=\"elementor-container elementor-column-gap-default\">\n\t\t\t\t\t\t\t<div class=\"elementor-row\">\n\t\t\t\t\t<div class=\"elementor-column elementor-col-100 elementor-top-column elementor-element elementor-element-e5115ea\" data-id=\"e5115ea\" data-element_type=\"column\">\n\t\t\t<div class=\"elementor-column-wrap elementor-element-populated\">\n\t\t\t\t\t\t\t<div class=\"elementor-widget-wrap\">\n\t\t\t\t\t\t<div class=\"elementor-element elementor-element-4d49d60 elementor-widget elementor-widget-text-editor\" data-id=\"4d49d60\" data-element_type=\"widget\" data-widget_type=\"text-editor.default\">\n\t\t\t\t<div class=\"elementor-widget-container\">\n\t\t\t\t\t\t\t\t<div class=\"elementor-text-editor elementor-clearfix\">\n\t\t\t\t<p><span style=\"color: #333333;\">Par don planifi\u00e9, on entend une contribution qui se fera \u00e0 une date ult\u00e9rieure. Soigneusement pr\u00e9par\u00e9, un don planifi\u00e9 vous offre des avantages fiscaux en plus de pr\u00eater un soutien \u00e0 Fraser Hickson.<\/span><\/p><ul><li><span style=\"color: #333333;\"><strong>Legs\u00a0<\/strong><strong>testamentaires<\/strong> \u2013 La tradition voulant que des particuliers fassent un g\u00e9n\u00e9reux don \u00e0 Fraser Hickson par le biais de legs testamentaires a \u00e9t\u00e9 lanc\u00e9e par Hugh Fraser en 1870, gr\u00e2ce \u00e0 qui la biblioth\u00e8que a pu \u00eatre \u00e9tablie. 86 ans plus tard, cette tradition a \u00e9t\u00e9 reprise par J.S.A. Hickson. Aidez-nous \u00e0 la garder vivante !<\/span><\/li><li><span style=\"color: #333333;\"><strong>Dons de titres de placements<\/strong>\u00a0(Cliquer sur le bouton FAITES UN DON)<\/span><\/li><li><span style=\"color: #333333;\"><strong>Dons de polices d\u2019assurance-vie\u00a0<\/strong>(voir ci-apr\u00e8s)<\/span><\/li><\/ul>\t\t\t\t\t<\/div>\n\t\t\t\t\t\t<\/div>\n\t\t\t\t<\/div>\n\t\t\t\t\t\t<\/div>\n\t\t\t\t\t<\/div>\n\t\t<\/div>\n\t\t\t\t\t\t\t\t<\/div>\n\t\t\t\t\t<\/div>\n\t\t<\/section>\n\t\t\t\t<section class=\"elementor-section elementor-top-section elementor-element elementor-element-2d40e61 elementor-section-boxed elementor-section-height-default elementor-section-height-default\" data-id=\"2d40e61\" data-element_type=\"section\">\n\t\t\t\t\t\t<div class=\"elementor-container elementor-column-gap-default\">\n\t\t\t\t\t\t\t<div class=\"elementor-row\">\n\t\t\t\t\t<div class=\"elementor-column elementor-col-100 elementor-top-column elementor-element elementor-element-9c82b58\" data-id=\"9c82b58\" data-element_type=\"column\">\n\t\t\t<div class=\"elementor-column-wrap elementor-element-populated\">\n\t\t\t\t\t\t\t<div class=\"elementor-widget-wrap\">\n\t\t\t\t\t\t<div class=\"elementor-element elementor-element-6df807b elementor-widget elementor-widget-heading\" data-id=\"6df807b\" data-element_type=\"widget\" data-widget_type=\"heading.default\">\n\t\t\t\t<div class=\"elementor-widget-container\">\n\t\t\t<h6 class=\"elementor-heading-title elementor-size-default\">Nos donateurs<\/h6>\t\t<\/div>\n\t\t\t\t<\/div>\n\t\t\t\t<section class=\"elementor-section elementor-inner-section elementor-element elementor-element-071221e elementor-section-boxed elementor-section-height-default elementor-section-height-default\" data-id=\"071221e\" data-element_type=\"section\">\n\t\t\t\t\t\t<div class=\"elementor-container elementor-column-gap-default\">\n\t\t\t\t\t\t\t<div class=\"elementor-row\">\n\t\t\t\t\t<div class=\"elementor-column elementor-col-50 elementor-inner-column elementor-element elementor-element-23c6b89\" data-id=\"23c6b89\" data-element_type=\"column\">\n\t\t\t<div class=\"elementor-column-wrap elementor-element-populated\">\n\t\t\t\t\t\t\t<div class=\"elementor-widget-wrap\">\n\t\t\t\t\t\t<div class=\"elementor-element elementor-element-c7b09bc elementor-widget elementor-widget-text-editor\" data-id=\"c7b09bc\" data-element_type=\"widget\" data-widget_type=\"text-editor.default\">\n\t\t\t\t<div class=\"elementor-widget-container\">\n\t\t\t\t\t\t\t\t<div class=\"elementor-text-editor elementor-clearfix\">\n\t\t\t\t<ul><li>Plusieurs individus g\u00e9n\u00e9reux!<\/li><li>100% participation du CA<\/li><li><div>Arrondissement CDN\/NDG<\/div><\/li><li><div>Communications COGECO<\/div><\/li><li><div><span style=\"font-weight: var( --e-global-typography-text-font-weight );\">Fiducie Charitable Fournier-\u00c9thier<\/span><\/div><\/li><li>Fondation Chamandy<\/li><li>Fondation de la Famille Birks<\/li><li>Fondation Rossy<\/li><li>Fondation Doggone<\/li><li>Fondation Eric T. Webster<\/li><\/ul>\t\t\t\t\t<\/div>\n\t\t\t\t\t\t<\/div>\n\t\t\t\t<\/div>\n\t\t\t\t\t\t<\/div>\n\t\t\t\t\t<\/div>\n\t\t<\/div>\n\t\t\t\t<div class=\"elementor-column elementor-col-50 elementor-inner-column elementor-element elementor-element-89ed6ed\" data-id=\"89ed6ed\" data-element_type=\"column\">\n\t\t\t<div class=\"elementor-column-wrap elementor-element-populated\">\n\t\t\t\t\t\t\t<div class=\"elementor-widget-wrap\">\n\t\t\t\t\t\t<div class=\"elementor-element elementor-element-291294c elementor-widget elementor-widget-text-editor\" data-id=\"291294c\" data-element_type=\"widget\" data-widget_type=\"text-editor.default\">\n\t\t\t\t<div class=\"elementor-widget-container\">\n\t\t\t\t\t\t\t\t<div class=\"elementor-text-editor elementor-clearfix\">\n\t\t\t\t<ul><li>Fondation Hay<\/li><li>Fondation Hewitt<\/li><li>Fondation Hylcan<\/li><li>Fondation R. Howard Webster<\/li><li>Legs Betty Lou Cowper<\/li><li>Minist\u00e8re du travail, de l\u2019emploi et la solidarit\u00e9 sociale<\/li><li>R\u00e9seau r\u00e9ussite Montr\u00e9al<\/li><li>Secr\u00e9tariat aux relations avec les Qu\u00e9b\u00e9cois d\u2019expression anglaise<\/li><li>Fondation de la famille Zeller<\/li><\/ul>\t\t\t\t\t<\/div>\n\t\t\t\t\t\t<\/div>\n\t\t\t\t<\/div>\n\t\t\t\t\t\t<\/div>\n\t\t\t\t\t<\/div>\n\t\t<\/div>\n\t\t\t\t\t\t\t\t<\/div>\n\t\t\t\t\t<\/div>\n\t\t<\/section>\n\t\t\t\t\t\t<\/div>\n\t\t\t\t\t<\/div>\n\t\t<\/div>\n\t\t\t\t\t\t\t\t<\/div>\n\t\t\t\t\t<\/div>\n\t\t<\/section>\n\t\t\t\t<section class=\"elementor-section elementor-top-section elementor-element elementor-element-788c0b8 elementor-section-boxed elementor-section-height-default elementor-section-height-default\" data-id=\"788c0b8\" data-element_type=\"section\">\n\t\t\t\t\t\t<div class=\"elementor-container elementor-column-gap-default\">\n\t\t\t\t\t\t\t<div class=\"elementor-row\">\n\t\t\t\t\t<div class=\"elementor-column elementor-col-33 elementor-top-column elementor-element elementor-element-5b7c04a\" data-id=\"5b7c04a\" data-element_type=\"column\">\n\t\t\t<div class=\"elementor-column-wrap elementor-element-populated\">\n\t\t\t\t\t\t\t<div class=\"elementor-widget-wrap\">\n\t\t\t\t\t\t<div class=\"elementor-element elementor-element-c27440a elementor-widget elementor-widget-image\" data-id=\"c27440a\" data-element_type=\"widget\" data-widget_type=\"image.default\">\n\t\t\t\t<div class=\"elementor-widget-container\">\n\t\t\t\t\t\t\t\t<div class=\"elementor-image\">\n\t\t\t\t\t\t\t\t\t\t\t\t<img width=\"300\" height=\"119\" src=\"https:\/\/www.minibiblioplus.org\/wp-content\/uploads\/2025\/08\/Screenshot-2025-08-13-130942-300x119.png\" class=\"attachment-medium size-medium\" alt=\"\" loading=\"lazy\" srcset=\"https:\/\/www.minibiblioplus.org\/wp-content\/uploads\/2025\/08\/Screenshot-2025-08-13-130942-300x119.png 300w, https:\/\/www.minibiblioplus.org\/wp-content\/uploads\/2025\/08\/Screenshot-2025-08-13-130942.png 453w\" sizes=\"(max-width: 300px) 100vw, 300px\" \/>\t\t\t\t\t\t\t\t\t\t\t\t\t\t<\/div>\n\t\t\t\t\t\t<\/div>\n\t\t\t\t<\/div>\n\t\t\t\t\t\t<\/div>\n\t\t\t\t\t<\/div>\n\t\t<\/div>\n\t\t\t\t<div class=\"elementor-column elementor-col-33 elementor-top-column elementor-element elementor-element-1f24a78\" data-id=\"1f24a78\" data-element_type=\"column\">\n\t\t\t<div class=\"elementor-column-wrap elementor-element-populated\">\n\t\t\t\t\t\t\t<div class=\"elementor-widget-wrap\">\n\t\t\t\t\t\t<div class=\"elementor-element elementor-element-a9db2f5 elementor-widget elementor-widget-image\" data-id=\"a9db2f5\" data-element_type=\"widget\" data-widget_type=\"image.default\">\n\t\t\t\t<div class=\"elementor-widget-container\">\n\t\t\t\t\t\t\t\t<div class=\"elementor-image\">\n\t\t\t\t\t\t\t\t\t\t\t\t<img width=\"300\" height=\"141\" src=\"https:\/\/www.minibiblioplus.org\/wp-content\/uploads\/2026\/04\/Screenshot-2026-04-14-102021-300x141.png\" class=\"attachment-medium size-medium\" alt=\"\" loading=\"lazy\" srcset=\"https:\/\/www.minibiblioplus.org\/wp-content\/uploads\/2026\/04\/Screenshot-2026-04-14-102021-300x141.png 300w, https:\/\/www.minibiblioplus.org\/wp-content\/uploads\/2026\/04\/Screenshot-2026-04-14-102021.png 350w\" sizes=\"(max-width: 300px) 100vw, 300px\" \/>\t\t\t\t\t\t\t\t\t\t\t\t\t\t<\/div>\n\t\t\t\t\t\t<\/div>\n\t\t\t\t<\/div>\n\t\t\t\t\t\t<\/div>\n\t\t\t\t\t<\/div>\n\t\t<\/div>\n\t\t\t\t<div class=\"elementor-column elementor-col-33 elementor-top-column elementor-element elementor-element-2f0bb32\" data-id=\"2f0bb32\" data-element_type=\"column\">\n\t\t\t<div class=\"elementor-column-wrap elementor-element-populated\">\n\t\t\t\t\t\t\t<div class=\"elementor-widget-wrap\">\n\t\t\t\t\t\t<div class=\"elementor-element elementor-element-965d8bc elementor-widget elementor-widget-image\" data-id=\"965d8bc\" data-element_type=\"widget\" data-widget_type=\"image.default\">\n\t\t\t\t<div class=\"elementor-widget-container\">\n\t\t\t\t\t\t\t\t<div class=\"elementor-image\">\n\t\t\t\t\t\t\t\t\t\t\t\t<img width=\"300\" height=\"86\" src=\"https:\/\/www.minibiblioplus.org\/wp-content\/uploads\/2025\/08\/Screenshot-2025-08-13-130924-300x86.png\" class=\"attachment-medium size-medium\" alt=\"\" loading=\"lazy\" srcset=\"https:\/\/www.minibiblioplus.org\/wp-content\/uploads\/2025\/08\/Screenshot-2025-08-13-130924-300x86.png 300w, https:\/\/www.minibiblioplus.org\/wp-content\/uploads\/2025\/08\/Screenshot-2025-08-13-130924.png 427w\" sizes=\"(max-width: 300px) 100vw, 300px\" \/>\t\t\t\t\t\t\t\t\t\t\t\t\t\t<\/div>\n\t\t\t\t\t\t<\/div>\n\t\t\t\t<\/div>\n\t\t\t\t\t\t<\/div>\n\t\t\t\t\t<\/div>\n\t\t<\/div>\n\t\t\t\t\t\t\t\t<\/div>\n\t\t\t\t\t<\/div>\n\t\t<\/section>\n\t\t\t\t<section class=\"elementor-section elementor-top-section elementor-element elementor-element-5ee2302 elementor-section-boxed elementor-section-height-default elementor-section-height-default\" data-id=\"5ee2302\" data-element_type=\"section\">\n\t\t\t\t\t\t<div class=\"elementor-container elementor-column-gap-default\">\n\t\t\t\t\t\t\t<div class=\"elementor-row\">\n\t\t\t\t\t<div class=\"elementor-column elementor-col-100 elementor-top-column elementor-element elementor-element-73e1a5a\" data-id=\"73e1a5a\" data-element_type=\"column\">\n\t\t\t<div class=\"elementor-column-wrap elementor-element-populated\">\n\t\t\t\t\t\t\t<div class=\"elementor-widget-wrap\">\n\t\t\t\t\t\t<div class=\"elementor-element elementor-element-ba0d04f elementor-widget elementor-widget-text-editor\" data-id=\"ba0d04f\" data-element_type=\"widget\" data-widget_type=\"text-editor.default\">\n\t\t\t\t<div class=\"elementor-widget-container\">\n\t\t\t\t\t\t\t\t<div class=\"elementor-text-editor elementor-clearfix\">\n\t\t\t\t<ul><li><em><span class=\"a_GcMg font-feature-liga-off font-feature-clig-off font-feature-calt-off text-decoration-none text-strikethrough-none\">Deloitte, An Economic Overview of Children\u2019s Literacy in Canada. Canadian Children\u2019s Literacy Foundation, Nov 2020<\/span><\/em><\/li><li><em><span class=\"a_GcMg font-feature-liga-off font-feature-clig-off font-feature-calt-off text-decoration-none text-strikethrough-none\">Toronto District School Board. Annual Report on Early Literacy: 2021\u201322, as cited in Alphonso, C. (2022, October 19). More Grade 1 students at the TDSB did not meet reading benchmarks at the end of last year compared to data from a decade ago. Globe and Mail. https:\/\/www.theglobeandmail.com\/canada\/article-tdsb-grade-1-reading-benchmarks\/.<\/span><\/em><\/li><\/ul>\t\t\t\t\t<\/div>\n\t\t\t\t\t\t<\/div>\n\t\t\t\t<\/div>\n\t\t\t\t\t\t<\/div>\n\t\t\t\t\t<\/div>\n\t\t<\/div>\n\t\t\t\t\t\t\t\t<\/div>\n\t\t\t\t\t<\/div>\n\t\t<\/section>\n\t\t\t\t\t\t<\/div>\n\t\t\t\t\t\t<\/div>\n\t\t\t\t\t<\/div>\n\t\t","protected":false},"excerpt":{"rendered":"<p>FAITES UN DON Vous pouvez aussi effectuer un virement \u00e9lectronique Interac \u00e0 l&#8217;adresse suivante accounting@minibiblioplus.org Il nous ferait plaisir de vous aider ainsi que votre conseiller l\u00e9gal\/financier \u00e0 \u00e9laborer une strat\u00e9gie de don planifi\u00e9 adapt\u00e9e \u00e0 vos besoins. Veuillez vous adresser \u00e0 :\u00a0 (514) 872-0517\u00a0 direction@minibiblioplus.org Merci de votre g\u00e9n\u00e9rosit\u00e9 ! Vous contribuez \u00e0 changer la vie des tout-petits, un livre \u00e0 la fois ! Par don planifi\u00e9, on entend une contribution qui se fera \u00e0 une date ult\u00e9rieure. Soigneusement&hellip;<\/p>\n","protected":false},"author":1,"featured_media":0,"parent":0,"menu_order":0,"comment_status":"closed","ping_status":"closed","template":"","meta":{"om_disable_all_campaigns":false,"_monsterinsights_skip_tracking":false,"_monsterinsights_sitenote_active":false,"_monsterinsights_sitenote_note":"","_monsterinsights_sitenote_category":0},"aioseo_notices":[],"_links":{"self":[{"href":"https:\/\/www.minibiblioplus.org\/index.php\/wp-json\/wp\/v2\/pages\/388"}],"collection":[{"href":"https:\/\/www.minibiblioplus.org\/index.php\/wp-json\/wp\/v2\/pages"}],"about":[{"href":"https:\/\/www.minibiblioplus.org\/index.php\/wp-json\/wp\/v2\/types\/page"}],"author":[{"embeddable":true,"href":"https:\/\/www.minibiblioplus.org\/index.php\/wp-json\/wp\/v2\/users\/1"}],"replies":[{"embeddable":true,"href":"https:\/\/www.minibiblioplus.org\/index.php\/wp-json\/wp\/v2\/comments?post=388"}],"version-history":[{"count":107,"href":"https:\/\/www.minibiblioplus.org\/index.php\/wp-json\/wp\/v2\/pages\/388\/revisions"}],"predecessor-version":[{"id":7812,"href":"https:\/\/www.minibiblioplus.org\/index.php\/wp-json\/wp\/v2\/pages\/388\/revisions\/7812"}],"wp:attachment":[{"href":"https:\/\/www.minibiblioplus.org\/index.php\/wp-json\/wp\/v2\/media?parent=388"}],"curies":[{"name":"wp","href":"https:\/\/api.w.org\/{rel}","templated":true}]}}