{"id":408,"date":"2019-08-16T13:28:52","date_gmt":"2019-08-16T13:28:52","guid":{"rendered":"http:\/\/new.fraserhickson.ca\/?page_id=408"},"modified":"2025-01-31T16:21:35","modified_gmt":"2025-01-31T21:21:35","slug":"benevolat","status":"publish","type":"page","link":"https:\/\/www.minibiblioplus.org\/index.php\/benevolat\/","title":{"rendered":"B\u00e9n\u00e9volat"},"content":{"rendered":"\t\t<div data-elementor-type=\"wp-post\" data-elementor-id=\"408\" class=\"elementor elementor-408\" data-elementor-settings=\"[]\">\n\t\t\t\t\t\t<div class=\"elementor-inner\">\n\t\t\t\t\t\t\t<div class=\"elementor-section-wrap\">\n\t\t\t\t\t\t\t<section class=\"elementor-section elementor-top-section elementor-element elementor-element-281f4b36 elementor-section-boxed elementor-section-height-default elementor-section-height-default\" data-id=\"281f4b36\" data-element_type=\"section\">\n\t\t\t\t\t\t<div class=\"elementor-container elementor-column-gap-default\">\n\t\t\t\t\t\t\t<div class=\"elementor-row\">\n\t\t\t\t\t<div class=\"elementor-column elementor-col-100 elementor-top-column elementor-element elementor-element-398bd2d9\" data-id=\"398bd2d9\" data-element_type=\"column\">\n\t\t\t<div class=\"elementor-column-wrap elementor-element-populated\">\n\t\t\t\t\t\t\t<div class=\"elementor-widget-wrap\">\n\t\t\t\t\t\t<div class=\"elementor-element elementor-element-1b1d2273 elementor-widget elementor-widget-spacer\" data-id=\"1b1d2273\" data-element_type=\"widget\" data-widget_type=\"spacer.default\">\n\t\t\t\t<div class=\"elementor-widget-container\">\n\t\t\t\t\t<div class=\"elementor-spacer\">\n\t\t\t<div class=\"elementor-spacer-inner\"><\/div>\n\t\t<\/div>\n\t\t\t\t<\/div>\n\t\t\t\t<\/div>\n\t\t\t\t<div class=\"elementor-element elementor-element-3ceaee2b elementor-widget elementor-widget-heading\" data-id=\"3ceaee2b\" data-element_type=\"widget\" data-widget_type=\"heading.default\">\n\t\t\t\t<div class=\"elementor-widget-container\">\n\t\t\t<h2 class=\"elementor-heading-title elementor-size-default\">B\u00e9n\u00e9volat<\/h2>\t\t<\/div>\n\t\t\t\t<\/div>\n\t\t\t\t\t\t<\/div>\n\t\t\t\t\t<\/div>\n\t\t<\/div>\n\t\t\t\t\t\t\t\t<\/div>\n\t\t\t\t\t<\/div>\n\t\t<\/section>\n\t\t\t\t<section class=\"elementor-section elementor-top-section elementor-element elementor-element-236d014a elementor-section-boxed elementor-section-height-default elementor-section-height-default\" data-id=\"236d014a\" data-element_type=\"section\">\n\t\t\t\t\t\t<div class=\"elementor-container elementor-column-gap-default\">\n\t\t\t\t\t\t\t<div class=\"elementor-row\">\n\t\t\t\t\t<div class=\"elementor-column elementor-col-100 elementor-top-column elementor-element elementor-element-1217145f\" data-id=\"1217145f\" data-element_type=\"column\">\n\t\t\t<div class=\"elementor-column-wrap elementor-element-populated\">\n\t\t\t\t\t\t\t<div class=\"elementor-widget-wrap\">\n\t\t\t\t\t\t<div class=\"elementor-element elementor-element-513451db elementor-widget elementor-widget-spacer\" data-id=\"513451db\" data-element_type=\"widget\" data-widget_type=\"spacer.default\">\n\t\t\t\t<div class=\"elementor-widget-container\">\n\t\t\t\t\t<div class=\"elementor-spacer\">\n\t\t\t<div class=\"elementor-spacer-inner\"><\/div>\n\t\t<\/div>\n\t\t\t\t<\/div>\n\t\t\t\t<\/div>\n\t\t\t\t\t\t<\/div>\n\t\t\t\t\t<\/div>\n\t\t<\/div>\n\t\t\t\t\t\t\t\t<\/div>\n\t\t\t\t\t<\/div>\n\t\t<\/section>\n\t\t\t\t<section class=\"elementor-section elementor-top-section elementor-element elementor-element-19b75957 elementor-section-boxed elementor-section-height-default elementor-section-height-default\" data-id=\"19b75957\" data-element_type=\"section\">\n\t\t\t\t\t\t<div class=\"elementor-container elementor-column-gap-wide\">\n\t\t\t\t\t\t\t<div class=\"elementor-row\">\n\t\t\t\t\t<div class=\"elementor-column elementor-col-50 elementor-top-column elementor-element elementor-element-562fa0b4\" data-id=\"562fa0b4\" data-element_type=\"column\">\n\t\t\t<div class=\"elementor-column-wrap elementor-element-populated\">\n\t\t\t\t\t\t\t<div class=\"elementor-widget-wrap\">\n\t\t\t\t\t\t<div class=\"elementor-element elementor-element-5d908e58 elementor-widget elementor-widget-heading\" data-id=\"5d908e58\" data-element_type=\"widget\" data-widget_type=\"heading.default\">\n\t\t\t\t<div class=\"elementor-widget-container\">\n\t\t\t<h2 class=\"elementor-heading-title elementor-size-default\">Aidez-nous \u00e0 changer la vie de nos tout-petits un livre \u00e0 la fois !<\/h2>\t\t<\/div>\n\t\t\t\t<\/div>\n\t\t\t\t<div class=\"elementor-element elementor-element-61c5b919 elementor-widget elementor-widget-text-editor\" data-id=\"61c5b919\" data-element_type=\"widget\" data-widget_type=\"text-editor.default\">\n\t\t\t\t<div class=\"elementor-widget-container\">\n\t\t\t\t\t\t\t\t<div class=\"elementor-text-editor elementor-clearfix\">\n\t\t\t\t<p><span lang=\"FR-CA\" style=\"font-size: 11.0pt; mso-ansi-language: FR-CA; mso-fareast-language: EN-US;\">Opportunit\u00e9s de b\u00e9n\u00e9volat :<\/span><\/p><h1><span lang=\"FR-CA\" style=\"font-size: 11.0pt; mso-ansi-language: FR-CA; mso-fareast-language: EN-US;\">\u00a0<\/span><span style=\"font-size: 11pt; color: var( --e-global-color-text ); font-weight: var( --e-global-typography-text-font-weight );\">&#8211; Animer une heure de conte hebdomadaire pour les enfants jusqu&#8217;\u00e0 8 ans (Nous fournissons les livres, la formation et le soutien dont vous avez besoin !)<br \/><\/span><span lang=\"FR-CA\" style=\"font-size: 11.0pt; mso-ansi-language: FR-CA; mso-fareast-language: EN-US;\">&#8211; Traitement des livres ; mise en rayon des livres<br \/><\/span><span lang=\"FR-CA\" style=\"font-size: 11.0pt; mso-ansi-language: FR-CA; mso-fareast-language: EN-US;\">&#8211; Livraisons<br \/><\/span><span lang=\"FR-CA\" style=\"font-size: 11.0pt; mso-ansi-language: FR-CA; mso-fareast-language: EN-US;\">&#8211; Ev\u00e9nements sp\u00e9ciaux<br \/><\/span><span lang=\"FR-CA\" style=\"font-size: 11.0pt; mso-ansi-language: FR-CA; mso-fareast-language: EN-US;\">&#8211; Conception de sites web<\/span><\/h1>\t\t\t\t\t<\/div>\n\t\t\t\t\t\t<\/div>\n\t\t\t\t<\/div>\n\t\t\t\t<div class=\"elementor-element elementor-element-34d842c0 elementor-widget elementor-widget-text-editor\" data-id=\"34d842c0\" data-element_type=\"widget\" data-widget_type=\"text-editor.default\">\n\t\t\t\t<div class=\"elementor-widget-container\">\n\t\t\t\t\t\t\t\t<div class=\"elementor-text-editor elementor-clearfix\">\n\t\t\t\t<p>Devenez un b\u00e9n\u00e9vole <img loading=\"lazy\" class=\"alignnone\" src=\"https:\/\/minibiblioplus.org\/\/wp-content\/uploads\/2019\/08\/colour.png\" width=\"131\" height=\"17\" \/>\u00a0:<\/p>\t\t\t\t\t<\/div>\n\t\t\t\t\t\t<\/div>\n\t\t\t\t<\/div>\n\t\t\t\t<div class=\"elementor-element elementor-element-e49360c elementor-widget elementor-widget-button\" data-id=\"e49360c\" data-element_type=\"widget\" data-widget_type=\"button.default\">\n\t\t\t\t<div class=\"elementor-widget-container\">\n\t\t\t\t\t<div class=\"elementor-button-wrapper\">\n\t\t\t<a href=\"https:\/\/app.betterimpact.com\/PublicOrganization\/6ae3ad01-cf74-4dac-ae4b-23f76bd1a454\/1\" class=\"elementor-button-link elementor-button elementor-size-lg\" role=\"button\">\n\t\t\t\t\t\t<span class=\"elementor-button-content-wrapper\">\n\t\t\t\t\t\t<span class=\"elementor-button-text\">CLIQUEZ ICI !<\/span>\n\t\t<\/span>\n\t\t\t\t\t<\/a>\n\t\t<\/div>\n\t\t\t\t<\/div>\n\t\t\t\t<\/div>\n\t\t\t\t\t\t<\/div>\n\t\t\t\t\t<\/div>\n\t\t<\/div>\n\t\t\t\t<div class=\"elementor-column elementor-col-50 elementor-top-column elementor-element elementor-element-52945173\" data-id=\"52945173\" data-element_type=\"column\">\n\t\t\t<div class=\"elementor-column-wrap elementor-element-populated\">\n\t\t\t\t\t\t\t<div class=\"elementor-widget-wrap\">\n\t\t\t\t\t\t<div class=\"elementor-element elementor-element-36c950ee elementor-widget elementor-widget-image\" data-id=\"36c950ee\" data-element_type=\"widget\" data-widget_type=\"image.default\">\n\t\t\t\t<div class=\"elementor-widget-container\">\n\t\t\t\t\t\t\t\t<div class=\"elementor-image\">\n\t\t\t\t\t\t\t\t\t\t\t\t<img width=\"225\" height=\"300\" src=\"https:\/\/www.minibiblioplus.org\/wp-content\/uploads\/2019\/09\/Garderie-Metropolitain-1-225x300.jpg\" class=\"attachment-medium size-medium\" alt=\"\" loading=\"lazy\" srcset=\"https:\/\/www.minibiblioplus.org\/wp-content\/uploads\/2019\/09\/Garderie-Metropolitain-1-225x300.jpg 225w, https:\/\/www.minibiblioplus.org\/wp-content\/uploads\/2019\/09\/Garderie-Metropolitain-1-768x1023.jpg 768w, https:\/\/www.minibiblioplus.org\/wp-content\/uploads\/2019\/09\/Garderie-Metropolitain-1-769x1024.jpg 769w\" sizes=\"(max-width: 225px) 100vw, 225px\" \/>\t\t\t\t\t\t\t\t\t\t\t\t\t\t<\/div>\n\t\t\t\t\t\t<\/div>\n\t\t\t\t<\/div>\n\t\t\t\t<div class=\"elementor-element elementor-element-526eca7 elementor-widget elementor-widget-image\" data-id=\"526eca7\" data-element_type=\"widget\" data-widget_type=\"image.default\">\n\t\t\t\t<div class=\"elementor-widget-container\">\n\t\t\t\t\t\t\t\t<div class=\"elementor-image\">\n\t\t\t\t\t\t\t\t\t\t\t\t<img width=\"234\" height=\"300\" src=\"https:\/\/www.minibiblioplus.org\/wp-content\/uploads\/2019\/09\/Shamim-1-1-234x300.jpg\" class=\"attachment-medium size-medium\" alt=\"\" loading=\"lazy\" srcset=\"https:\/\/www.minibiblioplus.org\/wp-content\/uploads\/2019\/09\/Shamim-1-1-234x300.jpg 234w, https:\/\/www.minibiblioplus.org\/wp-content\/uploads\/2019\/09\/Shamim-1-1.jpg 573w\" sizes=\"(max-width: 234px) 100vw, 234px\" \/>\t\t\t\t\t\t\t\t\t\t\t\t\t\t<\/div>\n\t\t\t\t\t\t<\/div>\n\t\t\t\t<\/div>\n\t\t\t\t\t\t<\/div>\n\t\t\t\t\t<\/div>\n\t\t<\/div>\n\t\t\t\t\t\t\t\t<\/div>\n\t\t\t\t\t<\/div>\n\t\t<\/section>\n\t\t\t\t<section class=\"elementor-section elementor-top-section elementor-element elementor-element-6e01e34a elementor-section-boxed elementor-section-height-default elementor-section-height-default\" data-id=\"6e01e34a\" data-element_type=\"section\">\n\t\t\t\t\t\t<div class=\"elementor-container elementor-column-gap-default\">\n\t\t\t\t\t\t\t<div class=\"elementor-row\">\n\t\t\t\t\t<div class=\"elementor-column elementor-col-100 elementor-top-column elementor-element elementor-element-11d149e1\" data-id=\"11d149e1\" data-element_type=\"column\">\n\t\t\t<div class=\"elementor-column-wrap elementor-element-populated\">\n\t\t\t\t\t\t\t<div class=\"elementor-widget-wrap\">\n\t\t\t\t\t\t<div class=\"elementor-element elementor-element-acedac3 elementor-aspect-ratio-169 elementor-widget elementor-widget-video\" data-id=\"acedac3\" data-element_type=\"widget\" data-settings=\"{&quot;youtube_url&quot;:&quot;https:\\\/\\\/youtu.be\\\/vWsECHVNtL4&quot;,&quot;video_type&quot;:&quot;youtube&quot;,&quot;controls&quot;:&quot;yes&quot;,&quot;aspect_ratio&quot;:&quot;169&quot;}\" data-widget_type=\"video.default\">\n\t\t\t\t<div class=\"elementor-widget-container\">\n\t\t\t\t\t<div class=\"elementor-wrapper elementor-fit-aspect-ratio elementor-open-inline\">\n\t\t\t<div class=\"elementor-video\"><\/div>\t\t<\/div>\n\t\t\t\t<\/div>\n\t\t\t\t<\/div>\n\t\t\t\t\t\t<\/div>\n\t\t\t\t\t<\/div>\n\t\t<\/div>\n\t\t\t\t\t\t\t\t<\/div>\n\t\t\t\t\t<\/div>\n\t\t<\/section>\n\t\t\t\t<section class=\"elementor-section elementor-top-section elementor-element elementor-element-1f19adf elementor-section-boxed elementor-section-height-default elementor-section-height-default\" data-id=\"1f19adf\" data-element_type=\"section\">\n\t\t\t\t\t\t<div class=\"elementor-container elementor-column-gap-default\">\n\t\t\t\t\t\t\t<div class=\"elementor-row\">\n\t\t\t\t\t<div class=\"elementor-column elementor-col-100 elementor-top-column elementor-element elementor-element-2dbb084e\" data-id=\"2dbb084e\" data-element_type=\"column\">\n\t\t\t<div class=\"elementor-column-wrap elementor-element-populated\">\n\t\t\t\t\t\t\t<div class=\"elementor-widget-wrap\">\n\t\t\t\t\t\t<div class=\"elementor-element elementor-element-416595b elementor-widget elementor-widget-text-editor\" data-id=\"416595b\" data-element_type=\"widget\" data-widget_type=\"text-editor.default\">\n\t\t\t\t<div class=\"elementor-widget-container\">\n\t\t\t\t\t\t\t\t<div class=\"elementor-text-editor elementor-clearfix\">\n\t\t\t\t<p><span style=\"font-weight: var( --e-global-typography-text-font-weight ); color: rgba(0, 0, 0, 0.9); font-family: -apple-system, system-ui, BlinkMacSystemFont, 'Segoe UI', Roboto, 'Helvetica Neue', 'Fira Sans', Ubuntu, Oxygen, 'Oxygen Sans', Cantarell, 'Droid Sans', 'Apple Color Emoji', 'Segoe UI Emoji', 'Segoe UI Emoji', 'Segoe UI Symbol', 'Lucida Grande', Helvetica, Arial, sans-serif; font-size: 14px; background-color: #ffffff;\">\u00a0Voici l&#8217;histoire inspirante de l&#8217;une de nos remarquables b\u00e9n\u00e9voles de l&#8217;heure du conte. Merci \u00e0 Aurore Singiza Sebuyange pour le temps qu&#8217;elle consacre \u00e0 donner vie aux histoires et \u00e0 apporter de la joie \u00e0 de si nombreux enfants !\u00a0En tant que Miss Qu\u00e9bec, Aurore s&#8217;est engag\u00e9e \u00e0 utiliser sa plateforme pour promouvoir l&#8217;amour de la lecture et de l&#8217;apprentissage chez les enfants. Bravo ! \ud83e\udd29<\/span><\/p>\t\t\t\t\t<\/div>\n\t\t\t\t\t\t<\/div>\n\t\t\t\t<\/div>\n\t\t\t\t<div class=\"elementor-element elementor-element-26c8fe7d elementor-widget elementor-widget-spacer\" data-id=\"26c8fe7d\" data-element_type=\"widget\" data-widget_type=\"spacer.default\">\n\t\t\t\t<div class=\"elementor-widget-container\">\n\t\t\t\t\t<div class=\"elementor-spacer\">\n\t\t\t<div class=\"elementor-spacer-inner\"><\/div>\n\t\t<\/div>\n\t\t\t\t<\/div>\n\t\t\t\t<\/div>\n\t\t\t\t\t\t<\/div>\n\t\t\t\t\t<\/div>\n\t\t<\/div>\n\t\t\t\t\t\t\t\t<\/div>\n\t\t\t\t\t<\/div>\n\t\t<\/section>\n\t\t\t\t\t\t<\/div>\n\t\t\t\t\t\t<\/div>\n\t\t\t\t\t<\/div>\n\t\t","protected":false},"excerpt":{"rendered":"<p>B\u00e9n\u00e9volat Aidez-nous \u00e0 changer la vie de nos tout-petits un livre \u00e0 la fois ! Opportunit\u00e9s de b\u00e9n\u00e9volat : \u00a0&#8211; Animer une heure de conte hebdomadaire pour les enfants jusqu&#8217;\u00e0 8 ans (Nous fournissons les livres, la formation et le soutien dont vous avez besoin !)&#8211; Traitement des livres ; mise en rayon des livres&#8211; Livraisons&#8211; Ev\u00e9nements sp\u00e9ciaux&#8211; Conception de sites web Devenez un b\u00e9n\u00e9vole \u00a0: CLIQUEZ ICI ! https:\/\/youtu.be\/vWsECHVNtL4 \u00a0Voici l&#8217;histoire inspirante de l&#8217;une de nos remarquables b\u00e9n\u00e9voles de&hellip;<\/p>\n","protected":false},"author":1,"featured_media":0,"parent":0,"menu_order":0,"comment_status":"closed","ping_status":"closed","template":"","meta":{"om_disable_all_campaigns":false,"_monsterinsights_skip_tracking":false,"_monsterinsights_sitenote_active":false,"_monsterinsights_sitenote_note":"","_monsterinsights_sitenote_category":0},"aioseo_notices":[],"_links":{"self":[{"href":"https:\/\/www.minibiblioplus.org\/index.php\/wp-json\/wp\/v2\/pages\/408"}],"collection":[{"href":"https:\/\/www.minibiblioplus.org\/index.php\/wp-json\/wp\/v2\/pages"}],"about":[{"href":"https:\/\/www.minibiblioplus.org\/index.php\/wp-json\/wp\/v2\/types\/page"}],"author":[{"embeddable":true,"href":"https:\/\/www.minibiblioplus.org\/index.php\/wp-json\/wp\/v2\/users\/1"}],"replies":[{"embeddable":true,"href":"https:\/\/www.minibiblioplus.org\/index.php\/wp-json\/wp\/v2\/comments?post=408"}],"version-history":[{"count":18,"href":"https:\/\/www.minibiblioplus.org\/index.php\/wp-json\/wp\/v2\/pages\/408\/revisions"}],"predecessor-version":[{"id":6209,"href":"https:\/\/www.minibiblioplus.org\/index.php\/wp-json\/wp\/v2\/pages\/408\/revisions\/6209"}],"wp:attachment":[{"href":"https:\/\/www.minibiblioplus.org\/index.php\/wp-json\/wp\/v2\/media?parent=408"}],"curies":[{"name":"wp","href":"https:\/\/api.w.org\/{rel}","templated":true}]}}