{"id":412,"date":"2019-08-16T13:30:31","date_gmt":"2019-08-16T13:30:31","guid":{"rendered":"http:\/\/new.fraserhickson.ca\/?page_id=412"},"modified":"2025-11-06T15:18:26","modified_gmt":"2025-11-06T20:18:26","slug":"comment-ca-marche","status":"publish","type":"page","link":"https:\/\/www.minibiblioplus.org\/index.php\/minibiblioplus-2\/comment-ca-marche\/","title":{"rendered":"Comment \u00e7a marche"},"content":{"rendered":"\t\t<div data-elementor-type=\"wp-post\" data-elementor-id=\"412\" class=\"elementor elementor-412\" data-elementor-settings=\"[]\">\n\t\t\t\t\t\t<div class=\"elementor-inner\">\n\t\t\t\t\t\t\t<div class=\"elementor-section-wrap\">\n\t\t\t\t\t\t\t<section class=\"elementor-section elementor-top-section elementor-element elementor-element-7b03ffb8 elementor-section-boxed elementor-section-height-default elementor-section-height-default\" data-id=\"7b03ffb8\" data-element_type=\"section\">\n\t\t\t\t\t\t<div class=\"elementor-container elementor-column-gap-default\">\n\t\t\t\t\t\t\t<div class=\"elementor-row\">\n\t\t\t\t\t<div class=\"elementor-column elementor-col-100 elementor-top-column elementor-element elementor-element-3ca86d9b\" data-id=\"3ca86d9b\" data-element_type=\"column\">\n\t\t\t<div class=\"elementor-column-wrap elementor-element-populated\">\n\t\t\t\t\t\t\t<div class=\"elementor-widget-wrap\">\n\t\t\t\t\t\t<div class=\"elementor-element elementor-element-7fc9a4bd elementor-widget elementor-widget-spacer\" data-id=\"7fc9a4bd\" data-element_type=\"widget\" data-widget_type=\"spacer.default\">\n\t\t\t\t<div class=\"elementor-widget-container\">\n\t\t\t\t\t<div class=\"elementor-spacer\">\n\t\t\t<div class=\"elementor-spacer-inner\"><\/div>\n\t\t<\/div>\n\t\t\t\t<\/div>\n\t\t\t\t<\/div>\n\t\t\t\t<div class=\"elementor-element elementor-element-14043b41 elementor-widget elementor-widget-heading\" data-id=\"14043b41\" data-element_type=\"widget\" data-widget_type=\"heading.default\">\n\t\t\t\t<div class=\"elementor-widget-container\">\n\t\t\t<h2 class=\"elementor-heading-title elementor-size-default\">Comment \u00e7a fonctionne<\/h2>\t\t<\/div>\n\t\t\t\t<\/div>\n\t\t\t\t\t\t<\/div>\n\t\t\t\t\t<\/div>\n\t\t<\/div>\n\t\t\t\t\t\t\t\t<\/div>\n\t\t\t\t\t<\/div>\n\t\t<\/section>\n\t\t\t\t<section class=\"elementor-section elementor-top-section elementor-element elementor-element-5552bedb elementor-section-boxed elementor-section-height-default elementor-section-height-default\" data-id=\"5552bedb\" data-element_type=\"section\">\n\t\t\t\t\t\t<div class=\"elementor-container elementor-column-gap-default\">\n\t\t\t\t\t\t\t<div class=\"elementor-row\">\n\t\t\t\t\t<div class=\"elementor-column elementor-col-33 elementor-top-column elementor-element elementor-element-2f2dedf9\" data-id=\"2f2dedf9\" data-element_type=\"column\">\n\t\t\t<div class=\"elementor-column-wrap elementor-element-populated\">\n\t\t\t\t\t\t\t<div class=\"elementor-widget-wrap\">\n\t\t\t\t\t\t<div class=\"elementor-element elementor-element-aa86368 elementor-widget elementor-widget-spacer\" data-id=\"aa86368\" data-element_type=\"widget\" data-widget_type=\"spacer.default\">\n\t\t\t\t<div class=\"elementor-widget-container\">\n\t\t\t\t\t<div class=\"elementor-spacer\">\n\t\t\t<div class=\"elementor-spacer-inner\"><\/div>\n\t\t<\/div>\n\t\t\t\t<\/div>\n\t\t\t\t<\/div>\n\t\t\t\t<div class=\"elementor-element elementor-element-7342949b elementor-widget elementor-widget-text-editor\" data-id=\"7342949b\" data-element_type=\"widget\" data-widget_type=\"text-editor.default\">\n\t\t\t\t<div class=\"elementor-widget-container\">\n\t\t\t\t\t\t\t\t<div class=\"elementor-text-editor elementor-clearfix\">\n\t\t\t\t<p>La litt\u00e9ratie pr\u00e9coce a un impact d\u00e9montr\u00e9 sur le d\u00e9veloppement cognitif, social et \u00e9motionnel des enfants; de nombreuses \u00e9tudes le confirment.<\/p><p>En devenant partenaire de minibiblioPLUS, vous rejoignez un mouvement visant \u00e0 favoriser l\u2019amour des livres et le d\u00e9veloppement global des enfants de 0 \u00e0 8 ans. Nous fournissons tous les outils et formations n\u00e9cessaires pour transmettre le plaisir de lire, fond\u00e9s sur la science et adapt\u00e9s au milieu de la petite enfance.<\/p><p>Gr\u00e2ce aux subventions de nos g\u00e9n\u00e9reux donateurs, nous offrons gratuitement des minibiblioth\u00e8ques, nos programmes et plus de 10 ans d\u2019expertise aux organismes qui desservent les enfants, particuli\u00e8rement ceux ayant un acc\u00e8s limit\u00e9 aux livres ou aux ressources pour animer la lecture efficacement.<\/p>\t\t\t\t\t<\/div>\n\t\t\t\t\t\t<\/div>\n\t\t\t\t<\/div>\n\t\t\t\t\t\t<\/div>\n\t\t\t\t\t<\/div>\n\t\t<\/div>\n\t\t\t\t<div class=\"elementor-column elementor-col-66 elementor-top-column elementor-element elementor-element-407cf63e\" data-id=\"407cf63e\" data-element_type=\"column\">\n\t\t\t<div class=\"elementor-column-wrap elementor-element-populated\">\n\t\t\t\t\t\t\t<div class=\"elementor-widget-wrap\">\n\t\t\t\t\t\t<div class=\"elementor-element elementor-element-45ab6ebd elementor-widget elementor-widget-image\" data-id=\"45ab6ebd\" data-element_type=\"widget\" data-widget_type=\"image.default\">\n\t\t\t\t<div class=\"elementor-widget-container\">\n\t\t\t\t\t\t\t\t<div class=\"elementor-image\">\n\t\t\t\t\t\t\t\t\t\t\t\t<img src=\"https:\/\/www.minibiblioplus.org\/wp-content\/uploads\/elementor\/thumbs\/50580476_2178677715488129_2255801447599833088_n-oddjxnsv0ng1oewn7kissalycsbr019wkzrhqa6ks8.jpg\" title=\"50580476_2178677715488129_2255801447599833088_n\" alt=\"50580476_2178677715488129_2255801447599833088_n\" \/>\t\t\t\t\t\t\t\t\t\t\t\t\t\t<\/div>\n\t\t\t\t\t\t<\/div>\n\t\t\t\t<\/div>\n\t\t\t\t\t\t<\/div>\n\t\t\t\t\t<\/div>\n\t\t<\/div>\n\t\t\t\t\t\t\t\t<\/div>\n\t\t\t\t\t<\/div>\n\t\t<\/section>\n\t\t\t\t<section class=\"elementor-section elementor-top-section elementor-element elementor-element-447267e elementor-section-boxed elementor-section-height-default elementor-section-height-default\" data-id=\"447267e\" data-element_type=\"section\">\n\t\t\t\t\t\t<div class=\"elementor-container elementor-column-gap-default\">\n\t\t\t\t\t\t\t<div class=\"elementor-row\">\n\t\t\t\t\t<div class=\"elementor-column elementor-col-50 elementor-top-column elementor-element elementor-element-4e6aa45\" data-id=\"4e6aa45\" data-element_type=\"column\">\n\t\t\t<div class=\"elementor-column-wrap elementor-element-populated\">\n\t\t\t\t\t\t\t<div class=\"elementor-widget-wrap\">\n\t\t\t\t\t\t<div class=\"elementor-element elementor-element-7a3f2b81 elementor-widget elementor-widget-image\" data-id=\"7a3f2b81\" data-element_type=\"widget\" data-widget_type=\"image.default\">\n\t\t\t\t<div class=\"elementor-widget-container\">\n\t\t\t\t\t\t\t\t<div class=\"elementor-image\">\n\t\t\t\t\t\t\t\t\t\t\t\t<img src=\"https:\/\/www.minibiblioplus.org\/wp-content\/uploads\/elementor\/thumbs\/minibiblio-oddjogxkamqn3dm5magvckyy0fu6a4wbogjlizl1km.png\" title=\"minibiblio\" alt=\"minibiblio\" \/>\t\t\t\t\t\t\t\t\t\t\t\t\t\t<\/div>\n\t\t\t\t\t\t<\/div>\n\t\t\t\t<\/div>\n\t\t\t\t<div class=\"elementor-element elementor-element-63982cbb elementor-widget elementor-widget-text-editor\" data-id=\"63982cbb\" data-element_type=\"widget\" data-widget_type=\"text-editor.default\">\n\t\t\t\t<div class=\"elementor-widget-container\">\n\t\t\t\t\t\t\t\t<div class=\"elementor-text-editor elementor-clearfix\">\n\t\t\t\t<p>\u00b7 Mini-biblioth\u00e8que gratuite, adapt\u00e9e \u00e0 votre organisme, renouvelable annuellement ou saisonni\u00e8rement.<\/p><p>\u00b7 Livres en anglais ou en fran\u00e7ais selon vos besoins et selon les disponibilit\u00e9s \u00e0 notre biblioth\u00e8que centrale.<\/p><p>\u00b7 Installation, r\u00e9approvisionnement et formation pour votre \u00e9quipe ou b\u00e9n\u00e9voles.<\/p><p>\u00b7 Visibilit\u00e9 comme membre partenaire sur notre site et communications.<\/p>\t\t\t\t\t<\/div>\n\t\t\t\t\t\t<\/div>\n\t\t\t\t<\/div>\n\t\t\t\t\t\t<\/div>\n\t\t\t\t\t<\/div>\n\t\t<\/div>\n\t\t\t\t<div class=\"elementor-column elementor-col-50 elementor-top-column elementor-element elementor-element-4cbdc28\" data-id=\"4cbdc28\" data-element_type=\"column\">\n\t\t\t<div class=\"elementor-column-wrap elementor-element-populated\">\n\t\t\t\t\t\t\t<div class=\"elementor-widget-wrap\">\n\t\t\t\t\t\t<div class=\"elementor-element elementor-element-6b9c58dc elementor-widget elementor-widget-heading\" data-id=\"6b9c58dc\" data-element_type=\"widget\" data-widget_type=\"heading.default\">\n\t\t\t\t<div class=\"elementor-widget-container\">\n\t\t\t<h2 class=\"elementor-heading-title elementor-size-default\">Programme PLUS - \u00c9veil \u00e0 la lecture<\/h2>\t\t<\/div>\n\t\t\t\t<\/div>\n\t\t\t\t<div class=\"elementor-element elementor-element-408452b4 elementor-widget elementor-widget-text-editor\" data-id=\"408452b4\" data-element_type=\"widget\" data-widget_type=\"text-editor.default\">\n\t\t\t\t<div class=\"elementor-widget-container\">\n\t\t\t\t\t\t\t\t<div class=\"elementor-text-editor elementor-clearfix\">\n\t\t\t\t<p>\u00b7 Ressources partag\u00e9es mensuellement pour accompagner les \u00e9ducateurs et faciliter la planification rapide d\u2019activit\u00e9s de litt\u00e9ratie au quotidien.<\/p><p>\u00b7 S\u00e9ances r\u00e9guli\u00e8res de lecture anim\u00e9es par nos b\u00e9n\u00e9voles form\u00e9s.<\/p><p>\u00b7 Atelier pour parents pour d\u00e9couvrir la litt\u00e9ratie pr\u00e9coce, avec guide pour soutenir l\u2019amour des livres \u00e0 la maison.<\/p><p>\u00b7 Formation pour \u00e9ducateurs et ressources mensuelles pour int\u00e9grer la litt\u00e9ratie dans les activit\u00e9s quotidiennes, afin de soutenir le d\u00e9veloppement global des enfants.\u00a0<\/p>\t\t\t\t\t<\/div>\n\t\t\t\t\t\t<\/div>\n\t\t\t\t<\/div>\n\t\t\t\t\t\t<\/div>\n\t\t\t\t\t<\/div>\n\t\t<\/div>\n\t\t\t\t\t\t\t\t<\/div>\n\t\t\t\t\t<\/div>\n\t\t<\/section>\n\t\t\t\t<section class=\"elementor-section elementor-top-section elementor-element elementor-element-43cf2318 elementor-section-boxed elementor-section-height-default elementor-section-height-default\" data-id=\"43cf2318\" data-element_type=\"section\">\n\t\t\t\t\t\t<div class=\"elementor-container elementor-column-gap-default\">\n\t\t\t\t\t\t\t<div class=\"elementor-row\">\n\t\t\t\t\t<div class=\"elementor-column elementor-col-100 elementor-top-column elementor-element elementor-element-26ca3b45\" data-id=\"26ca3b45\" data-element_type=\"column\">\n\t\t\t<div class=\"elementor-column-wrap elementor-element-populated\">\n\t\t\t\t\t\t\t<div class=\"elementor-widget-wrap\">\n\t\t\t\t\t\t<div class=\"elementor-element elementor-element-301b23fb elementor-widget elementor-widget-spacer\" data-id=\"301b23fb\" data-element_type=\"widget\" data-widget_type=\"spacer.default\">\n\t\t\t\t<div class=\"elementor-widget-container\">\n\t\t\t\t\t<div class=\"elementor-spacer\">\n\t\t\t<div class=\"elementor-spacer-inner\"><\/div>\n\t\t<\/div>\n\t\t\t\t<\/div>\n\t\t\t\t<\/div>\n\t\t\t\t<div class=\"elementor-element elementor-element-42efcb6c elementor-widget elementor-widget-text-editor\" data-id=\"42efcb6c\" data-element_type=\"widget\" data-widget_type=\"text-editor.default\">\n\t\t\t\t<div class=\"elementor-widget-container\">\n\t\t\t\t\t\t\t\t<div class=\"elementor-text-editor elementor-clearfix\">\n\t\t\t\t<h4><b style=\"font-size: 1.5em;\"><u>Devenir partenaire:<\/u><\/b><\/h4><h4>Pour les partenaires locaux (Montr\u00e9al):<\/h4><p>Contactez-nous au 514-872-0517 ou \u00e0 info@minibiblioplus.org.<\/p><h4>Pour les partenaires situ\u00e9s hors Montr\u00e9al:<\/h4><p>\u00a0D\u00e9couvrez notre offre r\u00e9gionale\/nationale et comment rejoindre notre r\u00e9seau.<\/p>\t\t\t\t\t<\/div>\n\t\t\t\t\t\t<\/div>\n\t\t\t\t<\/div>\n\t\t\t\t\t\t<\/div>\n\t\t\t\t\t<\/div>\n\t\t<\/div>\n\t\t\t\t\t\t\t\t<\/div>\n\t\t\t\t\t<\/div>\n\t\t<\/section>\n\t\t\t\t\t\t<\/div>\n\t\t\t\t\t\t<\/div>\n\t\t\t\t\t<\/div>\n\t\t","protected":false},"excerpt":{"rendered":"<p>Comment \u00e7a fonctionne La litt\u00e9ratie pr\u00e9coce a un impact d\u00e9montr\u00e9 sur le d\u00e9veloppement cognitif, social et \u00e9motionnel des enfants; de nombreuses \u00e9tudes le confirment. En devenant partenaire de minibiblioPLUS, vous rejoignez un mouvement visant \u00e0 favoriser l\u2019amour des livres et le d\u00e9veloppement global des enfants de 0 \u00e0 8 ans. Nous fournissons tous les outils et formations n\u00e9cessaires pour transmettre le plaisir de lire, fond\u00e9s sur la science et adapt\u00e9s au milieu de la petite enfance. Gr\u00e2ce aux subventions de&hellip;<\/p>\n","protected":false},"author":1,"featured_media":0,"parent":404,"menu_order":0,"comment_status":"closed","ping_status":"closed","template":"","meta":{"om_disable_all_campaigns":false,"_monsterinsights_skip_tracking":false,"_monsterinsights_sitenote_active":false,"_monsterinsights_sitenote_note":"","_monsterinsights_sitenote_category":0},"aioseo_notices":[],"_links":{"self":[{"href":"https:\/\/www.minibiblioplus.org\/index.php\/wp-json\/wp\/v2\/pages\/412"}],"collection":[{"href":"https:\/\/www.minibiblioplus.org\/index.php\/wp-json\/wp\/v2\/pages"}],"about":[{"href":"https:\/\/www.minibiblioplus.org\/index.php\/wp-json\/wp\/v2\/types\/page"}],"author":[{"embeddable":true,"href":"https:\/\/www.minibiblioplus.org\/index.php\/wp-json\/wp\/v2\/users\/1"}],"replies":[{"embeddable":true,"href":"https:\/\/www.minibiblioplus.org\/index.php\/wp-json\/wp\/v2\/comments?post=412"}],"version-history":[{"count":30,"href":"https:\/\/www.minibiblioplus.org\/index.php\/wp-json\/wp\/v2\/pages\/412\/revisions"}],"predecessor-version":[{"id":7552,"href":"https:\/\/www.minibiblioplus.org\/index.php\/wp-json\/wp\/v2\/pages\/412\/revisions\/7552"}],"up":[{"embeddable":true,"href":"https:\/\/www.minibiblioplus.org\/index.php\/wp-json\/wp\/v2\/pages\/404"}],"wp:attachment":[{"href":"https:\/\/www.minibiblioplus.org\/index.php\/wp-json\/wp\/v2\/media?parent=412"}],"curies":[{"name":"wp","href":"https:\/\/api.w.org\/{rel}","templated":true}]}}