{"id":414,"date":"2019-08-16T13:30:44","date_gmt":"2019-08-16T13:30:44","guid":{"rendered":"http:\/\/new.fraserhickson.ca\/?page_id=414"},"modified":"2025-11-06T15:16:31","modified_gmt":"2025-11-06T20:16:31","slug":"partners","status":"publish","type":"page","link":"https:\/\/www.minibiblioplus.org\/index.php\/en\/minibiblioplus\/partners\/","title":{"rendered":"Partners"},"content":{"rendered":"\t\t<div data-elementor-type=\"wp-post\" data-elementor-id=\"414\" class=\"elementor elementor-414\" data-elementor-settings=\"[]\">\n\t\t\t\t\t\t<div class=\"elementor-inner\">\n\t\t\t\t\t\t\t<div class=\"elementor-section-wrap\">\n\t\t\t\t\t\t\t<section class=\"elementor-section elementor-top-section elementor-element elementor-element-f52486c elementor-section-boxed elementor-section-height-default elementor-section-height-default\" data-id=\"f52486c\" data-element_type=\"section\">\n\t\t\t\t\t\t<div class=\"elementor-container elementor-column-gap-default\">\n\t\t\t\t\t\t\t<div class=\"elementor-row\">\n\t\t\t\t\t<div class=\"elementor-column elementor-col-100 elementor-top-column elementor-element elementor-element-8a9aea9\" data-id=\"8a9aea9\" data-element_type=\"column\">\n\t\t\t<div class=\"elementor-column-wrap elementor-element-populated\">\n\t\t\t\t\t\t\t<div class=\"elementor-widget-wrap\">\n\t\t\t\t\t\t<div class=\"elementor-element elementor-element-9ace8fc elementor-widget elementor-widget-spacer\" data-id=\"9ace8fc\" data-element_type=\"widget\" data-widget_type=\"spacer.default\">\n\t\t\t\t<div class=\"elementor-widget-container\">\n\t\t\t\t\t<div class=\"elementor-spacer\">\n\t\t\t<div class=\"elementor-spacer-inner\"><\/div>\n\t\t<\/div>\n\t\t\t\t<\/div>\n\t\t\t\t<\/div>\n\t\t\t\t\t\t<\/div>\n\t\t\t\t\t<\/div>\n\t\t<\/div>\n\t\t\t\t\t\t\t\t<\/div>\n\t\t\t\t\t<\/div>\n\t\t<\/section>\n\t\t\t\t<section class=\"elementor-section elementor-top-section elementor-element elementor-element-df48838 elementor-section-boxed elementor-section-height-default elementor-section-height-default\" data-id=\"df48838\" data-element_type=\"section\">\n\t\t\t\t\t\t<div class=\"elementor-container elementor-column-gap-default\">\n\t\t\t\t\t\t\t<div class=\"elementor-row\">\n\t\t\t\t\t<div class=\"elementor-column elementor-col-100 elementor-top-column elementor-element elementor-element-1ec2520\" data-id=\"1ec2520\" data-element_type=\"column\">\n\t\t\t<div class=\"elementor-column-wrap elementor-element-populated\">\n\t\t\t\t\t\t\t<div class=\"elementor-widget-wrap\">\n\t\t\t\t\t\t<div class=\"elementor-element elementor-element-eda7925 elementor-widget elementor-widget-heading\" data-id=\"eda7925\" data-element_type=\"widget\" data-widget_type=\"heading.default\">\n\t\t\t\t<div class=\"elementor-widget-container\">\n\t\t\t<h2 class=\"elementor-heading-title elementor-size-default\">Partners<\/h2>\t\t<\/div>\n\t\t\t\t<\/div>\n\t\t\t\t\t\t<\/div>\n\t\t\t\t\t<\/div>\n\t\t<\/div>\n\t\t\t\t\t\t\t\t<\/div>\n\t\t\t\t\t<\/div>\n\t\t<\/section>\n\t\t\t\t<section class=\"elementor-section elementor-top-section elementor-element elementor-element-ca2ef53 elementor-section-boxed elementor-section-height-default elementor-section-height-default\" data-id=\"ca2ef53\" data-element_type=\"section\">\n\t\t\t\t\t\t<div class=\"elementor-container elementor-column-gap-default\">\n\t\t\t\t\t\t\t<div class=\"elementor-row\">\n\t\t\t\t\t<div class=\"elementor-column elementor-col-100 elementor-top-column elementor-element elementor-element-140d2f8\" data-id=\"140d2f8\" data-element_type=\"column\">\n\t\t\t<div class=\"elementor-column-wrap elementor-element-populated\">\n\t\t\t\t\t\t\t<div class=\"elementor-widget-wrap\">\n\t\t\t\t\t\t<div class=\"elementor-element elementor-element-4cfb232 elementor-widget elementor-widget-spacer\" data-id=\"4cfb232\" data-element_type=\"widget\" data-widget_type=\"spacer.default\">\n\t\t\t\t<div class=\"elementor-widget-container\">\n\t\t\t\t\t<div class=\"elementor-spacer\">\n\t\t\t<div class=\"elementor-spacer-inner\"><\/div>\n\t\t<\/div>\n\t\t\t\t<\/div>\n\t\t\t\t<\/div>\n\t\t\t\t\t\t<\/div>\n\t\t\t\t\t<\/div>\n\t\t<\/div>\n\t\t\t\t\t\t\t\t<\/div>\n\t\t\t\t\t<\/div>\n\t\t<\/section>\n\t\t\t\t<section class=\"elementor-section elementor-top-section elementor-element elementor-element-3a99420 elementor-section-boxed elementor-section-height-default elementor-section-height-default\" data-id=\"3a99420\" data-element_type=\"section\">\n\t\t\t\t\t\t<div class=\"elementor-container elementor-column-gap-default\">\n\t\t\t\t\t\t\t<div class=\"elementor-row\">\n\t\t\t\t\t<div class=\"elementor-column elementor-col-100 elementor-top-column elementor-element elementor-element-f7401ce\" data-id=\"f7401ce\" data-element_type=\"column\">\n\t\t\t<div class=\"elementor-column-wrap elementor-element-populated\">\n\t\t\t\t\t\t\t<div class=\"elementor-widget-wrap\">\n\t\t\t\t\t\t<div class=\"elementor-element elementor-element-850c8e9 elementor-widget elementor-widget-image\" data-id=\"850c8e9\" data-element_type=\"widget\" data-widget_type=\"image.default\">\n\t\t\t\t<div class=\"elementor-widget-container\">\n\t\t\t\t\t\t\t\t<div class=\"elementor-image\">\n\t\t\t\t\t\t\t\t\t\t\t\t<img src=\"https:\/\/www.minibiblioplus.org\/wp-content\/uploads\/elementor\/thumbs\/website-slider-12-r8unuwz9ol5d0i4vn0mzuir2ou7oh0l23xhsex4drg.png\" title=\"website slider (12)\" alt=\"website slider (12)\" \/>\t\t\t\t\t\t\t\t\t\t\t\t\t\t<\/div>\n\t\t\t\t\t\t<\/div>\n\t\t\t\t<\/div>\n\t\t\t\t\t\t<\/div>\n\t\t\t\t\t<\/div>\n\t\t<\/div>\n\t\t\t\t\t\t\t\t<\/div>\n\t\t\t\t\t<\/div>\n\t\t<\/section>\n\t\t\t\t<section class=\"elementor-section elementor-top-section elementor-element elementor-element-266a954 elementor-section-boxed elementor-section-height-default elementor-section-height-default\" data-id=\"266a954\" data-element_type=\"section\">\n\t\t\t\t\t\t<div class=\"elementor-container elementor-column-gap-default\">\n\t\t\t\t\t\t\t<div class=\"elementor-row\">\n\t\t\t\t\t<div class=\"elementor-column elementor-col-100 elementor-top-column elementor-element elementor-element-b25c0eb\" data-id=\"b25c0eb\" data-element_type=\"column\">\n\t\t\t<div class=\"elementor-column-wrap elementor-element-populated\">\n\t\t\t\t\t\t\t<div class=\"elementor-widget-wrap\">\n\t\t\t\t\t\t<div class=\"elementor-element elementor-element-5f9efa5 elementor-widget elementor-widget-text-editor\" data-id=\"5f9efa5\" data-element_type=\"widget\" data-widget_type=\"text-editor.default\">\n\t\t\t\t<div class=\"elementor-widget-container\">\n\t\t\t\t\t\t\t\t<div class=\"elementor-text-editor elementor-clearfix\">\n\t\t\t\t<p>Our partners benefit from <b>minibiblioPLUS&#8217;s programs and expertise in early literacy<\/b>, providing children aged 0 to 8 with tangible access to books and quality reading activities.<span style=\"font-size: 1.05rem;\">\u00a0<\/span><\/p><p>Each partnership contributes directly to <b>improving literacy in Quebec,<\/b> promoting a love of books, and supporting children&#8217;s overall development.<\/p><p>By joining our network, your organization becomes an agent of change: you provide children with essential learning tools, train your staff or volunteers, and participate in a national movement to strengthen early literacy.<\/p><p><a href=\"https:\/\/www.minibiblioplus.org\/index.php\/en\/minibiblioplus\/how-we-work\/\">Would you like to become a partner? Discover what we offer and join minibiblioPLUS.<\/a><\/p>\t\t\t\t\t<\/div>\n\t\t\t\t\t\t<\/div>\n\t\t\t\t<\/div>\n\t\t\t\t\t\t<\/div>\n\t\t\t\t\t<\/div>\n\t\t<\/div>\n\t\t\t\t\t\t\t\t<\/div>\n\t\t\t\t\t<\/div>\n\t\t<\/section>\n\t\t\t\t<section class=\"elementor-section elementor-top-section elementor-element elementor-element-775f9c1 elementor-section-boxed elementor-section-height-default elementor-section-height-default\" data-id=\"775f9c1\" data-element_type=\"section\">\n\t\t\t\t\t\t<div class=\"elementor-container elementor-column-gap-default\">\n\t\t\t\t\t\t\t<div class=\"elementor-row\">\n\t\t\t\t\t<div class=\"elementor-column elementor-col-100 elementor-top-column elementor-element elementor-element-783e889\" data-id=\"783e889\" data-element_type=\"column\">\n\t\t\t<div class=\"elementor-column-wrap elementor-element-populated\">\n\t\t\t\t\t\t\t<div class=\"elementor-widget-wrap\">\n\t\t\t\t\t\t<div class=\"elementor-element elementor-element-e2b3275 elementor-widget elementor-widget-heading\" data-id=\"e2b3275\" data-element_type=\"widget\" data-widget_type=\"heading.default\">\n\t\t\t\t<div class=\"elementor-widget-container\">\n\t\t\t<h2 class=\"elementor-heading-title elementor-size-medium\">In Montreal<\/h2>\t\t<\/div>\n\t\t\t\t<\/div>\n\t\t\t\t\t\t<\/div>\n\t\t\t\t\t<\/div>\n\t\t<\/div>\n\t\t\t\t\t\t\t\t<\/div>\n\t\t\t\t\t<\/div>\n\t\t<\/section>\n\t\t\t\t<section class=\"elementor-section elementor-top-section elementor-element elementor-element-1c6e23e elementor-section-boxed elementor-section-height-default elementor-section-height-default\" data-id=\"1c6e23e\" data-element_type=\"section\">\n\t\t\t\t\t\t<div class=\"elementor-container elementor-column-gap-default\">\n\t\t\t\t\t\t\t<div class=\"elementor-row\">\n\t\t\t\t\t<div class=\"elementor-column elementor-col-100 elementor-top-column elementor-element elementor-element-fd494ff\" data-id=\"fd494ff\" data-element_type=\"column\">\n\t\t\t<div class=\"elementor-column-wrap elementor-element-populated\">\n\t\t\t\t\t\t\t<div class=\"elementor-widget-wrap\">\n\t\t\t\t\t\t<div class=\"elementor-element elementor-element-382e0e5 elementor-widget elementor-widget-text-editor\" data-id=\"382e0e5\" data-element_type=\"widget\" data-widget_type=\"text-editor.default\">\n\t\t\t\t<div class=\"elementor-widget-container\">\n\t\t\t\t\t\t\t\t<div class=\"elementor-text-editor elementor-clearfix\">\n\t\t\t\t<ol style=\"margin-top: 0cm;\" start=\"1\" type=\"1\"><li><span lang=\"FR-CA\">Acad\u00e9mie Blossom<\/span><\/li><li><span lang=\"FR-CA\">Acad\u00e9mie Pr\u00e9scolaire Mon D\u00e9part<\/span><\/li><li><span lang=\"FR-CA\">Agence Ometz<\/span><\/li><li><span lang=\"FR-CA\">Association Cigogne<\/span><\/li><li><span lang=\"FR-CA\">Baobab Familial<\/span><\/li><li><span lang=\"FR-CA\">Bureau Coordonnateur Lieu des Petits<\/span><\/li><li><span lang=\"FR-CA\">Bienvenue \u00e0 NDG<\/span><\/li><li><span lang=\"FR-CA\">Bienvenue \u00e0 NDG &#8211; <\/span>Garderie<\/li><li>Black community resource center (BCRC)<\/li><li><span lang=\"FR-CA\">CDN Black Community Association- de la communaut\u00e9 noire de CDN<\/span><\/li><li><span lang=\"FR-CA\">Centre Communautaire Mountain Sights \/ Mountain Sights Community Centre\u00a0 <\/span><\/li><li><span lang=\"FR-CA\">CCS NDG<\/span><\/li><li>CLSC Benny<\/li><li>CLSC C\u00f4te-des-Neiges<\/li><li>Clinique Entourfamille<\/li><li>Coronation Elementary School<\/li><li><span lang=\"FR-CA\">CPE Au Petit Nuage Installation 1<\/span><\/li><li><span lang=\"FR-CA\">CPE Au Petit Nuage Installation 2<\/span><\/li><li><span lang=\"FR-CA\">CPE Ch\u00e2teau-des-neiges<\/span><\/li><li><span lang=\"FR-CA\">CPE Ch\u00e2teau-des-neiges \u00a0&#8211; Pavillion Flocons de neige<\/span><\/li><li><span lang=\"FR-CA\">CPE de l\u2019Universit\u00e9 de Montr\u00e9al &#8211; 1<\/span><\/li><li><span lang=\"FR-CA\">CPE de l\u2019Universit\u00e9 de Montr\u00e9al &#8211; 2<\/span><\/li><li><span lang=\"FR-CA\">CPE du Centre communautaire juif<\/span><\/li><li><span lang=\"FR-CA\">CPE du Quartier Ouest<\/span><\/li><li><span lang=\"FR-CA\">CPE du Quartier Ouest &#8211; Petite Soeur<\/span><\/li><li><span lang=\"FR-CA\">CPE du YM-YWHA<\/span><\/li><li><span lang=\"FR-CA\">CPE Enfants de Neiges<\/span><\/li><li><span lang=\"FR-CA\">CPE HEC installation Decelles<\/span><\/li><li><span lang=\"FR-CA\">CPE HEC installation Louis-Colin<\/span><\/li><li><span lang=\"FR-CA\">CPE Jardin de Fruits<\/span><\/li><li><span lang=\"FR-CA\">CPE Jardin D&#8217;enfants NDG<\/span><\/li><li><span lang=\"FR-CA\">CPE Le Gardien des R\u00eaves<\/span><\/li><li><span lang=\"FR-CA\">CPE Le Pas De G\u00e9ant<\/span><\/li><li><span lang=\"FR-CA\">CPE Les Amis de Promis<\/span><\/li><li><span lang=\"FR-CA\">CPE Les Copains d&#8217;Abord<\/span><\/li><li><span lang=\"FR-CA\">CPE Les Enfants de Paradis<\/span><\/li><li><span lang=\"FR-CA\">CPE Les Petits G\u00e9nies Inc.<\/span><\/li><li><span lang=\"FR-CA\">CPE les P&#8217;tits Profs Inc<\/span><\/li><li><span lang=\"FR-CA\">CPE Lieu des petits- Installation Petites Chenilles<\/span><\/li><li><span lang=\"FR-CA\">CPE Mes Premiers Pas<\/span><\/li><li><span lang=\"FR-CA\">CPE Mes Premiers Pas-Bedford<\/span><\/li><li><span lang=\"FR-CA\">CPE Notre-Dame-de Gr\u00e2ce<\/span><\/li><li><span lang=\"FR-CA\">CPE Ste-Justine 1<\/span><\/li><li><span lang=\"FR-CA\">CPE Ste-Justine 2<\/span><\/li><li>CPE St. Mary Installation Chapel<\/li><li>CPE St Mary Installation Duplex<\/li><li>CPE Yeshiva Levi Yitzchak<\/li><li><span lang=\"FR-CA\">\u00c9cole Pr\u00e9scolaire Montessori <\/span><\/li><li><span lang=\"FR-CA\">Elizabeth House<\/span><\/li><li><span lang=\"FR-CA\">Fondation Dr. Julien &#8211; Centre de pediatrie sociale Atlas<\/span><\/li><li><span lang=\"FR-CA\">Fondation Habilitas (Mackay Rehabilitation Centre)<\/span><\/li><li><span lang=\"FR-CA\">Garderie 2 L.I.F.E. 1<\/span><\/li><li><span lang=\"FR-CA\">Garderie L.I.F.E. 2 <\/span><\/li><li>Garderie A.Kids.World<\/li><li>Garderie Acad\u00e9mie Kinder Inc<\/li><li><span lang=\"FR-CA\">Garderie Autour du Monde<\/span><\/li><li><span lang=\"FR-CA\">Garderie Chez Taty<\/span><\/li><li><span lang=\"FR-CA\">Garderie De Jour Playskool De Montr\u00e9al Inc<\/span><\/li><li><span lang=\"FR-CA\">Garderie de Jour Somerled<\/span><\/li><li><span lang=\"FR-CA\">Garderie des Colibris I<\/span><\/li><li><span lang=\"FR-CA\">Garderie des Colibris II<\/span><\/li><li><span lang=\"FR-CA\">Garderie Des Petits Tr\u00e9sors \u00c0 Mina Inc<\/span><\/li><li><span lang=\"FR-CA\">Garderie DO-RE-MI <\/span><\/li><li><span lang=\"FR-CA\">Garderie \u00c9ducative Harmonie D&#8217;Enfants I<\/span><\/li><li><span lang=\"FR-CA\">Garderie \u00c9ducative Harmonie D&#8217;Enfants II<\/span><\/li><li><span lang=\"FR-CA\">Garderie \u00c9ducative Jardin des Fleurs<\/span><\/li><li><span lang=\"FR-CA\">Garderie \u00c9ducative Juliette, L\u00e9a et Cie<\/span><\/li><li><span lang=\"FR-CA\">Garderie \u00c9ducative Les Petits Sourires Inc.<\/span><\/li><li><span lang=\"FR-CA\">Garderie Ile de Coco<\/span><\/li><li><span lang=\"FR-CA\">Garderie Ile de Magie<\/span><\/li><li><span lang=\"FR-CA\">Garderie Jeunes Decouvreurs 1 Inc<\/span><\/li><li><span lang=\"FR-CA\">Garderie K.I.D.S. Fielding <\/span><\/li><li><span lang=\"FR-CA\">Garderie Le Cocon Du Bonheur 2<\/span><\/li><li><span lang=\"FR-CA\">Garderie Les Diamants De Somerled<\/span><\/li><li><span lang=\"FR-CA\">Garderie Les Petits Anges de Wesley<\/span><\/li><li><span lang=\"FR-CA\">Garderie Les Petits Paons<\/span><\/li><li><span lang=\"FR-CA\">Garderie Les Premiers Pas<\/span><\/li><li><span lang=\"FR-CA\">Garderie l&#8217;\u00c9veil au Monde Inc.<\/span><\/li><li>Garderie Maor Yisrael<\/li><li>Garderie Mary Poppins NDG I<\/li><li>Garderie Mary Poppins NDG II<\/li><li><span lang=\"FR-CA\">Garderie Metropolitain<\/span><\/li><li><span lang=\"FR-CA\">Garderie Mini Tr\u00e9sors CDN NDG<\/span><\/li><li><span lang=\"FR-CA\">Garderie Montclair<\/span><\/li><li><span lang=\"FR-CA\">Garderie Montessori Westmount<\/span><\/li><li><span lang=\"FR-CA\">Garderie Nid de Namur<\/span><\/li><li><span lang=\"FR-CA\">Garderie Notre-Dame-de Grace<\/span><\/li><li><span lang=\"FR-CA\">Garderie Orsheli<\/span><\/li><li><span lang=\"FR-CA\">Garderie Olamsheli<\/span><\/li><li><span lang=\"FR-CA\">Enfance pour tous Upper Lachine Daycare<\/span><\/li><li><span lang=\"FR-CA\">Garderie Par-Dessus l&#8217;Arc-en-Ciel GGC<\/span><\/li><li><span lang=\"FR-CA\">Garderie Petit Monde Snowdon<\/span><\/li><li><span lang=\"FR-CA\">Garderie Pr\u00e9scolaire Montessori Internationale Decarie I<\/span><\/li><li><span lang=\"FR-CA\">Garderie Pr\u00e9scolaire Montessori Internationale II<\/span><\/li><li><span lang=\"FR-CA\">Garderie Qwaqwaq<\/span><\/li><li><span lang=\"FR-CA\">Garderie Sherazad <\/span><\/li><li>Garderie Vend\u00f4me Inc<\/li><li>Giant Steps School\u00a0<\/li><li>Halte-Garderie Le Baluchon FAECUM<\/li><li>Head &amp; Hands<\/li><li><span lang=\"FR-CA\">Hopital CHU Sainte-Justine<\/span><\/li><li><span lang=\"FR-CA\">CHU Sainte-Justine &#8211; Centre de r\u00e9adaptation Marie Enfant &#8211; Fondation M\u00e9lio<\/span><\/li><li>Jamaica Association of Montreal<\/li><li>KAZE NOKO Forest School<\/li><li><span lang=\"FR-CA\">L&#8217;Association des parents de CDN<\/span><\/li><li><span lang=\"FR-CA\">Le Relais C\u00f4te-des-Neiges<\/span><\/li><li><span lang=\"FR-CA\">Limmud Centre<\/span><\/li><li><span lang=\"FR-CA\">Loyola Community Center<\/span><\/li><li><span lang=\"FR-CA\">Ma petite \u00e9cole Snowdon inc\u00a0 <\/span><\/li><li><span lang=\"FR-CA\">Maison bleue de C\u00f4te-des-Neiges<\/span><\/li><li><span lang=\"FR-CA\">Maison des Enfants Montessori Inc<\/span><\/li><li><span lang=\"FR-CA\">Maison Mosaik<\/span><\/li><li><span lang=\"FR-CA\">Maison Orchard III (Montessori)<\/span><\/li><li>Maison Orchard Inc (Montessori)<\/li><li>MINIBIBLIO Warren Allmand at New Hope\u00a0<\/li><li>Montreal\u00a0 Children\u2019s Hospital Family Resource Center<\/li><li><span lang=\"FR-CA\">Papa et Moi NDG<\/span><\/li><li><span lang=\"FR-CA\">PEP (Parents engag\u00e9s pour la petite-enfance)<\/span><\/li><li>Quebec Board of Black Educators<\/li><li>River&#8217;s Edge Daycare<\/li><li>RVH Child Care Centre<\/li><li>St. Raymond&#8217;s Community Centre<\/li><li>Walkley Centre<\/li><li>Westhaven Community Center<\/li><li>Willingdon School<\/li><li>Women on the rise<\/li><li><span lang=\"FR-CA\">YALDEI School<\/span><\/li><li><span lang=\"FR-CA\">YMCA de Notre-Dame-de-Gr\u00e2ce \/ NDG<\/span><\/li><li><span lang=\"FR-CA\">Academini Private Daycare<\/span><\/li><li><span lang=\"FR-CA\">AIRSOM PRISME<\/span><\/li><li><span lang=\"FR-CA\">Biblioth\u00e8que de rue<\/span><\/li><li>CCS early Head Start &#8211; Early Learners program<\/li><li><span lang=\"FR-CA\">Centre d&#8217;imagination I<\/span><\/li><li><span lang=\"FR-CA\">Centre d&#8217;imagination installation II<\/span><\/li><li>Centre Greene Avenue (Tumbling Tots)<\/li><li>Centre Greene Avenue (After School Programs)<\/li><li><span lang=\"FR-CA\">Centre pour enfant Namaste <\/span><\/li><li><span lang=\"FR-CA\">Centre pour les Petits G\u00e9nies\u00a0<\/span><\/li><li style=\"text-align: left;\"><span lang=\"FR-CA\">Concordia Student Union Daycare Nursery<\/span><\/li><li><span lang=\"FR-CA\">CPE Brindami<\/span><\/li><li><span lang=\"FR-CA\">CPE Des Globules Roses<\/span><\/li><li><span lang=\"FR-CA\">CPE du YM-YWHA Pierrefonds<\/span><\/li><li><span lang=\"FR-CA\">CPE Kan Tsipor<\/span><\/li><li><span lang=\"FR-CA\">CPE Pointe Saint-Charles I<\/span><\/li><li><span lang=\"FR-CA\">CPE Pointe Saint-Charles II<\/span><\/li><li><span lang=\"FR-CA\">Des livres en visite<\/span><\/li><li><span lang=\"FR-CA\">Garderie \u00c9ducative Les Jolis Coeurs<\/span><\/li><li><span lang=\"FR-CA\">Garderie \u00c9ducative Les Libellules<\/span><\/li><li><span lang=\"FR-CA\">Garderie Girafes et Sir\u00e8nes<\/span><\/li><li><span lang=\"FR-CA\">Garderie \u00cele Coco 2 -Lachine<\/span><\/li><li><span lang=\"FR-CA\">Garderie Jardin des Hirondelles<\/span><\/li><li><span lang=\"FR-CA\">Garderie Les Aventuriers<\/span><\/li><li><span lang=\"FR-CA\">Garderie Les Petits Bouts de Choux<\/span><\/li><li><span lang=\"FR-CA\">Garderie les Jolis Coeurs<\/span><\/li><li><span lang=\"FR-CA\">Garderie Les Petit Tr\u00e9sors de LaSalle<\/span><\/li><li><span lang=\"FR-CA\">Garderie Mini Tr\u00e9sors LaSalle<\/span><\/li><li><span lang=\"FR-CA\">Garderie Rainbow<\/span><\/li><li><span lang=\"FR-CA\">Garderie Sesame I<\/span><\/li><li><span lang=\"FR-CA\">Garderie Sesame II<\/span><\/li><li><span lang=\"FR-CA\">Garderie Tic-Toc Inc.<\/span><\/li><li><span lang=\"FR-CA\">La Petite Acad\u00e9mie Centrale<\/span><\/li><li><span lang=\"FR-CA\">LaSalle Multicultural Ressource Centre (LMRC)<\/span><\/li><li>Hebrew Day School I (C\u00f4te Saint-Luc)<\/li><li>Hebrew Day School II (C\u00f4te Saint-Luc)<\/li><li>REISA<\/li><li>REISA St Laurent<\/li><li>REISA RDP<\/li><li>St George&#8217;s School of Montreal<\/li><li>Super Kids Preschool Academy<\/li><li>TLC Lasalle<\/li><li>Tyndale St-Georges Community Centre<\/li><li><span lang=\"FR-CA\">YMCA Pointe-Saint-Charles Day Camp<\/span><\/li><li><span lang=\"FR-CA\">YMCA Residence<\/span><\/li><li><span lang=\"FR-CA\">Desta<\/span><\/li><li><span lang=\"FR-CA\">Heart, Mind and Soul Montessori Academy<\/span><\/li><li><span lang=\"FR-CA\">Imagination WEST<\/span><\/li><li><span lang=\"FR-CA\">Je Passe Partout<\/span><\/li><li>Kahnawake Library<\/li><li>Montreal Fluency Center<\/li><li>YMCA Cartierville<\/li><li><span lang=\"FR-CA\">YMCA Du Parc <\/span><\/li><li><span lang=\"FR-CA\">YMCA Du Parc &#8211; Daycare\u00a0 St. Viateur<\/span><\/li><li>YMCA Du Parc &#8211; Ubisoft daycare<\/li><li>YMCA Westmount I (Youth program)<\/li><li>YMCA Westmount II (Preschool)<\/li><li>Centre de p\u00e9diatrie social communautaire de Lachine<\/li><li>CPE La for\u00eat enchant\u00e9e<\/li><li>Garderie Santa Casa Lachine\u00a0<\/li><\/ol>\t\t\t\t\t<\/div>\n\t\t\t\t\t\t<\/div>\n\t\t\t\t<\/div>\n\t\t\t\t\t\t<\/div>\n\t\t\t\t\t<\/div>\n\t\t<\/div>\n\t\t\t\t\t\t\t\t<\/div>\n\t\t\t\t\t<\/div>\n\t\t<\/section>\n\t\t\t\t<section class=\"elementor-section elementor-top-section elementor-element elementor-element-d1dacc3 elementor-section-boxed elementor-section-height-default elementor-section-height-default\" data-id=\"d1dacc3\" data-element_type=\"section\">\n\t\t\t\t\t\t<div class=\"elementor-container elementor-column-gap-default\">\n\t\t\t\t\t\t\t<div class=\"elementor-row\">\n\t\t\t\t\t<div class=\"elementor-column elementor-col-100 elementor-top-column elementor-element elementor-element-b239dbe\" data-id=\"b239dbe\" data-element_type=\"column\">\n\t\t\t<div class=\"elementor-column-wrap elementor-element-populated\">\n\t\t\t\t\t\t\t<div class=\"elementor-widget-wrap\">\n\t\t\t\t\t\t<div class=\"elementor-element elementor-element-501ba3c elementor-widget elementor-widget-heading\" data-id=\"501ba3c\" data-element_type=\"widget\" data-widget_type=\"heading.default\">\n\t\t\t\t<div class=\"elementor-widget-container\">\n\t\t\t<h2 class=\"elementor-heading-title elementor-size-medium\">Provincial expansion<\/h2>\t\t<\/div>\n\t\t\t\t<\/div>\n\t\t\t\t<div class=\"elementor-element elementor-element-427fe4e elementor-widget elementor-widget-text-editor\" data-id=\"427fe4e\" data-element_type=\"widget\" data-widget_type=\"text-editor.default\">\n\t\t\t\t<div class=\"elementor-widget-container\">\n\t\t\t\t\t\t\t\t<div class=\"elementor-text-editor elementor-clearfix\">\n\t\t\t\t<ol><li><span style=\"font-size: 16.8px;\">Bright Beginnings- Gasp\u00e9<\/span><\/li><li>Brighter Futures &#8211; Chisasibi<\/li><li>Center for Access to Services in English (CASE)- Drummondville<\/li><li>Center for Access to Services in English (CASE)- Trois Rivi\u00e8res<\/li><li>Connexions -Aylmer<\/li><li>Council for Anglophone Magdalen Islanders (CAMI)<\/li><li>CPE Chapeau de Paille- Stanstead<\/li><li>ECO-02- Saguenay<\/li><li>Family Ties &#8211; New Carlisle<\/li><li>Heritage Lower Saint Lawrence- Metis<\/li><li>Heritage Lower Saint Lawrence- Rimouski<\/li><li>La Maison des Familles \u2013 FamillAction- Val des Sources<\/li><li>M\u00e9gantic English-speaking Community Development Corporation-<span style=\"color: var( --e-global-color-text ); font-weight: var( --e-global-typography-text-font-weight ); font-size: 1.05rem;\">(MCDC) Thetford Mines<\/span><\/li><li>M\u00e9gantic English-speaking Community Development Corporation \u2013<span style=\"color: var( --e-global-color-text ); font-weight: var( --e-global-typography-text-font-weight ); font-size: 1.05rem;\">(MCDC) L\u00e9vis<\/span><\/li><li>Mont\u00e9r\u00e9gie East Partnership for the English-Speaking Community\u00a0<span style=\"color: var( --e-global-color-text ); font-weight: var( --e-global-typography-text-font-weight ); font-size: 1.05rem;\">(MEPEC)<\/span><\/li><li><span style=\"color: var( --e-global-color-text ); font-weight: var( --e-global-typography-text-font-weight ); font-size: 1.05rem;\">North Shore Community Association -Baie Commeau<\/span><\/li><li><span style=\"color: var( --e-global-color-text ); font-weight: var( --e-global-typography-text-font-weight ); font-size: 1.05rem;\">North Shore Community Association- Sept \u00eeles<\/span><\/li><li>Shawinigan High School<\/li><li>South Shore Literacy Council\u00a0<\/li><\/ol>\t\t\t\t\t<\/div>\n\t\t\t\t\t\t<\/div>\n\t\t\t\t<\/div>\n\t\t\t\t\t\t<\/div>\n\t\t\t\t\t<\/div>\n\t\t<\/div>\n\t\t\t\t\t\t\t\t<\/div>\n\t\t\t\t\t<\/div>\n\t\t<\/section>\n\t\t\t\t\t\t<\/div>\n\t\t\t\t\t\t<\/div>\n\t\t\t\t\t<\/div>\n\t\t","protected":false},"excerpt":{"rendered":"<p>Partners Our partners benefit from minibiblioPLUS&#8217;s programs and expertise in early literacy, providing children aged 0 to 8 with tangible access to books and quality reading activities.\u00a0 Each partnership contributes directly to improving literacy in Quebec, promoting a love of books, and supporting children&#8217;s overall development. By joining our network, your organization becomes an agent of change: you provide children with essential learning tools, train your staff or volunteers, and participate in a national movement to strengthen early literacy. Would&hellip;<\/p>\n","protected":false},"author":1,"featured_media":0,"parent":402,"menu_order":0,"comment_status":"closed","ping_status":"closed","template":"","meta":{"om_disable_all_campaigns":false,"_monsterinsights_skip_tracking":false,"_monsterinsights_sitenote_active":false,"_monsterinsights_sitenote_note":"","_monsterinsights_sitenote_category":0},"aioseo_notices":[],"_links":{"self":[{"href":"https:\/\/www.minibiblioplus.org\/index.php\/wp-json\/wp\/v2\/pages\/414"}],"collection":[{"href":"https:\/\/www.minibiblioplus.org\/index.php\/wp-json\/wp\/v2\/pages"}],"about":[{"href":"https:\/\/www.minibiblioplus.org\/index.php\/wp-json\/wp\/v2\/types\/page"}],"author":[{"embeddable":true,"href":"https:\/\/www.minibiblioplus.org\/index.php\/wp-json\/wp\/v2\/users\/1"}],"replies":[{"embeddable":true,"href":"https:\/\/www.minibiblioplus.org\/index.php\/wp-json\/wp\/v2\/comments?post=414"}],"version-history":[{"count":89,"href":"https:\/\/www.minibiblioplus.org\/index.php\/wp-json\/wp\/v2\/pages\/414\/revisions"}],"predecessor-version":[{"id":7546,"href":"https:\/\/www.minibiblioplus.org\/index.php\/wp-json\/wp\/v2\/pages\/414\/revisions\/7546"}],"up":[{"embeddable":true,"href":"https:\/\/www.minibiblioplus.org\/index.php\/wp-json\/wp\/v2\/pages\/402"}],"wp:attachment":[{"href":"https:\/\/www.minibiblioplus.org\/index.php\/wp-json\/wp\/v2\/media?parent=414"}],"curies":[{"name":"wp","href":"https:\/\/api.w.org\/{rel}","templated":true}]}}