{"id":420,"date":"2019-08-16T13:31:55","date_gmt":"2019-08-16T13:31:55","guid":{"rendered":"http:\/\/new.fraserhickson.ca\/?page_id=420"},"modified":"2025-11-06T15:26:08","modified_gmt":"2025-11-06T20:26:08","slug":"acces-partenaires-nationaux","status":"publish","type":"page","link":"https:\/\/www.minibiblioplus.org\/index.php\/acces-partenaires-nationaux\/","title":{"rendered":"Acc\u00e8s partenaire"},"content":{"rendered":"\t\t<div data-elementor-type=\"wp-post\" data-elementor-id=\"420\" class=\"elementor elementor-420\" data-elementor-settings=\"[]\">\n\t\t\t\t\t\t<div class=\"elementor-inner\">\n\t\t\t\t\t\t\t<div class=\"elementor-section-wrap\">\n\t\t\t\t\t\t\t<section class=\"elementor-section elementor-top-section elementor-element elementor-element-22a40294 elementor-section-boxed elementor-section-height-default elementor-section-height-default\" data-id=\"22a40294\" data-element_type=\"section\">\n\t\t\t\t\t\t<div class=\"elementor-container elementor-column-gap-default\">\n\t\t\t\t\t\t\t<div class=\"elementor-row\">\n\t\t\t\t\t<div class=\"elementor-column elementor-col-100 elementor-top-column elementor-element elementor-element-49df9953\" data-id=\"49df9953\" data-element_type=\"column\">\n\t\t\t<div class=\"elementor-column-wrap elementor-element-populated\">\n\t\t\t\t\t\t\t<div class=\"elementor-widget-wrap\">\n\t\t\t\t\t\t<div class=\"elementor-element elementor-element-1ab06c6e elementor-widget elementor-widget-spacer\" data-id=\"1ab06c6e\" data-element_type=\"widget\" data-widget_type=\"spacer.default\">\n\t\t\t\t<div class=\"elementor-widget-container\">\n\t\t\t\t\t<div class=\"elementor-spacer\">\n\t\t\t<div class=\"elementor-spacer-inner\"><\/div>\n\t\t<\/div>\n\t\t\t\t<\/div>\n\t\t\t\t<\/div>\n\t\t\t\t<div class=\"elementor-element elementor-element-72cf5a0e elementor-widget elementor-widget-heading\" data-id=\"72cf5a0e\" data-element_type=\"widget\" data-widget_type=\"heading.default\">\n\t\t\t\t<div class=\"elementor-widget-container\">\n\t\t\t<h2 class=\"elementor-heading-title elementor-size-default\">Options nationales <\/h2>\t\t<\/div>\n\t\t\t\t<\/div>\n\t\t\t\t<div class=\"elementor-element elementor-element-1ed58d7a elementor-widget elementor-widget-spacer\" data-id=\"1ed58d7a\" data-element_type=\"widget\" data-widget_type=\"spacer.default\">\n\t\t\t\t<div class=\"elementor-widget-container\">\n\t\t\t\t\t<div class=\"elementor-spacer\">\n\t\t\t<div class=\"elementor-spacer-inner\"><\/div>\n\t\t<\/div>\n\t\t\t\t<\/div>\n\t\t\t\t<\/div>\n\t\t\t\t\t\t<\/div>\n\t\t\t\t\t<\/div>\n\t\t<\/div>\n\t\t\t\t\t\t\t\t<\/div>\n\t\t\t\t\t<\/div>\n\t\t<\/section>\n\t\t\t\t<section class=\"elementor-section elementor-top-section elementor-element elementor-element-47965368 elementor-section-full_width elementor-section-height-min-height elementor-section-items-bottom elementor-section-height-default\" data-id=\"47965368\" data-element_type=\"section\" data-settings=\"{&quot;background_background&quot;:&quot;classic&quot;}\">\n\t\t\t\t\t\t<div class=\"elementor-container elementor-column-gap-no\">\n\t\t\t\t\t\t\t<div class=\"elementor-row\">\n\t\t\t\t\t<div class=\"elementor-column elementor-col-100 elementor-top-column elementor-element elementor-element-235b8bf5\" data-id=\"235b8bf5\" data-element_type=\"column\">\n\t\t\t<div class=\"elementor-column-wrap elementor-element-populated\">\n\t\t\t\t\t\t\t<div class=\"elementor-widget-wrap\">\n\t\t\t\t\t\t<section class=\"elementor-section elementor-inner-section elementor-element elementor-element-5dd26170 elementor-section-full_width elementor-section-height-default elementor-section-content-middle elementor-section-height-min-height\" data-id=\"5dd26170\" data-element_type=\"section\" data-settings=\"{&quot;background_background&quot;:&quot;classic&quot;}\">\n\t\t\t\t\t\t<div class=\"elementor-container elementor-column-gap-default\">\n\t\t\t\t\t\t\t<div class=\"elementor-row\">\n\t\t\t\t\t<div class=\"elementor-column elementor-col-33 elementor-inner-column elementor-element elementor-element-6d6bd908\" data-id=\"6d6bd908\" data-element_type=\"column\">\n\t\t\t<div class=\"elementor-column-wrap elementor-element-populated\">\n\t\t\t\t\t\t\t<div class=\"elementor-widget-wrap\">\n\t\t\t\t\t\t<div class=\"elementor-element elementor-element-6c4d613a elementor-widget elementor-widget-heading\" data-id=\"6c4d613a\" data-element_type=\"widget\" data-widget_type=\"heading.default\">\n\t\t\t\t<div class=\"elementor-widget-container\">\n\t\t\t<h2 class=\"elementor-heading-title elementor-size-large\">Amenez <img loading=\"lazy\" class=\"alignnone wp-image-953\" src=\"https:\/\/minibiblioplus.org\/\/wp-content\/uploads\/2019\/09\/white.png\" alt=\"\" width=\"130\" height=\"18\" \/> dans votre communaut\u00e9 !<\/h2>\t\t<\/div>\n\t\t\t\t<\/div>\n\t\t\t\t\t\t<\/div>\n\t\t\t\t\t<\/div>\n\t\t<\/div>\n\t\t\t\t<div class=\"elementor-column elementor-col-33 elementor-inner-column elementor-element elementor-element-765aa3de\" data-id=\"765aa3de\" data-element_type=\"column\">\n\t\t\t<div class=\"elementor-column-wrap\">\n\t\t\t\t\t\t\t<div class=\"elementor-widget-wrap\">\n\t\t\t\t\t\t\t\t<\/div>\n\t\t\t\t\t<\/div>\n\t\t<\/div>\n\t\t\t\t<div class=\"elementor-column elementor-col-33 elementor-inner-column elementor-element elementor-element-21cfe5b3\" data-id=\"21cfe5b3\" data-element_type=\"column\">\n\t\t\t<div class=\"elementor-column-wrap\">\n\t\t\t\t\t\t\t<div class=\"elementor-widget-wrap\">\n\t\t\t\t\t\t\t\t<\/div>\n\t\t\t\t\t<\/div>\n\t\t<\/div>\n\t\t\t\t\t\t\t\t<\/div>\n\t\t\t\t\t<\/div>\n\t\t<\/section>\n\t\t\t\t\t\t<\/div>\n\t\t\t\t\t<\/div>\n\t\t<\/div>\n\t\t\t\t\t\t\t\t<\/div>\n\t\t\t\t\t<\/div>\n\t\t<\/section>\n\t\t\t\t<section class=\"elementor-section elementor-top-section elementor-element elementor-element-51b24c8 elementor-section-boxed elementor-section-height-default elementor-section-height-default\" data-id=\"51b24c8\" data-element_type=\"section\">\n\t\t\t\t\t\t<div class=\"elementor-container elementor-column-gap-default\">\n\t\t\t\t\t\t\t<div class=\"elementor-row\">\n\t\t\t\t\t<div class=\"elementor-column elementor-col-100 elementor-top-column elementor-element elementor-element-52cb7036\" data-id=\"52cb7036\" data-element_type=\"column\">\n\t\t\t<div class=\"elementor-column-wrap elementor-element-populated\">\n\t\t\t\t\t\t\t<div class=\"elementor-widget-wrap\">\n\t\t\t\t\t\t<div class=\"elementor-element elementor-element-44c4c59a elementor-widget elementor-widget-spacer\" data-id=\"44c4c59a\" data-element_type=\"widget\" data-widget_type=\"spacer.default\">\n\t\t\t\t<div class=\"elementor-widget-container\">\n\t\t\t\t\t<div class=\"elementor-spacer\">\n\t\t\t<div class=\"elementor-spacer-inner\"><\/div>\n\t\t<\/div>\n\t\t\t\t<\/div>\n\t\t\t\t<\/div>\n\t\t\t\t\t\t<\/div>\n\t\t\t\t\t<\/div>\n\t\t<\/div>\n\t\t\t\t\t\t\t\t<\/div>\n\t\t\t\t\t<\/div>\n\t\t<\/section>\n\t\t\t\t<section class=\"elementor-section elementor-top-section elementor-element elementor-element-af2191d elementor-section-boxed elementor-section-height-default elementor-section-height-default\" data-id=\"af2191d\" data-element_type=\"section\">\n\t\t\t\t\t\t<div class=\"elementor-container elementor-column-gap-default\">\n\t\t\t\t\t\t\t<div class=\"elementor-row\">\n\t\t\t\t\t<div class=\"elementor-column elementor-col-100 elementor-top-column elementor-element elementor-element-5f97052\" data-id=\"5f97052\" data-element_type=\"column\">\n\t\t\t<div class=\"elementor-column-wrap elementor-element-populated\">\n\t\t\t\t\t\t\t<div class=\"elementor-widget-wrap\">\n\t\t\t\t\t\t<div class=\"elementor-element elementor-element-a42a3ca elementor-widget elementor-widget-text-editor\" data-id=\"a42a3ca\" data-element_type=\"widget\" data-widget_type=\"text-editor.default\">\n\t\t\t\t<div class=\"elementor-widget-container\">\n\t\t\t\t\t\t\t\t<div class=\"elementor-text-editor elementor-clearfix\">\n\t\t\t\t<h3><strong>Devenir partenaire provincial de minibiblioPLUS<\/strong><\/h3><p><strong><em>Vous \u00eates un organisme qui \u0153uvre aupr\u00e8s de la petite enfance, de 0 \u00e0 8 ans<\/em><\/strong><strong><em>\u202f? Vous souhaitez contribuer <\/em><\/strong><strong><em>\u00e0 l\u2019\u00e9veil et \u00e0 l\u2019amour des livres, tout en favorisant le d\u00e9veloppement global des enfants gr\u00e2ce \u00e0 des outils et programmes de litt\u00e9ratie pr\u00e9coce<\/em><\/strong><strong><em>\u202f?<\/em><\/strong><\/p><p>Gr\u00e2ce \u00e0 minibiblioPLUS, vous pouvez devenir partenaire provincial et rejoindre un mouvement \u00e0 grande \u00e9chelle\u202f: favoriser l\u2019acc\u00e8s aux livres, \u00e9veiller la curiosit\u00e9 et l\u2019int\u00e9r\u00eat pour la lecture, soutenir le d\u00e9veloppement global des enfants et am\u00e9liorer les taux d\u2019alphab\u00e9tisation \u00e0 travers le Qu\u00e9bec et le Canada.<\/p><p>Nous mettons \u00e0 votre disposition notre expertise de plus de 10 ans, nos programmes et nos ressources en litt\u00e9ratie pr\u00e9coce pour les organismes de diff\u00e9rentes r\u00e9gions. Ce soutien est rendu possible gr\u00e2ce aux subventions et financements re\u00e7us par minibiblioPLUS en tant qu\u2019organisme charitable, qui nous permettent d\u2019offrir nos services gratuitement aux partenaires admissibles.<\/p>\t\t\t\t\t<\/div>\n\t\t\t\t\t\t<\/div>\n\t\t\t\t<\/div>\n\t\t\t\t\t\t<\/div>\n\t\t\t\t\t<\/div>\n\t\t<\/div>\n\t\t\t\t\t\t\t\t<\/div>\n\t\t\t\t\t<\/div>\n\t\t<\/section>\n\t\t\t\t<section class=\"elementor-section elementor-top-section elementor-element elementor-element-0f0007c elementor-section-boxed elementor-section-height-default elementor-section-height-default\" data-id=\"0f0007c\" data-element_type=\"section\">\n\t\t\t\t\t\t<div class=\"elementor-container elementor-column-gap-default\">\n\t\t\t\t\t\t\t<div class=\"elementor-row\">\n\t\t\t\t\t<div class=\"elementor-column elementor-col-50 elementor-top-column elementor-element elementor-element-01fcd09\" data-id=\"01fcd09\" data-element_type=\"column\">\n\t\t\t<div class=\"elementor-column-wrap elementor-element-populated\">\n\t\t\t\t\t\t\t<div class=\"elementor-widget-wrap\">\n\t\t\t\t\t\t<div class=\"elementor-element elementor-element-7fe6b4ff elementor-widget elementor-widget-image\" data-id=\"7fe6b4ff\" data-element_type=\"widget\" data-widget_type=\"image.default\">\n\t\t\t\t<div class=\"elementor-widget-container\">\n\t\t\t\t\t\t\t\t<div class=\"elementor-image\">\n\t\t\t\t\t\t\t\t\t\t\t\t<img src=\"https:\/\/www.minibiblioplus.org\/wp-content\/uploads\/elementor\/thumbs\/books-ocub49accnrp9x5852ywd9pjs178s7drjbrt9ch7i4.png\" title=\"books\" alt=\"books\" \/>\t\t\t\t\t\t\t\t\t\t\t\t\t\t<\/div>\n\t\t\t\t\t\t<\/div>\n\t\t\t\t<\/div>\n\t\t\t\t<div class=\"elementor-element elementor-element-7eff3df1 elementor-widget elementor-widget-image\" data-id=\"7eff3df1\" data-element_type=\"widget\" data-widget_type=\"image.default\">\n\t\t\t\t<div class=\"elementor-widget-container\">\n\t\t\t\t\t\t\t\t<div class=\"elementor-image\">\n\t\t\t\t\t\t\t\t\t\t\t\t<img src=\"https:\/\/www.minibiblioplus.org\/wp-content\/uploads\/elementor\/thumbs\/minibiblio-ocicepief13t3mb7pfcucfa97tjcl862cyum7l2x5y.png\" title=\"minibiblio\" alt=\"minibiblio\" \/>\t\t\t\t\t\t\t\t\t\t\t\t\t\t<\/div>\n\t\t\t\t\t\t<\/div>\n\t\t\t\t<\/div>\n\t\t\t\t<div class=\"elementor-element elementor-element-656c0a7f elementor-widget elementor-widget-text-editor\" data-id=\"656c0a7f\" data-element_type=\"widget\" data-widget_type=\"text-editor.default\">\n\t\t\t\t<div class=\"elementor-widget-container\">\n\t\t\t\t\t\t\t\t<div class=\"elementor-text-editor elementor-clearfix\">\n\t\t\t\t<p><strong>Minibiblio <em>(selon certains crit\u00e8res d\u2019admissibilit\u00e9)<\/em><\/strong><\/p><ul><li>Mini-biblioth\u00e8que gratuite, adapt\u00e9e \u00e0 votre organisme, et renouvelable.<\/li><li>Soutien \u00e0 l\u2019installation, r\u00e9approvisionnement et formation pour votre \u00e9quipe ou vos b\u00e9n\u00e9voles, \u00e0 distance.<\/li><li>Visibilit\u00e9 comme membre partenaire sur notre site et dans nos communications. Faire partie de notre r\u00e9seau provincial.<\/li><\/ul><p>\u00a0<\/p><p>\u00a0<\/p>\t\t\t\t\t<\/div>\n\t\t\t\t\t\t<\/div>\n\t\t\t\t<\/div>\n\t\t\t\t\t\t<\/div>\n\t\t\t\t\t<\/div>\n\t\t<\/div>\n\t\t\t\t<div class=\"elementor-column elementor-col-50 elementor-top-column elementor-element elementor-element-44b12e9\" data-id=\"44b12e9\" data-element_type=\"column\">\n\t\t\t<div class=\"elementor-column-wrap elementor-element-populated\">\n\t\t\t\t\t\t\t<div class=\"elementor-widget-wrap\">\n\t\t\t\t\t\t<div class=\"elementor-element elementor-element-1994e37b elementor-widget elementor-widget-image\" data-id=\"1994e37b\" data-element_type=\"widget\" data-widget_type=\"image.default\">\n\t\t\t\t<div class=\"elementor-widget-container\">\n\t\t\t\t\t\t\t\t<div class=\"elementor-image\">\n\t\t\t\t\t\t\t\t\t\t\t\t<img src=\"https:\/\/www.minibiblioplus.org\/wp-content\/uploads\/elementor\/thumbs\/teddy-bear-ocubla544n2njof0qfvniz2339ak6uyr7l4e5r8it8.png\" title=\"teddy-bear\" alt=\"teddy-bear\" \/>\t\t\t\t\t\t\t\t\t\t\t\t\t\t<\/div>\n\t\t\t\t\t\t<\/div>\n\t\t\t\t<\/div>\n\t\t\t\t<div class=\"elementor-element elementor-element-35a79fb0 elementor-widget elementor-widget-heading\" data-id=\"35a79fb0\" data-element_type=\"widget\" data-widget_type=\"heading.default\">\n\t\t\t\t<div class=\"elementor-widget-container\">\n\t\t\t<h3 class=\"elementor-heading-title elementor-size-large\">Programme PLUS: \u00c9veil \u00e0 la lecture<\/h3>\t\t<\/div>\n\t\t\t\t<\/div>\n\t\t\t\t<div class=\"elementor-element elementor-element-406d917e elementor-widget elementor-widget-text-editor\" data-id=\"406d917e\" data-element_type=\"widget\" data-widget_type=\"text-editor.default\">\n\t\t\t\t<div class=\"elementor-widget-container\">\n\t\t\t\t\t\t\t\t<div class=\"elementor-text-editor elementor-clearfix\">\n\t\t\t\t<ul><li>Ressources partag\u00e9es mensuellement pour accompagner les \u00e9ducateurs et faciliter la planification rapide d\u2019activit\u00e9s de litt\u00e9ratie au quotidien.<\/li><li>Soutien pour d\u00e9velopper un r\u00e9seau de b\u00e9n\u00e9voles offrant des s\u00e9ances hebdomadaires de lecture anim\u00e9es.<\/li><li>Atelier pour parents pour d\u00e9couvrir la litt\u00e9ratie pr\u00e9coce, avec guide pour encourager l\u2019amour des livres \u00e0 la maison.<\/li><li>Formation pour \u00e9ducateurs et ressources mensuelles pour int\u00e9grer la litt\u00e9ratie dans les activit\u00e9s quotidiennes, afin de soutenir le d\u00e9veloppement global des enfants.<\/li><\/ul>\t\t\t\t\t<\/div>\n\t\t\t\t\t\t<\/div>\n\t\t\t\t<\/div>\n\t\t\t\t\t\t<\/div>\n\t\t\t\t\t<\/div>\n\t\t<\/div>\n\t\t\t\t\t\t\t\t<\/div>\n\t\t\t\t\t<\/div>\n\t\t<\/section>\n\t\t\t\t<section class=\"elementor-section elementor-top-section elementor-element elementor-element-baf42cf elementor-section-boxed elementor-section-height-default elementor-section-height-default\" data-id=\"baf42cf\" data-element_type=\"section\">\n\t\t\t\t\t\t<div class=\"elementor-container elementor-column-gap-default\">\n\t\t\t\t\t\t\t<div class=\"elementor-row\">\n\t\t\t\t\t<div class=\"elementor-column elementor-col-100 elementor-top-column elementor-element elementor-element-13e68ee\" data-id=\"13e68ee\" data-element_type=\"column\">\n\t\t\t<div class=\"elementor-column-wrap elementor-element-populated\">\n\t\t\t\t\t\t\t<div class=\"elementor-widget-wrap\">\n\t\t\t\t\t\t<div class=\"elementor-element elementor-element-0ace2d5 elementor-widget elementor-widget-text-editor\" data-id=\"0ace2d5\" data-element_type=\"widget\" data-widget_type=\"text-editor.default\">\n\t\t\t\t<div class=\"elementor-widget-container\">\n\t\t\t\t\t\t\t\t<div class=\"elementor-text-editor elementor-clearfix\">\n\t\t\t\t<p><strong>Pour devenir membre<\/strong><\/p><p>Contactez-nous \u00e0 info@minibiblioplus.org ou au 514\u2011872\u20110517 pour discuter de votre partenariat et rejoindre notre r\u00e9seau.<\/p>\t\t\t\t\t<\/div>\n\t\t\t\t\t\t<\/div>\n\t\t\t\t<\/div>\n\t\t\t\t\t\t<\/div>\n\t\t\t\t\t<\/div>\n\t\t<\/div>\n\t\t\t\t\t\t\t\t<\/div>\n\t\t\t\t\t<\/div>\n\t\t<\/section>\n\t\t\t\t\t\t<\/div>\n\t\t\t\t\t\t<\/div>\n\t\t\t\t\t<\/div>\n\t\t","protected":false},"excerpt":{"rendered":"<p>Options nationales Amenez dans votre communaut\u00e9 ! Devenir partenaire provincial de minibiblioPLUS Vous \u00eates un organisme qui \u0153uvre aupr\u00e8s de la petite enfance, de 0 \u00e0 8 ans\u202f? Vous souhaitez contribuer \u00e0 l\u2019\u00e9veil et \u00e0 l\u2019amour des livres, tout en favorisant le d\u00e9veloppement global des enfants gr\u00e2ce \u00e0 des outils et programmes de litt\u00e9ratie pr\u00e9coce\u202f? Gr\u00e2ce \u00e0 minibiblioPLUS, vous pouvez devenir partenaire provincial et rejoindre un mouvement \u00e0 grande \u00e9chelle\u202f: favoriser l\u2019acc\u00e8s aux livres, \u00e9veiller la curiosit\u00e9 et l\u2019int\u00e9r\u00eat pour&hellip;<\/p>\n","protected":false},"author":1,"featured_media":0,"parent":0,"menu_order":0,"comment_status":"closed","ping_status":"closed","template":"","meta":{"om_disable_all_campaigns":false,"_monsterinsights_skip_tracking":false,"_monsterinsights_sitenote_active":false,"_monsterinsights_sitenote_note":"","_monsterinsights_sitenote_category":0},"aioseo_notices":[],"_links":{"self":[{"href":"https:\/\/www.minibiblioplus.org\/index.php\/wp-json\/wp\/v2\/pages\/420"}],"collection":[{"href":"https:\/\/www.minibiblioplus.org\/index.php\/wp-json\/wp\/v2\/pages"}],"about":[{"href":"https:\/\/www.minibiblioplus.org\/index.php\/wp-json\/wp\/v2\/types\/page"}],"author":[{"embeddable":true,"href":"https:\/\/www.minibiblioplus.org\/index.php\/wp-json\/wp\/v2\/users\/1"}],"replies":[{"embeddable":true,"href":"https:\/\/www.minibiblioplus.org\/index.php\/wp-json\/wp\/v2\/comments?post=420"}],"version-history":[{"count":20,"href":"https:\/\/www.minibiblioplus.org\/index.php\/wp-json\/wp\/v2\/pages\/420\/revisions"}],"predecessor-version":[{"id":7564,"href":"https:\/\/www.minibiblioplus.org\/index.php\/wp-json\/wp\/v2\/pages\/420\/revisions\/7564"}],"wp:attachment":[{"href":"https:\/\/www.minibiblioplus.org\/index.php\/wp-json\/wp\/v2\/media?parent=420"}],"curies":[{"name":"wp","href":"https:\/\/api.w.org\/{rel}","templated":true}]}}