{"id":4413,"date":"2022-10-24T16:32:20","date_gmt":"2022-10-24T16:32:20","guid":{"rendered":"https:\/\/minibiblioplus.org\/?page_id=4413"},"modified":"2022-10-24T16:35:36","modified_gmt":"2022-10-24T16:35:36","slug":"sarah-fullerton-2","status":"publish","type":"page","link":"https:\/\/www.minibiblioplus.org\/index.php\/sarah-fullerton-2\/","title":{"rendered":"Sarah Fullerton"},"content":{"rendered":"\t\t<div data-elementor-type=\"wp-page\" data-elementor-id=\"4413\" class=\"elementor elementor-4413\" data-elementor-settings=\"[]\">\n\t\t\t\t\t\t<div class=\"elementor-inner\">\n\t\t\t\t\t\t\t<div class=\"elementor-section-wrap\">\n\t\t\t\t\t\t\t<section class=\"elementor-section elementor-top-section elementor-element elementor-element-206510c elementor-section-boxed elementor-section-height-default elementor-section-height-default\" data-id=\"206510c\" data-element_type=\"section\">\n\t\t\t\t\t\t<div class=\"elementor-container elementor-column-gap-default\">\n\t\t\t\t\t\t\t<div class=\"elementor-row\">\n\t\t\t\t\t<div class=\"elementor-column elementor-col-100 elementor-top-column elementor-element elementor-element-7381ccf\" data-id=\"7381ccf\" data-element_type=\"column\">\n\t\t\t<div class=\"elementor-column-wrap elementor-element-populated\">\n\t\t\t\t\t\t\t<div class=\"elementor-widget-wrap\">\n\t\t\t\t\t\t<section class=\"elementor-section elementor-inner-section elementor-element elementor-element-39f466d elementor-section-boxed elementor-section-height-default elementor-section-height-default\" data-id=\"39f466d\" data-element_type=\"section\">\n\t\t\t\t\t\t<div class=\"elementor-container elementor-column-gap-default\">\n\t\t\t\t\t\t\t<div class=\"elementor-row\">\n\t\t\t\t\t<div class=\"elementor-column elementor-col-50 elementor-inner-column elementor-element elementor-element-04ac109\" data-id=\"04ac109\" data-element_type=\"column\">\n\t\t\t<div class=\"elementor-column-wrap elementor-element-populated\">\n\t\t\t\t\t\t\t<div class=\"elementor-widget-wrap\">\n\t\t\t\t\t\t<div class=\"elementor-element elementor-element-3a7fc5a elementor-widget elementor-widget-image\" data-id=\"3a7fc5a\" data-element_type=\"widget\" data-widget_type=\"image.default\">\n\t\t\t\t<div class=\"elementor-widget-container\">\n\t\t\t\t\t\t\t\t<div class=\"elementor-image\">\n\t\t\t\t\t\t\t\t\t\t\t\t<img width=\"640\" height=\"416\" src=\"https:\/\/www.minibiblioplus.org\/wp-content\/uploads\/2022\/10\/299515334_1779309812435398_7479612361059521252_n-1024x666.jpg\" class=\"attachment-large size-large\" alt=\"\" loading=\"lazy\" srcset=\"https:\/\/www.minibiblioplus.org\/wp-content\/uploads\/2022\/10\/299515334_1779309812435398_7479612361059521252_n-1024x666.jpg 1024w, https:\/\/www.minibiblioplus.org\/wp-content\/uploads\/2022\/10\/299515334_1779309812435398_7479612361059521252_n-300x195.jpg 300w, https:\/\/www.minibiblioplus.org\/wp-content\/uploads\/2022\/10\/299515334_1779309812435398_7479612361059521252_n-768x499.jpg 768w, https:\/\/www.minibiblioplus.org\/wp-content\/uploads\/2022\/10\/299515334_1779309812435398_7479612361059521252_n-1536x999.jpg 1536w, https:\/\/www.minibiblioplus.org\/wp-content\/uploads\/2022\/10\/299515334_1779309812435398_7479612361059521252_n-2048x1331.jpg 2048w\" sizes=\"(max-width: 640px) 100vw, 640px\" \/>\t\t\t\t\t\t\t\t\t\t\t\t\t\t<\/div>\n\t\t\t\t\t\t<\/div>\n\t\t\t\t<\/div>\n\t\t\t\t\t\t<\/div>\n\t\t\t\t\t<\/div>\n\t\t<\/div>\n\t\t\t\t<div class=\"elementor-column elementor-col-50 elementor-inner-column elementor-element elementor-element-948f1f5\" data-id=\"948f1f5\" data-element_type=\"column\">\n\t\t\t<div class=\"elementor-column-wrap elementor-element-populated\">\n\t\t\t\t\t\t\t<div class=\"elementor-widget-wrap\">\n\t\t\t\t\t\t<div class=\"elementor-element elementor-element-1e8f3eb elementor-widget elementor-widget-text-editor\" data-id=\"1e8f3eb\" data-element_type=\"widget\" data-widget_type=\"text-editor.default\">\n\t\t\t\t<div class=\"elementor-widget-container\">\n\t\t\t\t\t\t\t\t<div class=\"elementor-text-editor elementor-clearfix\">\n\t\t\t\t<p><b style=\"color: #222222; font-size: 1.5em; text-align: justify;\">Sarah Fullerton<\/b><\/p><p style=\"background-color: #ffffff; color: #897e7e; text-align: justify;\"><b>Coordonnatrice des b\u00e9n\u00e9voles int\u00e9rimaire<\/b><\/p><p style=\"background-color: #ffffff; color: #897e7e; text-align: justify;\">Sarah est biblioth\u00e9caire de formation. Elle est titulaire d&#8217;un baccalaur\u00e9at en anthropologie de l&#8217;Universit\u00e9 de Regina et d&#8217;une ma\u00eetrise en sciences de l&#8217;information de l&#8217;Universit\u00e9 McGill. Elle est ravie de travailler dans une biblioth\u00e8que bilingue et esp\u00e8re apporter son amour de la lecture et de la culture \u00e0 l&#8217;\u00e9quipe. Sa couleur pr\u00e9f\u00e9r\u00e9e est le rose et son animal pr\u00e9f\u00e9r\u00e9 est le chat. En grandissant, elle adorait lire If you Give a Mouse a Cookie.<\/p><p style=\"background-color: #ffffff; color: #897e7e; text-align: justify;\"><a href=\"mailto:vol@minibiblioplus.org\">vol@minibiblioplus.org<\/a><\/p>\t\t\t\t\t<\/div>\n\t\t\t\t\t\t<\/div>\n\t\t\t\t<\/div>\n\t\t\t\t\t\t<\/div>\n\t\t\t\t\t<\/div>\n\t\t<\/div>\n\t\t\t\t\t\t\t\t<\/div>\n\t\t\t\t\t<\/div>\n\t\t<\/section>\n\t\t\t\t\t\t<\/div>\n\t\t\t\t\t<\/div>\n\t\t<\/div>\n\t\t\t\t\t\t\t\t<\/div>\n\t\t\t\t\t<\/div>\n\t\t<\/section>\n\t\t\t\t\t\t<\/div>\n\t\t\t\t\t\t<\/div>\n\t\t\t\t\t<\/div>\n\t\t","protected":false},"excerpt":{"rendered":"<p>Sarah Fullerton Coordonnatrice des b\u00e9n\u00e9voles int\u00e9rimaire Sarah est biblioth\u00e9caire de formation. Elle est titulaire d&#8217;un baccalaur\u00e9at en anthropologie de l&#8217;Universit\u00e9 de Regina et d&#8217;une ma\u00eetrise en sciences de l&#8217;information de l&#8217;Universit\u00e9 McGill. Elle est ravie de travailler dans une biblioth\u00e8que bilingue et esp\u00e8re apporter son amour de la lecture et de la culture \u00e0 l&#8217;\u00e9quipe. Sa couleur pr\u00e9f\u00e9r\u00e9e est le rose et son animal pr\u00e9f\u00e9r\u00e9 est le chat. En grandissant, elle adorait lire If you Give a Mouse a Cookie.&hellip;<\/p>\n","protected":false},"author":1,"featured_media":0,"parent":0,"menu_order":0,"comment_status":"closed","ping_status":"closed","template":"","meta":{"om_disable_all_campaigns":false,"_monsterinsights_skip_tracking":false,"_monsterinsights_sitenote_active":false,"_monsterinsights_sitenote_note":"","_monsterinsights_sitenote_category":0},"aioseo_notices":[],"_links":{"self":[{"href":"https:\/\/www.minibiblioplus.org\/index.php\/wp-json\/wp\/v2\/pages\/4413"}],"collection":[{"href":"https:\/\/www.minibiblioplus.org\/index.php\/wp-json\/wp\/v2\/pages"}],"about":[{"href":"https:\/\/www.minibiblioplus.org\/index.php\/wp-json\/wp\/v2\/types\/page"}],"author":[{"embeddable":true,"href":"https:\/\/www.minibiblioplus.org\/index.php\/wp-json\/wp\/v2\/users\/1"}],"replies":[{"embeddable":true,"href":"https:\/\/www.minibiblioplus.org\/index.php\/wp-json\/wp\/v2\/comments?post=4413"}],"version-history":[{"count":3,"href":"https:\/\/www.minibiblioplus.org\/index.php\/wp-json\/wp\/v2\/pages\/4413\/revisions"}],"predecessor-version":[{"id":4416,"href":"https:\/\/www.minibiblioplus.org\/index.php\/wp-json\/wp\/v2\/pages\/4413\/revisions\/4416"}],"wp:attachment":[{"href":"https:\/\/www.minibiblioplus.org\/index.php\/wp-json\/wp\/v2\/media?parent=4413"}],"curies":[{"name":"wp","href":"https:\/\/api.w.org\/{rel}","templated":true}]}}