{"id":581,"date":"2019-08-16T20:50:15","date_gmt":"2019-08-16T20:50:15","guid":{"rendered":"http:\/\/new.fraserhickson.ca\/?page_id=581"},"modified":"2025-07-16T11:53:25","modified_gmt":"2025-07-16T15:53:25","slug":"notre-equipe","status":"publish","type":"page","link":"https:\/\/www.minibiblioplus.org\/index.php\/notre-equipe\/","title":{"rendered":"Notre \u00e9quipe"},"content":{"rendered":"\t\t<div data-elementor-type=\"wp-post\" data-elementor-id=\"581\" class=\"elementor elementor-581\" data-elementor-settings=\"[]\">\n\t\t\t\t\t\t<div class=\"elementor-inner\">\n\t\t\t\t\t\t\t<div class=\"elementor-section-wrap\">\n\t\t\t\t\t\t\t<section class=\"elementor-section elementor-top-section elementor-element elementor-element-4cff7756 elementor-section-boxed elementor-section-height-default elementor-section-height-default\" data-id=\"4cff7756\" data-element_type=\"section\">\n\t\t\t\t\t\t<div class=\"elementor-container elementor-column-gap-default\">\n\t\t\t\t\t\t\t<div class=\"elementor-row\">\n\t\t\t\t\t<div class=\"elementor-column elementor-col-100 elementor-top-column elementor-element elementor-element-2e7bb36\" data-id=\"2e7bb36\" data-element_type=\"column\">\n\t\t\t<div class=\"elementor-column-wrap elementor-element-populated\">\n\t\t\t\t\t\t\t<div class=\"elementor-widget-wrap\">\n\t\t\t\t\t\t<div class=\"elementor-element elementor-element-1a1b3294 elementor-widget elementor-widget-spacer\" data-id=\"1a1b3294\" data-element_type=\"widget\" data-widget_type=\"spacer.default\">\n\t\t\t\t<div class=\"elementor-widget-container\">\n\t\t\t\t\t<div class=\"elementor-spacer\">\n\t\t\t<div class=\"elementor-spacer-inner\"><\/div>\n\t\t<\/div>\n\t\t\t\t<\/div>\n\t\t\t\t<\/div>\n\t\t\t\t\t\t<\/div>\n\t\t\t\t\t<\/div>\n\t\t<\/div>\n\t\t\t\t\t\t\t\t<\/div>\n\t\t\t\t\t<\/div>\n\t\t<\/section>\n\t\t\t\t<section class=\"elementor-section elementor-top-section elementor-element elementor-element-27d56416 elementor-section-boxed elementor-section-height-default elementor-section-height-default\" data-id=\"27d56416\" data-element_type=\"section\" data-settings=\"{&quot;background_background&quot;:&quot;classic&quot;}\">\n\t\t\t\t\t\t<div class=\"elementor-container elementor-column-gap-default\">\n\t\t\t\t\t\t\t<div class=\"elementor-row\">\n\t\t\t\t\t<div class=\"elementor-column elementor-col-100 elementor-top-column elementor-element elementor-element-3c61ba3b\" data-id=\"3c61ba3b\" data-element_type=\"column\">\n\t\t\t<div class=\"elementor-column-wrap elementor-element-populated\">\n\t\t\t\t\t\t\t<div class=\"elementor-widget-wrap\">\n\t\t\t\t\t\t<div class=\"elementor-element elementor-element-6850f4e0 elementor-widget elementor-widget-heading\" data-id=\"6850f4e0\" data-element_type=\"widget\" data-widget_type=\"heading.default\">\n\t\t\t\t<div class=\"elementor-widget-container\">\n\t\t\t<h2 class=\"elementor-heading-title elementor-size-default\">Notre \u00e9quipe<\/h2>\t\t<\/div>\n\t\t\t\t<\/div>\n\t\t\t\t\t\t<\/div>\n\t\t\t\t\t<\/div>\n\t\t<\/div>\n\t\t\t\t\t\t\t\t<\/div>\n\t\t\t\t\t<\/div>\n\t\t<\/section>\n\t\t\t\t<section class=\"elementor-section elementor-top-section elementor-element elementor-element-826dba8 elementor-section-boxed elementor-section-height-default elementor-section-height-default\" data-id=\"826dba8\" data-element_type=\"section\">\n\t\t\t\t\t\t<div class=\"elementor-container elementor-column-gap-default\">\n\t\t\t\t\t\t\t<div class=\"elementor-row\">\n\t\t\t\t\t<div class=\"elementor-column elementor-col-33 elementor-top-column elementor-element elementor-element-4fcc52f\" data-id=\"4fcc52f\" data-element_type=\"column\">\n\t\t\t<div class=\"elementor-column-wrap elementor-element-populated\">\n\t\t\t\t\t\t\t<div class=\"elementor-widget-wrap\">\n\t\t\t\t\t\t<div class=\"elementor-element elementor-element-bcd61cb elementor-widget elementor-widget-image\" data-id=\"bcd61cb\" data-element_type=\"widget\" data-widget_type=\"image.default\">\n\t\t\t\t<div class=\"elementor-widget-container\">\n\t\t\t\t\t\t\t\t<div class=\"elementor-image\">\n\t\t\t\t\t\t\t\t\t\t\t\t\t<a href=\"https:\/\/www.minibiblioplus.org\/index.php\/anne-isabelle-roussy-3\/\">\n\t\t\t\t\t\t\t<img width=\"640\" height=\"640\" src=\"https:\/\/www.minibiblioplus.org\/wp-content\/uploads\/2025\/07\/team-photos-website-6-768x768.png\" class=\"attachment-medium_large size-medium_large\" alt=\"\" loading=\"lazy\" srcset=\"https:\/\/www.minibiblioplus.org\/wp-content\/uploads\/2025\/07\/team-photos-website-6-768x768.png 768w, https:\/\/www.minibiblioplus.org\/wp-content\/uploads\/2025\/07\/team-photos-website-6-300x300.png 300w, https:\/\/www.minibiblioplus.org\/wp-content\/uploads\/2025\/07\/team-photos-website-6-1024x1024.png 1024w, https:\/\/www.minibiblioplus.org\/wp-content\/uploads\/2025\/07\/team-photos-website-6-150x150.png 150w, https:\/\/www.minibiblioplus.org\/wp-content\/uploads\/2025\/07\/team-photos-website-6-600x600.png 600w, https:\/\/www.minibiblioplus.org\/wp-content\/uploads\/2025\/07\/team-photos-website-6.png 1200w\" sizes=\"(max-width: 640px) 100vw, 640px\" \/>\t\t\t\t\t\t\t\t<\/a>\n\t\t\t\t\t\t\t\t\t\t\t\t\t\t<\/div>\n\t\t\t\t\t\t<\/div>\n\t\t\t\t<\/div>\n\t\t\t\t<div class=\"elementor-element elementor-element-a9ea49e elementor-widget elementor-widget-heading\" data-id=\"a9ea49e\" data-element_type=\"widget\" data-widget_type=\"heading.default\">\n\t\t\t\t<div class=\"elementor-widget-container\">\n\t\t\t<h3 class=\"elementor-heading-title elementor-size-default\"><b>Anne Isabelle Roussy<\/b><\/h3>\t\t<\/div>\n\t\t\t\t<\/div>\n\t\t\t\t<div class=\"elementor-element elementor-element-2133e24 elementor-widget elementor-widget-heading\" data-id=\"2133e24\" data-element_type=\"widget\" data-widget_type=\"heading.default\">\n\t\t\t\t<div class=\"elementor-widget-container\">\n\t\t\t<p class=\"elementor-heading-title elementor-size-default\">DIRECTRICE G\u00c9N\u00c9RALE INT\u00c9RIMAIRE<\/p>\t\t<\/div>\n\t\t\t\t<\/div>\n\t\t\t\t\t\t<\/div>\n\t\t\t\t\t<\/div>\n\t\t<\/div>\n\t\t\t\t<div class=\"elementor-column elementor-col-33 elementor-top-column elementor-element elementor-element-67b11f5\" data-id=\"67b11f5\" data-element_type=\"column\">\n\t\t\t<div class=\"elementor-column-wrap elementor-element-populated\">\n\t\t\t\t\t\t\t<div class=\"elementor-widget-wrap\">\n\t\t\t\t\t\t<div class=\"elementor-element elementor-element-9ebd123 elementor-widget elementor-widget-image\" data-id=\"9ebd123\" data-element_type=\"widget\" data-widget_type=\"image.default\">\n\t\t\t\t<div class=\"elementor-widget-container\">\n\t\t\t\t\t\t\t\t<div class=\"elementor-image\">\n\t\t\t\t\t\t\t\t\t\t\t\t\t<a href=\"https:\/\/www.minibiblioplus.org\/index.php\/asha-dixit\/\">\n\t\t\t\t\t\t\t<img width=\"640\" height=\"640\" src=\"https:\/\/www.minibiblioplus.org\/wp-content\/uploads\/2025\/07\/team-photos-website-7-768x768.png\" class=\"attachment-medium_large size-medium_large\" alt=\"\" loading=\"lazy\" srcset=\"https:\/\/www.minibiblioplus.org\/wp-content\/uploads\/2025\/07\/team-photos-website-7-768x768.png 768w, https:\/\/www.minibiblioplus.org\/wp-content\/uploads\/2025\/07\/team-photos-website-7-300x300.png 300w, https:\/\/www.minibiblioplus.org\/wp-content\/uploads\/2025\/07\/team-photos-website-7-1024x1024.png 1024w, https:\/\/www.minibiblioplus.org\/wp-content\/uploads\/2025\/07\/team-photos-website-7-150x150.png 150w, https:\/\/www.minibiblioplus.org\/wp-content\/uploads\/2025\/07\/team-photos-website-7-600x600.png 600w, https:\/\/www.minibiblioplus.org\/wp-content\/uploads\/2025\/07\/team-photos-website-7.png 1200w\" sizes=\"(max-width: 640px) 100vw, 640px\" \/>\t\t\t\t\t\t\t\t<\/a>\n\t\t\t\t\t\t\t\t\t\t\t\t\t\t<\/div>\n\t\t\t\t\t\t<\/div>\n\t\t\t\t<\/div>\n\t\t\t\t<div class=\"elementor-element elementor-element-980a6aa elementor-widget elementor-widget-heading\" data-id=\"980a6aa\" data-element_type=\"widget\" data-widget_type=\"heading.default\">\n\t\t\t\t<div class=\"elementor-widget-container\">\n\t\t\t<h3 class=\"elementor-heading-title elementor-size-default\"><b>Asha Dixit<\/b><\/h3>\t\t<\/div>\n\t\t\t\t<\/div>\n\t\t\t\t<div class=\"elementor-element elementor-element-68cdbb7 elementor-widget elementor-widget-heading\" data-id=\"68cdbb7\" data-element_type=\"widget\" data-widget_type=\"heading.default\">\n\t\t\t\t<div class=\"elementor-widget-container\">\n\t\t\t<p class=\"elementor-heading-title elementor-size-default\">DIRECTRICE G\u00c9N\u00c9RALE (EN CONG\u00c9 DE MATERNIT\u00c9)<\/p>\t\t<\/div>\n\t\t\t\t<\/div>\n\t\t\t\t\t\t<\/div>\n\t\t\t\t\t<\/div>\n\t\t<\/div>\n\t\t\t\t<div class=\"elementor-column elementor-col-33 elementor-top-column elementor-element elementor-element-6147189\" data-id=\"6147189\" data-element_type=\"column\">\n\t\t\t<div class=\"elementor-column-wrap elementor-element-populated\">\n\t\t\t\t\t\t\t<div class=\"elementor-widget-wrap\">\n\t\t\t\t\t\t<div class=\"elementor-element elementor-element-58e0efa elementor-widget elementor-widget-image\" data-id=\"58e0efa\" data-element_type=\"widget\" data-widget_type=\"image.default\">\n\t\t\t\t<div class=\"elementor-widget-container\">\n\t\t\t\t\t\t\t\t<div class=\"elementor-image\">\n\t\t\t\t\t\t\t\t\t\t\t\t\t<a href=\"https:\/\/www.minibiblioplus.org\/index.php\/marco-de-petrillo-2\/\">\n\t\t\t\t\t\t\t<img width=\"640\" height=\"640\" src=\"https:\/\/www.minibiblioplus.org\/wp-content\/uploads\/2025\/07\/team-photos-website-5-768x768.png\" class=\"attachment-medium_large size-medium_large\" alt=\"\" loading=\"lazy\" srcset=\"https:\/\/www.minibiblioplus.org\/wp-content\/uploads\/2025\/07\/team-photos-website-5-768x768.png 768w, https:\/\/www.minibiblioplus.org\/wp-content\/uploads\/2025\/07\/team-photos-website-5-300x300.png 300w, https:\/\/www.minibiblioplus.org\/wp-content\/uploads\/2025\/07\/team-photos-website-5-1024x1024.png 1024w, https:\/\/www.minibiblioplus.org\/wp-content\/uploads\/2025\/07\/team-photos-website-5-150x150.png 150w, https:\/\/www.minibiblioplus.org\/wp-content\/uploads\/2025\/07\/team-photos-website-5-600x600.png 600w, https:\/\/www.minibiblioplus.org\/wp-content\/uploads\/2025\/07\/team-photos-website-5.png 1200w\" sizes=\"(max-width: 640px) 100vw, 640px\" \/>\t\t\t\t\t\t\t\t<\/a>\n\t\t\t\t\t\t\t\t\t\t\t\t\t\t<\/div>\n\t\t\t\t\t\t<\/div>\n\t\t\t\t<\/div>\n\t\t\t\t<div class=\"elementor-element elementor-element-808191c elementor-widget elementor-widget-heading\" data-id=\"808191c\" data-element_type=\"widget\" data-widget_type=\"heading.default\">\n\t\t\t\t<div class=\"elementor-widget-container\">\n\t\t\t<h3 class=\"elementor-heading-title elementor-size-default\"><b>Marco De Petrillo<\/b><\/h3>\t\t<\/div>\n\t\t\t\t<\/div>\n\t\t\t\t<div class=\"elementor-element elementor-element-be7d6e1 elementor-widget elementor-widget-heading\" data-id=\"be7d6e1\" data-element_type=\"widget\" data-widget_type=\"heading.default\">\n\t\t\t\t<div class=\"elementor-widget-container\">\n\t\t\t<p class=\"elementor-heading-title elementor-size-default\">BIBLIOTH\u00c9CAIRE<\/p>\t\t<\/div>\n\t\t\t\t<\/div>\n\t\t\t\t\t\t<\/div>\n\t\t\t\t\t<\/div>\n\t\t<\/div>\n\t\t\t\t\t\t\t\t<\/div>\n\t\t\t\t\t<\/div>\n\t\t<\/section>\n\t\t\t\t<section class=\"elementor-section elementor-top-section elementor-element elementor-element-c25368f elementor-section-boxed elementor-section-height-default elementor-section-height-default\" data-id=\"c25368f\" data-element_type=\"section\">\n\t\t\t\t\t\t<div class=\"elementor-container elementor-column-gap-default\">\n\t\t\t\t\t\t\t<div class=\"elementor-row\">\n\t\t\t\t\t<div class=\"elementor-column elementor-col-33 elementor-top-column elementor-element elementor-element-a9394e0\" data-id=\"a9394e0\" data-element_type=\"column\">\n\t\t\t<div class=\"elementor-column-wrap elementor-element-populated\">\n\t\t\t\t\t\t\t<div class=\"elementor-widget-wrap\">\n\t\t\t\t\t\t<div class=\"elementor-element elementor-element-cf14a74 elementor-widget elementor-widget-image\" data-id=\"cf14a74\" data-element_type=\"widget\" data-widget_type=\"image.default\">\n\t\t\t\t<div class=\"elementor-widget-container\">\n\t\t\t\t\t\t\t\t<div class=\"elementor-image\">\n\t\t\t\t\t\t\t\t\t\t\t\t\t<a href=\"https:\/\/www.minibiblioplus.org\/index.php\/stephanie-lopraino-2\/\">\n\t\t\t\t\t\t\t<img width=\"640\" height=\"640\" src=\"https:\/\/www.minibiblioplus.org\/wp-content\/uploads\/2025\/07\/team-photos-website-2-768x768.png\" class=\"attachment-medium_large size-medium_large\" alt=\"\" loading=\"lazy\" srcset=\"https:\/\/www.minibiblioplus.org\/wp-content\/uploads\/2025\/07\/team-photos-website-2-768x768.png 768w, https:\/\/www.minibiblioplus.org\/wp-content\/uploads\/2025\/07\/team-photos-website-2-300x300.png 300w, https:\/\/www.minibiblioplus.org\/wp-content\/uploads\/2025\/07\/team-photos-website-2-1024x1024.png 1024w, https:\/\/www.minibiblioplus.org\/wp-content\/uploads\/2025\/07\/team-photos-website-2-150x150.png 150w, https:\/\/www.minibiblioplus.org\/wp-content\/uploads\/2025\/07\/team-photos-website-2-600x600.png 600w, https:\/\/www.minibiblioplus.org\/wp-content\/uploads\/2025\/07\/team-photos-website-2.png 1200w\" sizes=\"(max-width: 640px) 100vw, 640px\" \/>\t\t\t\t\t\t\t\t<\/a>\n\t\t\t\t\t\t\t\t\t\t\t\t\t\t<\/div>\n\t\t\t\t\t\t<\/div>\n\t\t\t\t<\/div>\n\t\t\t\t<div class=\"elementor-element elementor-element-049762c elementor-widget elementor-widget-heading\" data-id=\"049762c\" data-element_type=\"widget\" data-widget_type=\"heading.default\">\n\t\t\t\t<div class=\"elementor-widget-container\">\n\t\t\t<h3 class=\"elementor-heading-title elementor-size-default\"><b>Stephanie Lopraino <\/b> <\/h3>\t\t<\/div>\n\t\t\t\t<\/div>\n\t\t\t\t<div class=\"elementor-element elementor-element-7d19da5 elementor-widget elementor-widget-heading\" data-id=\"7d19da5\" data-element_type=\"widget\" data-widget_type=\"heading.default\">\n\t\t\t\t<div class=\"elementor-widget-container\">\n\t\t\t<p class=\"elementor-heading-title elementor-size-default\">GESTIONNAIRE DES PROGRAMMES<\/p>\t\t<\/div>\n\t\t\t\t<\/div>\n\t\t\t\t\t\t<\/div>\n\t\t\t\t\t<\/div>\n\t\t<\/div>\n\t\t\t\t<div class=\"elementor-column elementor-col-33 elementor-top-column elementor-element elementor-element-2fbf53c\" data-id=\"2fbf53c\" data-element_type=\"column\">\n\t\t\t<div class=\"elementor-column-wrap elementor-element-populated\">\n\t\t\t\t\t\t\t<div class=\"elementor-widget-wrap\">\n\t\t\t\t\t\t<div class=\"elementor-element elementor-element-96be617 elementor-widget elementor-widget-image\" data-id=\"96be617\" data-element_type=\"widget\" data-widget_type=\"image.default\">\n\t\t\t\t<div class=\"elementor-widget-container\">\n\t\t\t\t\t\t\t\t<div class=\"elementor-image\">\n\t\t\t\t\t\t\t\t\t\t\t\t\t<a href=\"https:\/\/www.minibiblioplus.org\/index.php\/madeline-hay-3\/\">\n\t\t\t\t\t\t\t<img width=\"640\" height=\"640\" src=\"https:\/\/www.minibiblioplus.org\/wp-content\/uploads\/2025\/07\/team-photos-website-8-768x768.png\" class=\"attachment-medium_large size-medium_large\" alt=\"\" loading=\"lazy\" srcset=\"https:\/\/www.minibiblioplus.org\/wp-content\/uploads\/2025\/07\/team-photos-website-8-768x768.png 768w, https:\/\/www.minibiblioplus.org\/wp-content\/uploads\/2025\/07\/team-photos-website-8-300x300.png 300w, https:\/\/www.minibiblioplus.org\/wp-content\/uploads\/2025\/07\/team-photos-website-8-1024x1024.png 1024w, https:\/\/www.minibiblioplus.org\/wp-content\/uploads\/2025\/07\/team-photos-website-8-150x150.png 150w, https:\/\/www.minibiblioplus.org\/wp-content\/uploads\/2025\/07\/team-photos-website-8-600x600.png 600w, https:\/\/www.minibiblioplus.org\/wp-content\/uploads\/2025\/07\/team-photos-website-8.png 1200w\" sizes=\"(max-width: 640px) 100vw, 640px\" \/>\t\t\t\t\t\t\t\t<\/a>\n\t\t\t\t\t\t\t\t\t\t\t\t\t\t<\/div>\n\t\t\t\t\t\t<\/div>\n\t\t\t\t<\/div>\n\t\t\t\t<div class=\"elementor-element elementor-element-80b8535 elementor-widget elementor-widget-heading\" data-id=\"80b8535\" data-element_type=\"widget\" data-widget_type=\"heading.default\">\n\t\t\t\t<div class=\"elementor-widget-container\">\n\t\t\t<h3 class=\"elementor-heading-title elementor-size-default\"><b>Madeline Hay<\/b><\/h3>\t\t<\/div>\n\t\t\t\t<\/div>\n\t\t\t\t<div class=\"elementor-element elementor-element-cd24ca2 elementor-widget elementor-widget-heading\" data-id=\"cd24ca2\" data-element_type=\"widget\" data-widget_type=\"heading.default\">\n\t\t\t\t<div class=\"elementor-widget-container\">\n\t\t\t<p class=\"elementor-heading-title elementor-size-default\">COORDINATRICE DES B\u00c9N\u00c9VOLES<\/p>\t\t<\/div>\n\t\t\t\t<\/div>\n\t\t\t\t\t\t<\/div>\n\t\t\t\t\t<\/div>\n\t\t<\/div>\n\t\t\t\t<div class=\"elementor-column elementor-col-33 elementor-top-column elementor-element elementor-element-4492d31\" data-id=\"4492d31\" data-element_type=\"column\">\n\t\t\t<div class=\"elementor-column-wrap elementor-element-populated\">\n\t\t\t\t\t\t\t<div class=\"elementor-widget-wrap\">\n\t\t\t\t\t\t<div class=\"elementor-element elementor-element-55e0c69 elementor-widget elementor-widget-image\" data-id=\"55e0c69\" data-element_type=\"widget\" data-widget_type=\"image.default\">\n\t\t\t\t<div class=\"elementor-widget-container\">\n\t\t\t\t\t\t\t\t<div class=\"elementor-image\">\n\t\t\t\t\t\t\t\t\t\t\t\t\t<a href=\"https:\/\/www.minibiblioplus.org\/index.php\/anna-sidun-2\/\">\n\t\t\t\t\t\t\t<img width=\"640\" height=\"640\" src=\"https:\/\/www.minibiblioplus.org\/wp-content\/uploads\/2025\/07\/team-photos-website-3-768x768.png\" class=\"attachment-medium_large size-medium_large\" alt=\"\" loading=\"lazy\" srcset=\"https:\/\/www.minibiblioplus.org\/wp-content\/uploads\/2025\/07\/team-photos-website-3-768x768.png 768w, https:\/\/www.minibiblioplus.org\/wp-content\/uploads\/2025\/07\/team-photos-website-3-300x300.png 300w, https:\/\/www.minibiblioplus.org\/wp-content\/uploads\/2025\/07\/team-photos-website-3-1024x1024.png 1024w, https:\/\/www.minibiblioplus.org\/wp-content\/uploads\/2025\/07\/team-photos-website-3-150x150.png 150w, https:\/\/www.minibiblioplus.org\/wp-content\/uploads\/2025\/07\/team-photos-website-3-600x600.png 600w, https:\/\/www.minibiblioplus.org\/wp-content\/uploads\/2025\/07\/team-photos-website-3.png 1200w\" sizes=\"(max-width: 640px) 100vw, 640px\" \/>\t\t\t\t\t\t\t\t<\/a>\n\t\t\t\t\t\t\t\t\t\t\t\t\t\t<\/div>\n\t\t\t\t\t\t<\/div>\n\t\t\t\t<\/div>\n\t\t\t\t<div class=\"elementor-element elementor-element-37db87b elementor-widget elementor-widget-heading\" data-id=\"37db87b\" data-element_type=\"widget\" data-widget_type=\"heading.default\">\n\t\t\t\t<div class=\"elementor-widget-container\">\n\t\t\t<h3 class=\"elementor-heading-title elementor-size-default\"><b>Anna Sidun<\/b><\/h3>\t\t<\/div>\n\t\t\t\t<\/div>\n\t\t\t\t<div class=\"elementor-element elementor-element-116f611 elementor-widget elementor-widget-heading\" data-id=\"116f611\" data-element_type=\"widget\" data-widget_type=\"heading.default\">\n\t\t\t\t<div class=\"elementor-widget-container\">\n\t\t\t<p class=\"elementor-heading-title elementor-size-default\">RESPONSABLE DES RESSOURCES ET DU SERVICES AUX PARTENAIRES<\/p>\t\t<\/div>\n\t\t\t\t<\/div>\n\t\t\t\t\t\t<\/div>\n\t\t\t\t\t<\/div>\n\t\t<\/div>\n\t\t\t\t\t\t\t\t<\/div>\n\t\t\t\t\t<\/div>\n\t\t<\/section>\n\t\t\t\t<section class=\"elementor-section elementor-top-section elementor-element elementor-element-27582c4 elementor-section-boxed elementor-section-height-default elementor-section-height-default\" data-id=\"27582c4\" data-element_type=\"section\">\n\t\t\t\t\t\t<div class=\"elementor-container elementor-column-gap-default\">\n\t\t\t\t\t\t\t<div class=\"elementor-row\">\n\t\t\t\t\t<div class=\"elementor-column elementor-col-33 elementor-top-column elementor-element elementor-element-ec327d6\" data-id=\"ec327d6\" data-element_type=\"column\">\n\t\t\t<div class=\"elementor-column-wrap elementor-element-populated\">\n\t\t\t\t\t\t\t<div class=\"elementor-widget-wrap\">\n\t\t\t\t\t\t<div class=\"elementor-element elementor-element-9e8eb8a elementor-widget elementor-widget-image\" data-id=\"9e8eb8a\" data-element_type=\"widget\" data-widget_type=\"image.default\">\n\t\t\t\t<div class=\"elementor-widget-container\">\n\t\t\t\t\t\t\t\t<div class=\"elementor-image\">\n\t\t\t\t\t\t\t\t\t\t\t\t\t<a href=\"https:\/\/www.minibiblioplus.org\/index.php\/zoe-whittall-2\/\">\n\t\t\t\t\t\t\t<img width=\"640\" height=\"640\" src=\"https:\/\/www.minibiblioplus.org\/wp-content\/uploads\/2025\/07\/team-photos-website--768x768.png\" class=\"attachment-medium_large size-medium_large\" alt=\"\" loading=\"lazy\" srcset=\"https:\/\/www.minibiblioplus.org\/wp-content\/uploads\/2025\/07\/team-photos-website--768x768.png 768w, https:\/\/www.minibiblioplus.org\/wp-content\/uploads\/2025\/07\/team-photos-website--300x300.png 300w, https:\/\/www.minibiblioplus.org\/wp-content\/uploads\/2025\/07\/team-photos-website--1024x1024.png 1024w, https:\/\/www.minibiblioplus.org\/wp-content\/uploads\/2025\/07\/team-photos-website--150x150.png 150w, https:\/\/www.minibiblioplus.org\/wp-content\/uploads\/2025\/07\/team-photos-website--600x600.png 600w, https:\/\/www.minibiblioplus.org\/wp-content\/uploads\/2025\/07\/team-photos-website-.png 1200w\" sizes=\"(max-width: 640px) 100vw, 640px\" \/>\t\t\t\t\t\t\t\t<\/a>\n\t\t\t\t\t\t\t\t\t\t\t\t\t\t<\/div>\n\t\t\t\t\t\t<\/div>\n\t\t\t\t<\/div>\n\t\t\t\t<div class=\"elementor-element elementor-element-f31bcc7 elementor-widget elementor-widget-heading\" data-id=\"f31bcc7\" data-element_type=\"widget\" data-widget_type=\"heading.default\">\n\t\t\t\t<div class=\"elementor-widget-container\">\n\t\t\t<h3 class=\"elementor-heading-title elementor-size-default\"><b>Zo\u00eb Whittall<\/b><\/h3>\t\t<\/div>\n\t\t\t\t<\/div>\n\t\t\t\t<div class=\"elementor-element elementor-element-72c8696 elementor-widget elementor-widget-heading\" data-id=\"72c8696\" data-element_type=\"widget\" data-widget_type=\"heading.default\">\n\t\t\t\t<div class=\"elementor-widget-container\">\n\t\t\t<p class=\"elementor-heading-title elementor-size-default\">COORDINATRICE DES COMMUNICATIONS<\/p>\t\t<\/div>\n\t\t\t\t<\/div>\n\t\t\t\t\t\t<\/div>\n\t\t\t\t\t<\/div>\n\t\t<\/div>\n\t\t\t\t<div class=\"elementor-column elementor-col-33 elementor-top-column elementor-element elementor-element-d886790\" data-id=\"d886790\" data-element_type=\"column\">\n\t\t\t<div class=\"elementor-column-wrap elementor-element-populated\">\n\t\t\t\t\t\t\t<div class=\"elementor-widget-wrap\">\n\t\t\t\t\t\t<div class=\"elementor-element elementor-element-7b6d2cc elementor-widget elementor-widget-image\" data-id=\"7b6d2cc\" data-element_type=\"widget\" data-widget_type=\"image.default\">\n\t\t\t\t<div class=\"elementor-widget-container\">\n\t\t\t\t\t\t\t\t<div class=\"elementor-image\">\n\t\t\t\t\t\t\t\t\t\t\t\t\t<a href=\"https:\/\/www.minibiblioplus.org\/index.php\/joannie-boire\/\">\n\t\t\t\t\t\t\t<img width=\"640\" height=\"640\" src=\"https:\/\/www.minibiblioplus.org\/wp-content\/uploads\/2025\/07\/team-photos-website-4-768x768.png\" class=\"attachment-medium_large size-medium_large\" alt=\"\" loading=\"lazy\" srcset=\"https:\/\/www.minibiblioplus.org\/wp-content\/uploads\/2025\/07\/team-photos-website-4-768x768.png 768w, https:\/\/www.minibiblioplus.org\/wp-content\/uploads\/2025\/07\/team-photos-website-4-300x300.png 300w, https:\/\/www.minibiblioplus.org\/wp-content\/uploads\/2025\/07\/team-photos-website-4-1024x1024.png 1024w, https:\/\/www.minibiblioplus.org\/wp-content\/uploads\/2025\/07\/team-photos-website-4-150x150.png 150w, https:\/\/www.minibiblioplus.org\/wp-content\/uploads\/2025\/07\/team-photos-website-4-600x600.png 600w, https:\/\/www.minibiblioplus.org\/wp-content\/uploads\/2025\/07\/team-photos-website-4.png 1200w\" sizes=\"(max-width: 640px) 100vw, 640px\" \/>\t\t\t\t\t\t\t\t<\/a>\n\t\t\t\t\t\t\t\t\t\t\t\t\t\t<\/div>\n\t\t\t\t\t\t<\/div>\n\t\t\t\t<\/div>\n\t\t\t\t<div class=\"elementor-element elementor-element-ab92fba elementor-widget elementor-widget-heading\" data-id=\"ab92fba\" data-element_type=\"widget\" data-widget_type=\"heading.default\">\n\t\t\t\t<div class=\"elementor-widget-container\">\n\t\t\t<h3 class=\"elementor-heading-title elementor-size-default\"><b>Joannie Boire<\/b><\/h3>\t\t<\/div>\n\t\t\t\t<\/div>\n\t\t\t\t<div class=\"elementor-element elementor-element-d233f00 elementor-widget elementor-widget-heading\" data-id=\"d233f00\" data-element_type=\"widget\" data-widget_type=\"heading.default\">\n\t\t\t\t<div class=\"elementor-widget-container\">\n\t\t\t<p class=\"elementor-heading-title elementor-size-default\">COORDINATRICE AU DEVELOPPEMENT COMMUNAUTAIRE<\/p>\t\t<\/div>\n\t\t\t\t<\/div>\n\t\t\t\t\t\t<\/div>\n\t\t\t\t\t<\/div>\n\t\t<\/div>\n\t\t\t\t<div class=\"elementor-column elementor-col-33 elementor-top-column elementor-element elementor-element-44ff23c\" data-id=\"44ff23c\" data-element_type=\"column\">\n\t\t\t<div class=\"elementor-column-wrap\">\n\t\t\t\t\t\t\t<div class=\"elementor-widget-wrap\">\n\t\t\t\t\t\t\t\t<\/div>\n\t\t\t\t\t<\/div>\n\t\t<\/div>\n\t\t\t\t\t\t\t\t<\/div>\n\t\t\t\t\t<\/div>\n\t\t<\/section>\n\t\t\t\t<section class=\"elementor-section elementor-top-section elementor-element elementor-element-21bfb893 elementor-section-boxed elementor-section-height-default elementor-section-height-default\" data-id=\"21bfb893\" data-element_type=\"section\">\n\t\t\t\t\t\t<div class=\"elementor-container elementor-column-gap-default\">\n\t\t\t\t\t\t\t<div class=\"elementor-row\">\n\t\t\t\t\t<div class=\"elementor-column elementor-col-100 elementor-top-column elementor-element elementor-element-1f25159\" data-id=\"1f25159\" data-element_type=\"column\">\n\t\t\t<div class=\"elementor-column-wrap\">\n\t\t\t\t\t\t\t<div class=\"elementor-widget-wrap\">\n\t\t\t\t\t\t\t\t<\/div>\n\t\t\t\t\t<\/div>\n\t\t<\/div>\n\t\t\t\t\t\t\t\t<\/div>\n\t\t\t\t\t<\/div>\n\t\t<\/section>\n\t\t\t\t\t\t<\/div>\n\t\t\t\t\t\t<\/div>\n\t\t\t\t\t<\/div>\n\t\t","protected":false},"excerpt":{"rendered":"<p>Notre \u00e9quipe Anne Isabelle Roussy DIRECTRICE G\u00c9N\u00c9RALE INT\u00c9RIMAIRE Asha Dixit DIRECTRICE G\u00c9N\u00c9RALE (EN CONG\u00c9 DE MATERNIT\u00c9) Marco De Petrillo BIBLIOTH\u00c9CAIRE Stephanie Lopraino GESTIONNAIRE DES PROGRAMMES Madeline Hay COORDINATRICE DES B\u00c9N\u00c9VOLES Anna Sidun RESPONSABLE DES RESSOURCES ET DU SERVICES AUX PARTENAIRES Zo\u00eb Whittall COORDINATRICE DES COMMUNICATIONS Joannie Boire COORDINATRICE AU DEVELOPPEMENT COMMUNAUTAIRE<\/p>\n","protected":false},"author":1,"featured_media":0,"parent":0,"menu_order":0,"comment_status":"closed","ping_status":"closed","template":"","meta":{"om_disable_all_campaigns":false,"_monsterinsights_skip_tracking":false,"_monsterinsights_sitenote_active":false,"_monsterinsights_sitenote_note":"","_monsterinsights_sitenote_category":0},"aioseo_notices":[],"_links":{"self":[{"href":"https:\/\/www.minibiblioplus.org\/index.php\/wp-json\/wp\/v2\/pages\/581"}],"collection":[{"href":"https:\/\/www.minibiblioplus.org\/index.php\/wp-json\/wp\/v2\/pages"}],"about":[{"href":"https:\/\/www.minibiblioplus.org\/index.php\/wp-json\/wp\/v2\/types\/page"}],"author":[{"embeddable":true,"href":"https:\/\/www.minibiblioplus.org\/index.php\/wp-json\/wp\/v2\/users\/1"}],"replies":[{"embeddable":true,"href":"https:\/\/www.minibiblioplus.org\/index.php\/wp-json\/wp\/v2\/comments?post=581"}],"version-history":[{"count":224,"href":"https:\/\/www.minibiblioplus.org\/index.php\/wp-json\/wp\/v2\/pages\/581\/revisions"}],"predecessor-version":[{"id":6970,"href":"https:\/\/www.minibiblioplus.org\/index.php\/wp-json\/wp\/v2\/pages\/581\/revisions\/6970"}],"wp:attachment":[{"href":"https:\/\/www.minibiblioplus.org\/index.php\/wp-json\/wp\/v2\/media?parent=581"}],"curies":[{"name":"wp","href":"https:\/\/api.w.org\/{rel}","templated":true}]}}