{"id":6179,"date":"2025-01-31T15:39:50","date_gmt":"2025-01-31T20:39:50","guid":{"rendered":"https:\/\/www.minibiblioplus.org\/?page_id=6179"},"modified":"2025-07-16T11:38:47","modified_gmt":"2025-07-16T15:38:47","slug":"https-www-minibiblioplus-org-index-php-madeline-hay-2-2","status":"publish","type":"page","link":"https:\/\/www.minibiblioplus.org\/index.php\/en\/https-www-minibiblioplus-org-index-php-madeline-hay-2-2\/","title":{"rendered":"Madeline Hay"},"content":{"rendered":"\t\t<div data-elementor-type=\"wp-page\" data-elementor-id=\"6179\" class=\"elementor elementor-6179\" data-elementor-settings=\"[]\">\n\t\t\t\t\t\t<div class=\"elementor-inner\">\n\t\t\t\t\t\t\t<div class=\"elementor-section-wrap\">\n\t\t\t\t\t\t\t<section class=\"elementor-section elementor-top-section elementor-element elementor-element-b947d01 elementor-section-boxed elementor-section-height-default elementor-section-height-default\" data-id=\"b947d01\" data-element_type=\"section\">\n\t\t\t\t\t\t<div class=\"elementor-container elementor-column-gap-default\">\n\t\t\t\t\t\t\t<div class=\"elementor-row\">\n\t\t\t\t\t<div class=\"elementor-column elementor-col-33 elementor-top-column elementor-element elementor-element-9c6ef29\" data-id=\"9c6ef29\" data-element_type=\"column\">\n\t\t\t<div class=\"elementor-column-wrap elementor-element-populated\">\n\t\t\t\t\t\t\t<div class=\"elementor-widget-wrap\">\n\t\t\t\t\t\t<div class=\"elementor-element elementor-element-7a02adb elementor-widget elementor-widget-image\" data-id=\"7a02adb\" data-element_type=\"widget\" data-widget_type=\"image.default\">\n\t\t\t\t<div class=\"elementor-widget-container\">\n\t\t\t\t\t\t\t\t<div class=\"elementor-image\">\n\t\t\t\t\t\t\t\t\t\t\t\t<img width=\"640\" height=\"410\" src=\"https:\/\/www.minibiblioplus.org\/wp-content\/uploads\/2025\/01\/Madeline-Hay-portrait-3-1024x656.jpg\" class=\"attachment-large size-large\" alt=\"\" loading=\"lazy\" srcset=\"https:\/\/www.minibiblioplus.org\/wp-content\/uploads\/2025\/01\/Madeline-Hay-portrait-3-1024x656.jpg 1024w, https:\/\/www.minibiblioplus.org\/wp-content\/uploads\/2025\/01\/Madeline-Hay-portrait-3-300x192.jpg 300w, https:\/\/www.minibiblioplus.org\/wp-content\/uploads\/2025\/01\/Madeline-Hay-portrait-3-768x492.jpg 768w, https:\/\/www.minibiblioplus.org\/wp-content\/uploads\/2025\/01\/Madeline-Hay-portrait-3-1536x984.jpg 1536w, https:\/\/www.minibiblioplus.org\/wp-content\/uploads\/2025\/01\/Madeline-Hay-portrait-3-2048x1313.jpg 2048w\" sizes=\"(max-width: 640px) 100vw, 640px\" \/>\t\t\t\t\t\t\t\t\t\t\t\t\t\t<\/div>\n\t\t\t\t\t\t<\/div>\n\t\t\t\t<\/div>\n\t\t\t\t\t\t<\/div>\n\t\t\t\t\t<\/div>\n\t\t<\/div>\n\t\t\t\t<div class=\"elementor-column elementor-col-66 elementor-top-column elementor-element elementor-element-ea2eb39\" data-id=\"ea2eb39\" data-element_type=\"column\">\n\t\t\t<div class=\"elementor-column-wrap elementor-element-populated\">\n\t\t\t\t\t\t\t<div class=\"elementor-widget-wrap\">\n\t\t\t\t\t\t<div class=\"elementor-element elementor-element-9e0fdb0 elementor-widget elementor-widget-text-editor\" data-id=\"9e0fdb0\" data-element_type=\"widget\" data-widget_type=\"text-editor.default\">\n\t\t\t\t<div class=\"elementor-widget-container\">\n\t\t\t\t\t\t\t\t<div class=\"elementor-text-editor elementor-clearfix\">\n\t\t\t\t<p><span data-teams=\"true\">Madeline est une jeune professionnelle d\u00e9vou\u00e9e qui poss\u00e8de plus de quatre ans d&#8217;exp\u00e9rience dans la coordination des b\u00e9n\u00e9voles, l&#8217;organisation communautaire et les \u00e9v\u00e9nements. Elle est titulaire d&#8217;un BMus de l&#8217;Universit\u00e9 McGill et a effectu\u00e9 plus de 2 500 heures de b\u00e9n\u00e9volat dans le cadre de diverses activit\u00e9s, notamment l&#8217;administration, le travail manuel, la conception de sites Web, l&#8217;art, la cr\u00e9ation de contenu, la gestion de projets, la collecte de fonds et l&#8217;enseignement de l&#8217;anglais, du fran\u00e7ais et de la musique du niveau precoce. Sa plus grande passion dans la vie est le d\u00e9veloppement individuel et communautaire par le biais du volontariat, des arts, et du d\u00e9veloppement de l&#8217;\u00e9ducation et l&#8217;autonomie des jeunes. Madeline a toujours aim\u00e9 lire et a un penchant pour la fiction politique et les autobiographies. Elle est convaincue qu&#8217;une \u00e9ducation accessible et de qualit\u00e9 pour les jeunes est la strat\u00e9gie la plus importante et la plus efficace pour r\u00e9duire les in\u00e9galit\u00e9s au niveau local et mondial. Son objectif est de permettre \u00e0 chacun de r\u00e9colter les b\u00e9n\u00e9fices mentaux et physiques d&#8217;un engagement dans sa communaut\u00e9 &#8211; en faisant en sorte que tout le monde devienne b\u00e9n\u00e9vole !<\/span><\/p>\n<p><span data-teams=\"true\"><a href=\"mailto:vol@minibiblioplus.org\" style=\"font-weight: var( --e-global-typography-text-font-weight ); font-size: 1.05rem; background-color: rgb(255, 255, 255);\">vol@minibiblioplus.org<\/a>&nbsp;\/\/ 514-872-0517<\/span><\/p>\t\t\t\t\t<\/div>\n\t\t\t\t\t\t<\/div>\n\t\t\t\t<\/div>\n\t\t\t\t\t\t<\/div>\n\t\t\t\t\t<\/div>\n\t\t<\/div>\n\t\t\t\t\t\t\t\t<\/div>\n\t\t\t\t\t<\/div>\n\t\t<\/section>\n\t\t\t\t\t\t<\/div>\n\t\t\t\t\t\t<\/div>\n\t\t\t\t\t<\/div>\n\t\t","protected":false},"excerpt":{"rendered":"<p>Madeline est une jeune professionnelle d\u00e9vou\u00e9e qui poss\u00e8de plus de quatre ans d&#8217;exp\u00e9rience dans la coordination des b\u00e9n\u00e9voles, l&#8217;organisation communautaire et les \u00e9v\u00e9nements. Elle est titulaire d&#8217;un BMus de l&#8217;Universit\u00e9 McGill et a effectu\u00e9 plus de 2 500 heures de b\u00e9n\u00e9volat dans le cadre de diverses activit\u00e9s, notamment l&#8217;administration, le travail manuel, la conception de sites Web, l&#8217;art, la cr\u00e9ation de contenu, la gestion de projets, la collecte de fonds et l&#8217;enseignement de l&#8217;anglais, du fran\u00e7ais et de la musique&hellip;<\/p>\n","protected":false},"author":1,"featured_media":0,"parent":0,"menu_order":0,"comment_status":"closed","ping_status":"closed","template":"","meta":{"om_disable_all_campaigns":false,"_monsterinsights_skip_tracking":false,"_monsterinsights_sitenote_active":false,"_monsterinsights_sitenote_note":"","_monsterinsights_sitenote_category":0},"aioseo_notices":[],"_links":{"self":[{"href":"https:\/\/www.minibiblioplus.org\/index.php\/wp-json\/wp\/v2\/pages\/6179"}],"collection":[{"href":"https:\/\/www.minibiblioplus.org\/index.php\/wp-json\/wp\/v2\/pages"}],"about":[{"href":"https:\/\/www.minibiblioplus.org\/index.php\/wp-json\/wp\/v2\/types\/page"}],"author":[{"embeddable":true,"href":"https:\/\/www.minibiblioplus.org\/index.php\/wp-json\/wp\/v2\/users\/1"}],"replies":[{"embeddable":true,"href":"https:\/\/www.minibiblioplus.org\/index.php\/wp-json\/wp\/v2\/comments?post=6179"}],"version-history":[{"count":6,"href":"https:\/\/www.minibiblioplus.org\/index.php\/wp-json\/wp\/v2\/pages\/6179\/revisions"}],"predecessor-version":[{"id":6939,"href":"https:\/\/www.minibiblioplus.org\/index.php\/wp-json\/wp\/v2\/pages\/6179\/revisions\/6939"}],"wp:attachment":[{"href":"https:\/\/www.minibiblioplus.org\/index.php\/wp-json\/wp\/v2\/media?parent=6179"}],"curies":[{"name":"wp","href":"https:\/\/api.w.org\/{rel}","templated":true}]}}