{"id":6514,"date":"2025-04-02T12:17:19","date_gmt":"2025-04-02T16:17:19","guid":{"rendered":"https:\/\/www.minibiblioplus.org\/?page_id=6514"},"modified":"2025-07-16T11:13:46","modified_gmt":"2025-07-16T15:13:46","slug":"zoe-whittall-2","status":"publish","type":"page","link":"https:\/\/www.minibiblioplus.org\/index.php\/zoe-whittall-2\/","title":{"rendered":"Zo\u00eb Whittall"},"content":{"rendered":"\t\t<div data-elementor-type=\"wp-page\" data-elementor-id=\"6514\" class=\"elementor elementor-6514\" data-elementor-settings=\"[]\">\n\t\t\t\t\t\t<div class=\"elementor-inner\">\n\t\t\t\t\t\t\t<div class=\"elementor-section-wrap\">\n\t\t\t\t\t\t\t<section class=\"elementor-section elementor-top-section elementor-element elementor-element-ba342fe elementor-section-boxed elementor-section-height-default elementor-section-height-default\" data-id=\"ba342fe\" data-element_type=\"section\">\n\t\t\t\t\t\t<div class=\"elementor-container elementor-column-gap-default\">\n\t\t\t\t\t\t\t<div class=\"elementor-row\">\n\t\t\t\t\t<div class=\"elementor-column elementor-col-50 elementor-top-column elementor-element elementor-element-ac80bca\" data-id=\"ac80bca\" data-element_type=\"column\">\n\t\t\t<div class=\"elementor-column-wrap elementor-element-populated\">\n\t\t\t\t\t\t\t<div class=\"elementor-widget-wrap\">\n\t\t\t\t\t\t<div class=\"elementor-element elementor-element-72395ba elementor-widget elementor-widget-image\" data-id=\"72395ba\" data-element_type=\"widget\" data-widget_type=\"image.default\">\n\t\t\t\t<div class=\"elementor-widget-container\">\n\t\t\t\t\t\t\t\t<div class=\"elementor-image\">\n\t\t\t\t\t\t\t\t\t\t\t\t<img src=\"https:\/\/www.minibiblioplus.org\/wp-content\/uploads\/elementor\/thumbs\/Zoe-photo-2-r3rvvlwvycyur2sbcvn1sn6wsrggzzd3shpslrf7fc.jpeg\" title=\"Zoe photo\" alt=\"Zoe photo\" \/>\t\t\t\t\t\t\t\t\t\t\t\t\t\t<\/div>\n\t\t\t\t\t\t<\/div>\n\t\t\t\t<\/div>\n\t\t\t\t\t\t<\/div>\n\t\t\t\t\t<\/div>\n\t\t<\/div>\n\t\t\t\t<div class=\"elementor-column elementor-col-50 elementor-top-column elementor-element elementor-element-8ae5b93\" data-id=\"8ae5b93\" data-element_type=\"column\">\n\t\t\t<div class=\"elementor-column-wrap elementor-element-populated\">\n\t\t\t\t\t\t\t<div class=\"elementor-widget-wrap\">\n\t\t\t\t\t\t<div class=\"elementor-element elementor-element-b451e4c elementor-widget elementor-widget-text-editor\" data-id=\"b451e4c\" data-element_type=\"widget\" data-widget_type=\"text-editor.default\">\n\t\t\t\t<div class=\"elementor-widget-container\">\n\t\t\t\t\t\t\t\t<div class=\"elementor-text-editor elementor-clearfix\">\n\t\t\t\t<p>Zo\u00eb est titulaire d&#8217;une ma\u00eetrise en litt\u00e9rature anglaise de l&#8217;universit\u00e9 d&#8217;\u00c9dimbourg et travaille actuellement \u00e0 l&#8217;obtention d&#8217;une ma\u00eetrise en biblioth\u00e9conomie et en sciences de l&#8217;information \u00e0 l&#8217;universit\u00e9 McGill. Avec huit ann\u00e9es d&#8217;exp\u00e9rience en tant que tuteur d&#8217;anglais et quatre ann\u00e9es d&#8217;exp\u00e9rience dans le domaine de la communication, elle accorde une grande importance \u00e0 l&#8217;acc\u00e8s universel \u00e0 l&#8217;information, \u00e0 l&#8217;alphab\u00e9tisation et au mat\u00e9riel p\u00e9dagogique.\u00a0<\/p><p>Elle pense que chaque enfant devrait avoir acc\u00e8s \u00e0 des livres et aux outils n\u00e9cessaires pour lire et \u00e9crire, et son objectif est d&#8217;assurer que sa communaut\u00e9 dispose de ces outils en promouvant le travail de la biblioth\u00e8que Fraser-Hickson.<\/p><p><span data-teams=\"true\">Son livre coup de c\u0153ur \u00e0 lire aux tout-petits? <i>The Paper Bag Princess, de Robert Munsch.<\/i><\/span><\/p><p>communications@minibiblioplus.org<\/p>\t\t\t\t\t<\/div>\n\t\t\t\t\t\t<\/div>\n\t\t\t\t<\/div>\n\t\t\t\t\t\t<\/div>\n\t\t\t\t\t<\/div>\n\t\t<\/div>\n\t\t\t\t\t\t\t\t<\/div>\n\t\t\t\t\t<\/div>\n\t\t<\/section>\n\t\t\t\t\t\t<\/div>\n\t\t\t\t\t\t<\/div>\n\t\t\t\t\t<\/div>\n\t\t","protected":false},"excerpt":{"rendered":"<p>Zo\u00eb est titulaire d&#8217;une ma\u00eetrise en litt\u00e9rature anglaise de l&#8217;universit\u00e9 d&#8217;\u00c9dimbourg et travaille actuellement \u00e0 l&#8217;obtention d&#8217;une ma\u00eetrise en biblioth\u00e9conomie et en sciences de l&#8217;information \u00e0 l&#8217;universit\u00e9 McGill. Avec huit ann\u00e9es d&#8217;exp\u00e9rience en tant que tuteur d&#8217;anglais et quatre ann\u00e9es d&#8217;exp\u00e9rience dans le domaine de la communication, elle accorde une grande importance \u00e0 l&#8217;acc\u00e8s universel \u00e0 l&#8217;information, \u00e0 l&#8217;alphab\u00e9tisation et au mat\u00e9riel p\u00e9dagogique.\u00a0 Elle pense que chaque enfant devrait avoir acc\u00e8s \u00e0 des livres et aux outils n\u00e9cessaires pour lire&hellip;<\/p>\n","protected":false},"author":1,"featured_media":0,"parent":0,"menu_order":0,"comment_status":"closed","ping_status":"closed","template":"","meta":{"om_disable_all_campaigns":false,"_monsterinsights_skip_tracking":false,"_monsterinsights_sitenote_active":false,"_monsterinsights_sitenote_note":"","_monsterinsights_sitenote_category":0},"aioseo_notices":[],"_links":{"self":[{"href":"https:\/\/www.minibiblioplus.org\/index.php\/wp-json\/wp\/v2\/pages\/6514"}],"collection":[{"href":"https:\/\/www.minibiblioplus.org\/index.php\/wp-json\/wp\/v2\/pages"}],"about":[{"href":"https:\/\/www.minibiblioplus.org\/index.php\/wp-json\/wp\/v2\/types\/page"}],"author":[{"embeddable":true,"href":"https:\/\/www.minibiblioplus.org\/index.php\/wp-json\/wp\/v2\/users\/1"}],"replies":[{"embeddable":true,"href":"https:\/\/www.minibiblioplus.org\/index.php\/wp-json\/wp\/v2\/comments?post=6514"}],"version-history":[{"count":12,"href":"https:\/\/www.minibiblioplus.org\/index.php\/wp-json\/wp\/v2\/pages\/6514\/revisions"}],"predecessor-version":[{"id":6911,"href":"https:\/\/www.minibiblioplus.org\/index.php\/wp-json\/wp\/v2\/pages\/6514\/revisions\/6911"}],"wp:attachment":[{"href":"https:\/\/www.minibiblioplus.org\/index.php\/wp-json\/wp\/v2\/media?parent=6514"}],"curies":[{"name":"wp","href":"https:\/\/api.w.org\/{rel}","templated":true}]}}