{"id":6537,"date":"2025-04-02T12:49:54","date_gmt":"2025-04-02T16:49:54","guid":{"rendered":"https:\/\/www.minibiblioplus.org\/?page_id=6537"},"modified":"2025-10-22T14:35:41","modified_gmt":"2025-10-22T18:35:41","slug":"madeline-hay-3","status":"publish","type":"page","link":"https:\/\/www.minibiblioplus.org\/index.php\/madeline-hay-3\/","title":{"rendered":"Madeline Hay"},"content":{"rendered":"\t\t<div data-elementor-type=\"wp-page\" data-elementor-id=\"6537\" class=\"elementor elementor-6537\" data-elementor-settings=\"[]\">\n\t\t\t\t\t\t<div class=\"elementor-inner\">\n\t\t\t\t\t\t\t<div class=\"elementor-section-wrap\">\n\t\t\t\t\t\t\t<section class=\"elementor-section elementor-top-section elementor-element elementor-element-b1c6a19 elementor-section-boxed elementor-section-height-default elementor-section-height-default\" data-id=\"b1c6a19\" data-element_type=\"section\">\n\t\t\t\t\t\t<div class=\"elementor-container elementor-column-gap-default\">\n\t\t\t\t\t\t\t<div class=\"elementor-row\">\n\t\t\t\t\t<div class=\"elementor-column elementor-col-50 elementor-top-column elementor-element elementor-element-dc4f51d\" data-id=\"dc4f51d\" data-element_type=\"column\">\n\t\t\t<div class=\"elementor-column-wrap elementor-element-populated\">\n\t\t\t\t\t\t\t<div class=\"elementor-widget-wrap\">\n\t\t\t\t\t\t<div class=\"elementor-element elementor-element-0b48836 elementor-widget elementor-widget-image\" data-id=\"0b48836\" data-element_type=\"widget\" data-widget_type=\"image.default\">\n\t\t\t\t<div class=\"elementor-widget-container\">\n\t\t\t\t\t\t\t\t<div class=\"elementor-image\">\n\t\t\t\t\t\t\t\t\t\t\t\t<img src=\"https:\/\/www.minibiblioplus.org\/wp-content\/uploads\/elementor\/thumbs\/team-photos-website-8-r8t60nw19nk6lbsnlxxeel58dewhgw2e6qxnm7z80o.png\" title=\"team photos website (8)\" alt=\"team photos website (8)\" \/>\t\t\t\t\t\t\t\t\t\t\t\t\t\t<\/div>\n\t\t\t\t\t\t<\/div>\n\t\t\t\t<\/div>\n\t\t\t\t\t\t<\/div>\n\t\t\t\t\t<\/div>\n\t\t<\/div>\n\t\t\t\t<div class=\"elementor-column elementor-col-50 elementor-top-column elementor-element elementor-element-ebc76d0\" data-id=\"ebc76d0\" data-element_type=\"column\">\n\t\t\t<div class=\"elementor-column-wrap elementor-element-populated\">\n\t\t\t\t\t\t\t<div class=\"elementor-widget-wrap\">\n\t\t\t\t\t\t<div class=\"elementor-element elementor-element-c059996 elementor-widget elementor-widget-text-editor\" data-id=\"c059996\" data-element_type=\"widget\" data-widget_type=\"text-editor.default\">\n\t\t\t\t<div class=\"elementor-widget-container\">\n\t\t\t\t\t\t\t\t<div class=\"elementor-text-editor elementor-clearfix\">\n\t\t\t\t<p>Madeline est une jeune professionnelle d\u00e9vou\u00e9e qui poss\u00e8de plus de quatre ans d&#8217;exp\u00e9rience dans la coordination des b\u00e9n\u00e9voles, l&#8217;organisation communautaire et les \u00e9v\u00e9nements. Elle est titulaire d&#8217;un BMus de l&#8217;Universit\u00e9 McGill et a effectu\u00e9 plus de 2 500 heures de b\u00e9n\u00e9volat dans le cadre de diverses activit\u00e9s, notamment l&#8217;administration, le travail manuel, la conception de sites Web, l&#8217;art, la cr\u00e9ation de contenu, la gestion de projets, la collecte de fonds et l&#8217;enseignement de l&#8217;anglais, du fran\u00e7ais et de la musique \u00e0 des enfants d&#8217;\u00e2ge pr\u00e9scolaire. Sa plus grande passion dans la vie est le d\u00e9veloppement individuel et communautaire par la service du b\u00e9n\u00e9volat, de l&#8217;\u00e9ducation et de l&#8217;autonomisation des jeunes, et des arts.\u00a0<\/p><p>Madeline a toujours aim\u00e9 lire et a un penchant pour la fiction politique et les autobiographies. Un chapitre par jour \u00e9loigne le blues! Elle est convaincue qu&#8217;une \u00e9ducation accessible et de qualit\u00e9 pour les jeunes est la strat\u00e9gie la plus importante et la plus efficace pour r\u00e9duire les in\u00e9galit\u00e9s au niveau local et mondial. Son objectif est de permettre \u00e0 chacun de r\u00e9colter les b\u00e9n\u00e9fices mentaux et physiques d&#8217;un engagement dans sa communaut\u00e9 &#8211; en faisant en sorte que tout le monde devienne b\u00e9n\u00e9vole!<\/p><p><a style=\"background-image: none; font-size: 1.05rem; font-weight: var( --e-global-typography-text-font-weight );\" href=\"mailto:vol@minibiblioplus.org\">vol@minibiblioplus.org<\/a><span style=\"caret-color: #7a7a7a; font-size: 16.8px; background-color: #ffffff;\">\u00a0 \/\/ 514-872-0517<\/span><\/p>\t\t\t\t\t<\/div>\n\t\t\t\t\t\t<\/div>\n\t\t\t\t<\/div>\n\t\t\t\t\t\t<\/div>\n\t\t\t\t\t<\/div>\n\t\t<\/div>\n\t\t\t\t\t\t\t\t<\/div>\n\t\t\t\t\t<\/div>\n\t\t<\/section>\n\t\t\t\t\t\t<\/div>\n\t\t\t\t\t\t<\/div>\n\t\t\t\t\t<\/div>\n\t\t","protected":false},"excerpt":{"rendered":"<p>Madeline est une jeune professionnelle d\u00e9vou\u00e9e qui poss\u00e8de plus de quatre ans d&#8217;exp\u00e9rience dans la coordination des b\u00e9n\u00e9voles, l&#8217;organisation communautaire et les \u00e9v\u00e9nements. Elle est titulaire d&#8217;un BMus de l&#8217;Universit\u00e9 McGill et a effectu\u00e9 plus de 2 500 heures de b\u00e9n\u00e9volat dans le cadre de diverses activit\u00e9s, notamment l&#8217;administration, le travail manuel, la conception de sites Web, l&#8217;art, la cr\u00e9ation de contenu, la gestion de projets, la collecte de fonds et l&#8217;enseignement de l&#8217;anglais, du fran\u00e7ais et de la musique&hellip;<\/p>\n","protected":false},"author":1,"featured_media":0,"parent":0,"menu_order":0,"comment_status":"closed","ping_status":"closed","template":"","meta":{"om_disable_all_campaigns":false,"_monsterinsights_skip_tracking":false,"_monsterinsights_sitenote_active":false,"_monsterinsights_sitenote_note":"","_monsterinsights_sitenote_category":0},"aioseo_notices":[],"_links":{"self":[{"href":"https:\/\/www.minibiblioplus.org\/index.php\/wp-json\/wp\/v2\/pages\/6537"}],"collection":[{"href":"https:\/\/www.minibiblioplus.org\/index.php\/wp-json\/wp\/v2\/pages"}],"about":[{"href":"https:\/\/www.minibiblioplus.org\/index.php\/wp-json\/wp\/v2\/types\/page"}],"author":[{"embeddable":true,"href":"https:\/\/www.minibiblioplus.org\/index.php\/wp-json\/wp\/v2\/users\/1"}],"replies":[{"embeddable":true,"href":"https:\/\/www.minibiblioplus.org\/index.php\/wp-json\/wp\/v2\/comments?post=6537"}],"version-history":[{"count":24,"href":"https:\/\/www.minibiblioplus.org\/index.php\/wp-json\/wp\/v2\/pages\/6537\/revisions"}],"predecessor-version":[{"id":7487,"href":"https:\/\/www.minibiblioplus.org\/index.php\/wp-json\/wp\/v2\/pages\/6537\/revisions\/7487"}],"wp:attachment":[{"href":"https:\/\/www.minibiblioplus.org\/index.php\/wp-json\/wp\/v2\/media?parent=6537"}],"curies":[{"name":"wp","href":"https:\/\/api.w.org\/{rel}","templated":true}]}}