{"id":7838,"date":"2026-04-20T10:29:29","date_gmt":"2026-04-20T14:29:29","guid":{"rendered":"https:\/\/www.minibiblioplus.org\/?page_id=7838"},"modified":"2026-04-20T13:46:08","modified_gmt":"2026-04-20T17:46:08","slug":"offres-demploi","status":"publish","type":"page","link":"https:\/\/www.minibiblioplus.org\/index.php\/offres-demploi\/","title":{"rendered":"Offres d&#8217;emploi"},"content":{"rendered":"\t\t<div data-elementor-type=\"wp-page\" data-elementor-id=\"7838\" class=\"elementor elementor-7838\" data-elementor-settings=\"[]\">\n\t\t\t\t\t\t<div class=\"elementor-inner\">\n\t\t\t\t\t\t\t<div class=\"elementor-section-wrap\">\n\t\t\t\t\t\t\t<section class=\"elementor-section elementor-top-section elementor-element elementor-element-d01ba5c elementor-section-boxed elementor-section-height-default elementor-section-height-default\" data-id=\"d01ba5c\" data-element_type=\"section\">\n\t\t\t\t\t\t<div class=\"elementor-container elementor-column-gap-default\">\n\t\t\t\t\t\t\t<div class=\"elementor-row\">\n\t\t\t\t\t<div class=\"elementor-column elementor-col-100 elementor-top-column elementor-element elementor-element-477927d\" data-id=\"477927d\" data-element_type=\"column\">\n\t\t\t<div class=\"elementor-column-wrap elementor-element-populated\">\n\t\t\t\t\t\t\t<div class=\"elementor-widget-wrap\">\n\t\t\t\t\t\t<div class=\"elementor-element elementor-element-04a0ab6 elementor-widget elementor-widget-image\" data-id=\"04a0ab6\" data-element_type=\"widget\" data-widget_type=\"image.default\">\n\t\t\t\t<div class=\"elementor-widget-container\">\n\t\t\t\t\t\t\t\t<div class=\"elementor-image\">\n\t\t\t\t\t\t\t\t\t\t\t\t<img width=\"640\" height=\"334\" src=\"https:\/\/www.minibiblioplus.org\/wp-content\/uploads\/2026\/04\/Screenshot-2026-04-20-101931-1.png\" class=\"attachment-large size-large\" alt=\"\" loading=\"lazy\" srcset=\"https:\/\/www.minibiblioplus.org\/wp-content\/uploads\/2026\/04\/Screenshot-2026-04-20-101931-1.png 929w, https:\/\/www.minibiblioplus.org\/wp-content\/uploads\/2026\/04\/Screenshot-2026-04-20-101931-1-300x157.png 300w, https:\/\/www.minibiblioplus.org\/wp-content\/uploads\/2026\/04\/Screenshot-2026-04-20-101931-1-768x401.png 768w\" sizes=\"(max-width: 640px) 100vw, 640px\" \/>\t\t\t\t\t\t\t\t\t\t\t\t\t\t<\/div>\n\t\t\t\t\t\t<\/div>\n\t\t\t\t<\/div>\n\t\t\t\t\t\t<\/div>\n\t\t\t\t\t<\/div>\n\t\t<\/div>\n\t\t\t\t\t\t\t\t<\/div>\n\t\t\t\t\t<\/div>\n\t\t<\/section>\n\t\t\t\t<section class=\"elementor-section elementor-top-section elementor-element elementor-element-be5139d elementor-section-boxed elementor-section-height-default elementor-section-height-default\" data-id=\"be5139d\" data-element_type=\"section\">\n\t\t\t\t\t\t<div class=\"elementor-container elementor-column-gap-default\">\n\t\t\t\t\t\t\t<div class=\"elementor-row\">\n\t\t\t\t\t<div class=\"elementor-column elementor-col-100 elementor-top-column elementor-element elementor-element-09d2b59\" data-id=\"09d2b59\" data-element_type=\"column\">\n\t\t\t<div class=\"elementor-column-wrap elementor-element-populated\">\n\t\t\t\t\t\t\t<div class=\"elementor-widget-wrap\">\n\t\t\t\t\t\t<div class=\"elementor-element elementor-element-4c92d75 elementor-widget elementor-widget-text-editor\" data-id=\"4c92d75\" data-element_type=\"widget\" data-widget_type=\"text-editor.default\">\n\t\t\t\t<div class=\"elementor-widget-container\">\n\t\t\t\t\t\t\t\t<div class=\"elementor-text-editor elementor-clearfix\">\n\t\t\t\t<p><strong>Pourquoi rejoindre Fraser-Hickson<\/strong><\/p><p>Rejoignez-nous !<br \/>\u00c0 l\u2019Institut Fraser-Hickson, nous croyons au pouvoir de l\u2019alphab\u00e9tisation pr\u00e9coce pour fa\u00e7onner des vies. Gr\u00e2ce \u00e0 nos programmes, nous offrons des livres, des histoires et des occasions d\u2019apprentissage aux enfants, aux familles et aux garderies partout au Qu\u00e9bec.<\/p><p>Nous sommes une petite \u00e9quipe d\u00e9vou\u00e9e qui construit quelque chose d\u2019important, de mani\u00e8re r\u00e9fl\u00e9chie, collaborative et avec un sens profond de notre mission.<\/p><p><strong>Offres d&#8217;emploi actuelles :<\/strong><\/p>\t\t\t\t\t<\/div>\n\t\t\t\t\t\t<\/div>\n\t\t\t\t<\/div>\n\t\t\t\t\t\t<\/div>\n\t\t\t\t\t<\/div>\n\t\t<\/div>\n\t\t\t\t\t\t\t\t<\/div>\n\t\t\t\t\t<\/div>\n\t\t<\/section>\n\t\t\t\t<section class=\"elementor-section elementor-top-section elementor-element elementor-element-c9fca7a elementor-section-boxed elementor-section-height-default elementor-section-height-default\" data-id=\"c9fca7a\" data-element_type=\"section\">\n\t\t\t\t\t\t<div class=\"elementor-container elementor-column-gap-default\">\n\t\t\t\t\t\t\t<div class=\"elementor-row\">\n\t\t\t\t\t<div class=\"elementor-column elementor-col-50 elementor-top-column elementor-element elementor-element-851f3d3\" data-id=\"851f3d3\" data-element_type=\"column\">\n\t\t\t<div class=\"elementor-column-wrap elementor-element-populated\">\n\t\t\t\t\t\t\t<div class=\"elementor-widget-wrap\">\n\t\t\t\t\t\t<div class=\"elementor-element elementor-element-0338b22 elementor-align-center elementor-widget elementor-widget-button\" data-id=\"0338b22\" data-element_type=\"widget\" data-widget_type=\"button.default\">\n\t\t\t\t<div class=\"elementor-widget-container\">\n\t\t\t\t\t<div class=\"elementor-button-wrapper\">\n\t\t\t<a href=\"https:\/\/acrobat.adobe.com\/id\/urn:aaid:sc:US:b686f582-d5f5-409f-9114-e565686d415f\" class=\"elementor-button-link elementor-button elementor-size-lg\" role=\"button\">\n\t\t\t\t\t\t<span class=\"elementor-button-content-wrapper\">\n\t\t\t\t\t\t<span class=\"elementor-button-text\">Coordonnateur(trice) du d\u00e9veloppement philanthropique<\/span>\n\t\t<\/span>\n\t\t\t\t\t<\/a>\n\t\t<\/div>\n\t\t\t\t<\/div>\n\t\t\t\t<\/div>\n\t\t\t\t\t\t<\/div>\n\t\t\t\t\t<\/div>\n\t\t<\/div>\n\t\t\t\t<div class=\"elementor-column elementor-col-50 elementor-top-column elementor-element elementor-element-7d49008\" data-id=\"7d49008\" data-element_type=\"column\">\n\t\t\t<div class=\"elementor-column-wrap elementor-element-populated\">\n\t\t\t\t\t\t\t<div class=\"elementor-widget-wrap\">\n\t\t\t\t\t\t<div class=\"elementor-element elementor-element-0c64a1d elementor-align-center elementor-widget elementor-widget-button\" data-id=\"0c64a1d\" data-element_type=\"widget\" data-widget_type=\"button.default\">\n\t\t\t\t<div class=\"elementor-widget-container\">\n\t\t\t\t\t<div class=\"elementor-button-wrapper\">\n\t\t\t<a href=\"https:\/\/acrobat.adobe.com\/id\/urn:aaid:sc:US:8fbf0bc1-7cc7-4954-b6bc-fd39da9779bc\" class=\"elementor-button-link elementor-button elementor-size-lg\" role=\"button\">\n\t\t\t\t\t\t<span class=\"elementor-button-content-wrapper\">\n\t\t\t\t\t\t<span class=\"elementor-button-text\">Administrateur(trice) du site web<\/span>\n\t\t<\/span>\n\t\t\t\t\t<\/a>\n\t\t<\/div>\n\t\t\t\t<\/div>\n\t\t\t\t<\/div>\n\t\t\t\t\t\t<\/div>\n\t\t\t\t\t<\/div>\n\t\t<\/div>\n\t\t\t\t\t\t\t\t<\/div>\n\t\t\t\t\t<\/div>\n\t\t<\/section>\n\t\t\t\t<section class=\"elementor-section elementor-top-section elementor-element elementor-element-1963d90 elementor-section-boxed elementor-section-height-default elementor-section-height-default\" data-id=\"1963d90\" data-element_type=\"section\">\n\t\t\t\t\t\t<div class=\"elementor-container elementor-column-gap-default\">\n\t\t\t\t\t\t\t<div class=\"elementor-row\">\n\t\t\t\t\t<div class=\"elementor-column elementor-col-100 elementor-top-column elementor-element elementor-element-2e781ce\" data-id=\"2e781ce\" data-element_type=\"column\">\n\t\t\t<div class=\"elementor-column-wrap elementor-element-populated\">\n\t\t\t\t\t\t\t<div class=\"elementor-widget-wrap\">\n\t\t\t\t\t\t<div class=\"elementor-element elementor-element-6932ddc elementor-widget elementor-widget-text-editor\" data-id=\"6932ddc\" data-element_type=\"widget\" data-widget_type=\"text-editor.default\">\n\t\t\t\t<div class=\"elementor-widget-container\">\n\t\t\t\t\t\t\t\t<div class=\"elementor-text-editor elementor-clearfix\">\n\t\t\t\t<p><strong>Ce qui nous distingue :\u00a0<\/strong><\/p><p>-Un \u00e9quilibre entre flexibilit\u00e9 et responsabilit\u00e9<br \/>-Des attentes claires, une visibilit\u00e9 partag\u00e9e et une v\u00e9ritable collaboration<br \/>-L&#8217;autonomie est r\u00e9elle, tout comme la responsabilit\u00e9 <br \/>-Le retour d&#8217;information est continu, pas seulement une fois par an<br \/>-Nous appr\u00e9cions les personnes qui font avancer les choses et qui ont un excellent esprit d&#8217;\u00e9quipe<br \/>-Une flexibilit\u00e9 r\u00e9fl\u00e9chie, adapt\u00e9e aux besoins et aux r\u00f4les<br \/>-Une \u00e9quipe qui valorise \u00e0 la fois l&#8217;impact et le plaisir du travail lui-m\u00eame<br \/>-Nous nous organisons pour avoir un impact<\/p><p>Nous sommes une petite organisation, ce qui signifie que les choses \u00e9voluent<br \/>Nous privil\u00e9gions l&#8217;agilit\u00e9, avec maturit\u00e9 et esprit de r\u00e9solution des probl\u00e8mes<br \/>Chacun contribue \u00e0 am\u00e9liorer notre fa\u00e7on de travailler<br \/>Qu&#8217;il s&#8217;agisse de mettre en \u0153uvre des programmes, de communiquer, de soutenir les \u00e9ducateurs ou de nouer des partenariats, chaque r\u00f4le contribue directement \u00e0 aider les enfants \u00e0 d\u00e9couvrir la lecture d\u00e8s leur plus jeune \u00e2ge \u2014 et \u00e0 renforcer ainsi les communaut\u00e9s !<\/p><p><strong>Ce que nous recherchons<\/strong><\/p><p>Des personnes fiables, proactives et r\u00e9fl\u00e9chies<br \/>Des collaborateurs solides qui comprennent l&#8217;impact du travail d&#8217;\u00e9quipe<br \/>Une aisance face \u00e0 l&#8217;ambigu\u00eft\u00e9 et aux environnements en constante \u00e9volution<br \/>Un int\u00e9r\u00eat sinc\u00e8re pour l&#8217;impact sur la communaut\u00e9 et l&#8217;alphab\u00e9tisation pr\u00e9coce<\/p>\t\t\t\t\t<\/div>\n\t\t\t\t\t\t<\/div>\n\t\t\t\t<\/div>\n\t\t\t\t\t\t<\/div>\n\t\t\t\t\t<\/div>\n\t\t<\/div>\n\t\t\t\t\t\t\t\t<\/div>\n\t\t\t\t\t<\/div>\n\t\t<\/section>\n\t\t\t\t<section class=\"elementor-section elementor-top-section elementor-element elementor-element-7905f33 elementor-section-boxed elementor-section-height-default elementor-section-height-default\" data-id=\"7905f33\" data-element_type=\"section\">\n\t\t\t\t\t\t<div class=\"elementor-container elementor-column-gap-default\">\n\t\t\t\t\t\t\t<div class=\"elementor-row\">\n\t\t\t\t\t<div class=\"elementor-column elementor-col-100 elementor-top-column elementor-element elementor-element-c6387ee\" data-id=\"c6387ee\" data-element_type=\"column\">\n\t\t\t<div class=\"elementor-column-wrap elementor-element-populated\">\n\t\t\t\t\t\t\t<div class=\"elementor-widget-wrap\">\n\t\t\t\t\t\t<div class=\"elementor-element elementor-element-f3cd45b elementor-widget elementor-widget-spacer\" data-id=\"f3cd45b\" data-element_type=\"widget\" data-widget_type=\"spacer.default\">\n\t\t\t\t<div class=\"elementor-widget-container\">\n\t\t\t\t\t<div class=\"elementor-spacer\">\n\t\t\t<div class=\"elementor-spacer-inner\"><\/div>\n\t\t<\/div>\n\t\t\t\t<\/div>\n\t\t\t\t<\/div>\n\t\t\t\t<div class=\"elementor-element elementor-element-86af02c elementor-widget elementor-widget-text-editor\" data-id=\"86af02c\" data-element_type=\"widget\" data-widget_type=\"text-editor.default\">\n\t\t\t\t<div class=\"elementor-widget-container\">\n\t\t\t\t\t\t\t\t<div class=\"elementor-text-editor elementor-clearfix\">\n\t\t\t\t<p>Pour postuler, envoyez votre CV \u00e0 communications@minibiblioplus.org<\/p>\t\t\t\t\t<\/div>\n\t\t\t\t\t\t<\/div>\n\t\t\t\t<\/div>\n\t\t\t\t\t\t<\/div>\n\t\t\t\t\t<\/div>\n\t\t<\/div>\n\t\t\t\t\t\t\t\t<\/div>\n\t\t\t\t\t<\/div>\n\t\t<\/section>\n\t\t\t\t\t\t<\/div>\n\t\t\t\t\t\t<\/div>\n\t\t\t\t\t<\/div>\n\t\t","protected":false},"excerpt":{"rendered":"<p>Pourquoi rejoindre Fraser-Hickson Rejoignez-nous !\u00c0 l\u2019Institut Fraser-Hickson, nous croyons au pouvoir de l\u2019alphab\u00e9tisation pr\u00e9coce pour fa\u00e7onner des vies. Gr\u00e2ce \u00e0 nos programmes, nous offrons des livres, des histoires et des occasions d\u2019apprentissage aux enfants, aux familles et aux garderies partout au Qu\u00e9bec. Nous sommes une petite \u00e9quipe d\u00e9vou\u00e9e qui construit quelque chose d\u2019important, de mani\u00e8re r\u00e9fl\u00e9chie, collaborative et avec un sens profond de notre mission. Offres d&#8217;emploi actuelles : Coordonnateur(trice) du d\u00e9veloppement philanthropique Administrateur(trice) du site web Ce qui nous&hellip;<\/p>\n","protected":false},"author":1,"featured_media":0,"parent":0,"menu_order":0,"comment_status":"closed","ping_status":"closed","template":"","meta":{"om_disable_all_campaigns":false,"_monsterinsights_skip_tracking":false,"_monsterinsights_sitenote_active":false,"_monsterinsights_sitenote_note":"","_monsterinsights_sitenote_category":0},"aioseo_notices":[],"_links":{"self":[{"href":"https:\/\/www.minibiblioplus.org\/index.php\/wp-json\/wp\/v2\/pages\/7838"}],"collection":[{"href":"https:\/\/www.minibiblioplus.org\/index.php\/wp-json\/wp\/v2\/pages"}],"about":[{"href":"https:\/\/www.minibiblioplus.org\/index.php\/wp-json\/wp\/v2\/types\/page"}],"author":[{"embeddable":true,"href":"https:\/\/www.minibiblioplus.org\/index.php\/wp-json\/wp\/v2\/users\/1"}],"replies":[{"embeddable":true,"href":"https:\/\/www.minibiblioplus.org\/index.php\/wp-json\/wp\/v2\/comments?post=7838"}],"version-history":[{"count":27,"href":"https:\/\/www.minibiblioplus.org\/index.php\/wp-json\/wp\/v2\/pages\/7838\/revisions"}],"predecessor-version":[{"id":7892,"href":"https:\/\/www.minibiblioplus.org\/index.php\/wp-json\/wp\/v2\/pages\/7838\/revisions\/7892"}],"wp:attachment":[{"href":"https:\/\/www.minibiblioplus.org\/index.php\/wp-json\/wp\/v2\/media?parent=7838"}],"curies":[{"name":"wp","href":"https:\/\/api.w.org\/{rel}","templated":true}]}}